{"id":4655,"date":"2021-06-02T19:03:47","date_gmt":"2021-06-02T17:03:47","guid":{"rendered":"https:\/\/www.pacocinillas.es\/tienda\/?post_type=product&#038;p=4655"},"modified":"2026-04-02T11:59:23","modified_gmt":"2026-04-02T09:59:23","slug":"minipalet-carbon-encina-4kg","status":"publish","type":"product","link":"https:\/\/www.pacocinillas.es\/tienda\/producto\/minipalet-carbon-encina-4kg\/","title":{"rendered":"Minipalet carb\u00f3n ENCINA 4Kg. (56 sacos)"},"content":{"rendered":"<div class=\"wpb-content-wrapper\"><p>[vc_row][vc_column][vc_column_text]<\/p>\n<p class=\"p1\">El aroma \u00fanico del Carb\u00f3n de Encina Todobrasa, se logra gracias a su elaboraci\u00f3n artesanal con tallos finos de le\u00f1a de encina, procedente de podas y limpiezas controladas de montes y bosques.<\/p>\n<p class=\"p1\">Un extraordinario carb\u00f3n hecho para que cocines c\u00f3modamente tus alimentos a la parrilla y sientas su delicado aroma en estado puro. Te va a encantar por su facilidad para encender y larga duraci\u00f3n sin chispas.<\/p>\n<p class=\"p1\">Conseguir\u00e1s asados ricos y sabrosos como te mereces.<\/p>\n<p class=\"p1\">Dale un aroma especial a tus platos. \u00a1Triunfar\u00e1s!<\/p>\n<p>[\/vc_column_text][vc_single_image image=\u00bb4604&#8243; img_size=\u00bbfull\u00bb alignment=\u00bbcenter\u00bb][vc_single_image image=\u00bb2687&#8243; img_size=\u00bbfull\u00bb alignment=\u00bbcenter\u00bb][\/vc_column][\/vc_row]<\/p>\n<\/div>","protected":false},"excerpt":{"rendered":"<p class=\"p1\">El aroma \u00fanico del Carb\u00f3n de Encina Todobrasa, se logra gracias a su elaboraci\u00f3n artesanal con tallos finos de le\u00f1a de encina, procedente de podas y limpiezas controladas de montes y bosques.<\/p>\n<p>Plazo entrega:\u00a0 <span style=\"color: #800000;\"><strong>3-5 d\u00edas laborables. Env\u00edo incluido en Pen\u00ednsula.<\/strong><\/span><\/p>\n<p>Uso particular y profesional.<\/p>\n<p><strong>Cantidad: <\/strong>56\u00a0sacos<strong><br \/>\nPeso del saco:<\/strong> 4 Kg.<br \/>\n<strong>Formato:<\/strong> Minipalet<\/p>\n","protected":false},"featured_media":8595,"comment_status":"closed","ping_status":"closed","template":"","meta":[],"product_brand":[],"product_cat":[162],"product_tag":[],"class_list":{"0":"post-4655","1":"product","2":"type-product","3":"status-publish","4":"has-post-thumbnail","6":"product_cat-minipalets","8":"first","9":"instock","10":"taxable","11":"shipping-taxable","12":"purchasable","13":"product-type-simple"},"_links":{"self":[{"href":"https:\/\/www.pacocinillas.es\/tienda\/wp-json\/wp\/v2\/product\/4655","targetHints":{"allow":["GET"]}}],"collection":[{"href":"https:\/\/www.pacocinillas.es\/tienda\/wp-json\/wp\/v2\/product"}],"about":[{"href":"https:\/\/www.pacocinillas.es\/tienda\/wp-json\/wp\/v2\/types\/product"}],"replies":[{"embeddable":true,"href":"https:\/\/www.pacocinillas.es\/tienda\/wp-json\/wp\/v2\/comments?post=4655"}],"wp:featuredmedia":[{"embeddable":true,"href":"https:\/\/www.pacocinillas.es\/tienda\/wp-json\/wp\/v2\/media\/8595"}],"wp:attachment":[{"href":"https:\/\/www.pacocinillas.es\/tienda\/wp-json\/wp\/v2\/media?parent=4655"}],"wp:term":[{"taxonomy":"product_brand","embeddable":true,"href":"https:\/\/www.pacocinillas.es\/tienda\/wp-json\/wp\/v2\/product_brand?post=4655"},{"taxonomy":"product_cat","embeddable":true,"href":"https:\/\/www.pacocinillas.es\/tienda\/wp-json\/wp\/v2\/product_cat?post=4655"},{"taxonomy":"product_tag","embeddable":true,"href":"https:\/\/www.pacocinillas.es\/tienda\/wp-json\/wp\/v2\/product_tag?post=4655"}],"curies":[{"name":"wp","href":"https:\/\/api.w.org\/{rel}","templated":true}]}}