{"id":4613,"date":"2021-06-01T09:41:45","date_gmt":"2021-06-01T07:41:45","guid":{"rendered":"https:\/\/www.pacocinillas.es\/tienda\/?post_type=product&#038;p=4613"},"modified":"2026-01-18T10:21:36","modified_gmt":"2026-01-18T08:21:36","slug":"pack-4-sacos-carbon-especial-hornos-y-kamados","status":"publish","type":"product","link":"https:\/\/www.pacocinillas.es\/tienda\/producto\/pack-4-sacos-carbon-especial-hornos-y-kamados\/","title":{"rendered":"Pack 4 sacos carb\u00f3n especial HORNOS y KAMADOS"},"content":{"rendered":"<div class=\"wpb-content-wrapper\"><p>[vc_row][vc_column][vc_column_text]<\/p>\n<p class=\"p1\">\u00bfEres todo un profesional de la barbacoa? \u00bfDispones de un horno o un kamado? \u00bfDisfrutas de cocinar a la parrilla?<\/p>\n<p class=\"p1\">Si la respuesta es \u201cs\u00ed\u201d, entonces el carb\u00f3n que encontrar\u00e1s dentro de esta bolsa de papel es para ti.<\/p>\n<p class=\"p1\">Un carb\u00f3n de madera dura, ideal para los m\u00e1s exigentes, que genera escasas cenizas y humo, aportando a tu comida un sabor \u00fanico inmejorable durante m\u00e1s tiempo.<\/p>\n<p class=\"p1\">Sea cual sea tu preferencia a la hora de cocinar a la brasa, disfruta de una aut\u00e9ntica barbacoa profesional con nuestro<\/p>\n<p class=\"p1\">Carb\u00f3n Vegetal Especial para Hornos y Kamados. \u00a1Triunfar\u00e1s!<\/p>\n<p>[\/vc_column_text][vc_single_image image=\u00bb4604&#8243; img_size=\u00bbfull\u00bb alignment=\u00bbcenter\u00bb][vc_single_image image=\u00bb2687&#8243; img_size=\u00bbfull\u00bb alignment=\u00bbcenter\u00bb][\/vc_column][\/vc_row]<\/p>\n<\/div>","protected":false},"excerpt":{"rendered":"<p><span style=\"color: #993300;\"><strong>NOVEDAD<\/strong><\/span> Carb\u00f3n especialmente indicado para <strong>hornos y kamados<\/strong>.<\/p>\n<p>Plazo entrega: <span style=\"color: #800000;\"><strong>\u00a02-3 d\u00edas laborables. Env\u00edo incluido<\/strong><\/span><\/p>\n<p>Uso particular y profesional.<\/p>\n<p><strong>Peso del saco:<\/strong> 7 Kg.<\/p>\n","protected":false},"featured_media":4622,"comment_status":"closed","ping_status":"closed","template":"","meta":[],"product_brand":[],"product_cat":[73],"product_tag":[],"class_list":{"0":"post-4613","1":"product","2":"type-product","3":"status-publish","4":"has-post-thumbnail","6":"product_cat-pacocinillas","8":"first","9":"instock","10":"taxable","11":"shipping-taxable","12":"purchasable","13":"product-type-simple"},"_links":{"self":[{"href":"https:\/\/www.pacocinillas.es\/tienda\/wp-json\/wp\/v2\/product\/4613","targetHints":{"allow":["GET"]}}],"collection":[{"href":"https:\/\/www.pacocinillas.es\/tienda\/wp-json\/wp\/v2\/product"}],"about":[{"href":"https:\/\/www.pacocinillas.es\/tienda\/wp-json\/wp\/v2\/types\/product"}],"replies":[{"embeddable":true,"href":"https:\/\/www.pacocinillas.es\/tienda\/wp-json\/wp\/v2\/comments?post=4613"}],"wp:featuredmedia":[{"embeddable":true,"href":"https:\/\/www.pacocinillas.es\/tienda\/wp-json\/wp\/v2\/media\/4622"}],"wp:attachment":[{"href":"https:\/\/www.pacocinillas.es\/tienda\/wp-json\/wp\/v2\/media?parent=4613"}],"wp:term":[{"taxonomy":"product_brand","embeddable":true,"href":"https:\/\/www.pacocinillas.es\/tienda\/wp-json\/wp\/v2\/product_brand?post=4613"},{"taxonomy":"product_cat","embeddable":true,"href":"https:\/\/www.pacocinillas.es\/tienda\/wp-json\/wp\/v2\/product_cat?post=4613"},{"taxonomy":"product_tag","embeddable":true,"href":"https:\/\/www.pacocinillas.es\/tienda\/wp-json\/wp\/v2\/product_tag?post=4613"}],"curies":[{"name":"wp","href":"https:\/\/api.w.org\/{rel}","templated":true}]}}