{"id":4603,"date":"2021-05-29T10:08:48","date_gmt":"2021-05-29T08:08:48","guid":{"rendered":"https:\/\/www.pacocinillas.es\/tienda\/?post_type=product&#038;p=4603"},"modified":"2023-03-13T13:09:30","modified_gmt":"2023-03-13T11:09:30","slug":"pack-2-sacos-everest","status":"publish","type":"product","link":"https:\/\/www.pacocinillas.es\/tienda\/producto\/pack-2-sacos-everest\/","title":{"rendered":"Pack 2 sacos carb\u00f3n EVEREST 12Kg."},"content":{"rendered":"<div class=\"wpb-content-wrapper\"><p>[vc_row][vc_column][vc_column_text]<\/p>\n<p class=\"p1\">El Carb\u00f3n Everest Todobrasa es ideal para todo aquel que pretende escalar a la cumbre de la cocina a la brasa. Est\u00e1 especialmente indicado para cocinar todo tipo de alimentos con un toque profesional.<\/p>\n<p class=\"p1\">Un carb\u00f3n limpio y de alto rendimiento que elevar\u00e1 tus asados a otro nivel. Adem\u00e1s te durar\u00e1 mucho m\u00e1s tiempo, por lo que no tendr\u00e1s que a\u00f1adir m\u00e1s del necesario. La cima no significa nada, el carb\u00f3n todo.<\/p>\n<p class=\"p1\">Descubre el aroma original del carb\u00f3n. \u00a1Triunfar\u00e1s!<\/p>\n<p>[\/vc_column_text][vc_single_image image=\u00bb4604&#8243; img_size=\u00bbfull\u00bb alignment=\u00bbcenter\u00bb][vc_single_image image=\u00bb2687&#8243; img_size=\u00bbfull\u00bb alignment=\u00bbcenter\u00bb][\/vc_column][\/vc_row]<\/p>\n<\/div>","protected":false},"excerpt":{"rendered":"<p>El aroma original. Especial para su uso gourmet en restaurantes y parrillas. M\u00e1xima calidad y durabilidad demostrada.<\/p>\n<p>El carb\u00f3n Everest Todobrasa es m\u00e1s que carb\u00f3n.<\/p>\n<p>Plazo entrega: <span style=\"color: #800000;\"><strong>\u00a02-3 d\u00edas laborables. Env\u00edo incluido<\/strong><\/span><\/p>\n<p>Uso particular y profesional.<\/p>\n<p><strong>Peso del saco:<\/strong> 12 Kg.<\/p>\n","protected":false},"featured_media":4605,"comment_status":"closed","ping_status":"closed","template":"","meta":[],"product_brand":[],"product_cat":[105],"product_tag":[],"class_list":{"0":"post-4603","1":"product","2":"type-product","3":"status-publish","4":"has-post-thumbnail","6":"product_cat-todobrasa","8":"first","9":"instock","10":"taxable","11":"shipping-taxable","12":"purchasable","13":"product-type-simple"},"_links":{"self":[{"href":"https:\/\/www.pacocinillas.es\/tienda\/wp-json\/wp\/v2\/product\/4603","targetHints":{"allow":["GET"]}}],"collection":[{"href":"https:\/\/www.pacocinillas.es\/tienda\/wp-json\/wp\/v2\/product"}],"about":[{"href":"https:\/\/www.pacocinillas.es\/tienda\/wp-json\/wp\/v2\/types\/product"}],"replies":[{"embeddable":true,"href":"https:\/\/www.pacocinillas.es\/tienda\/wp-json\/wp\/v2\/comments?post=4603"}],"wp:featuredmedia":[{"embeddable":true,"href":"https:\/\/www.pacocinillas.es\/tienda\/wp-json\/wp\/v2\/media\/4605"}],"wp:attachment":[{"href":"https:\/\/www.pacocinillas.es\/tienda\/wp-json\/wp\/v2\/media?parent=4603"}],"wp:term":[{"taxonomy":"product_brand","embeddable":true,"href":"https:\/\/www.pacocinillas.es\/tienda\/wp-json\/wp\/v2\/product_brand?post=4603"},{"taxonomy":"product_cat","embeddable":true,"href":"https:\/\/www.pacocinillas.es\/tienda\/wp-json\/wp\/v2\/product_cat?post=4603"},{"taxonomy":"product_tag","embeddable":true,"href":"https:\/\/www.pacocinillas.es\/tienda\/wp-json\/wp\/v2\/product_tag?post=4603"}],"curies":[{"name":"wp","href":"https:\/\/api.w.org\/{rel}","templated":true}]}}