{"id":4567,"date":"2021-05-09T12:24:04","date_gmt":"2021-05-09T10:24:04","guid":{"rendered":"https:\/\/www.pacocinillas.es\/tienda\/?post_type=product&#038;p=4567"},"modified":"2024-07-01T00:15:12","modified_gmt":"2024-06-30T22:15:12","slug":"comper-s","status":"publish","type":"product","link":"https:\/\/www.pacocinillas.es\/tienda\/producto\/comper-s\/","title":{"rendered":"COMPER S"},"content":{"rendered":"<div class=\"wpb-content-wrapper\"><p>[vc_row][vc_column][vc_column_text]Horno ahumador con conducci\u00f3n por gravedad, operado con carb\u00f3n y madera para ahumar.<\/p>\n<p>Hecho a mano en acero, calentamiento r\u00e1pido, para lograr resultados efectivos en t\u00e9rminos y cocci\u00f3n.<\/p>\n<p>\u2013 De uso privado.<\/p>\n<p>\u2013 Ideal para disfrutar en reuniones o para usarlo en competiciones de equipo.<\/p>\n<p>\u2013 Proporciona resultados en solo 4 horas para un Brisket y de 2 a 2\u00bd para costillas de cerdo.<\/p>\n<p>\u2013 Es excelente para ahumar Brisket, costillas de cerdo, costillas de res, pollo, pavo, etc.<\/p>\n<p>\u2013 Dise\u00f1ado para operar en exteriores.<\/p>\n<p>\u2013 Rango de temperatura de funcionamiento ideal entre: 135-145 \u00b0 C (275-293 \u00b0 F).<\/p>\n<p>-Tambi\u00e9n se puede ahumar con temperaturas por debajo de 0 a 120 \u00b0 C (248 \u00b0 F) o incluso a 80 \u00b0 C (176 \u00b0 F) para ahumar pescado.<\/p>\n<p>\u2013 Es f\u00e1cil de limpiar.<\/p>\n<p>-Sistema de retenci\u00f3n de grasas, sirve para evitar olores y sabores no deseados durante el proceso de ahumado.<\/p>\n<p>\u2013 Opera con una trampa de agua en la parte inferior para recibir los jugos expulsados \u200b\u200bpor los cortes y as\u00ed facilitar la limpieza al final del proceso de ahumado.<\/p>\n<p>\u2013 Dise\u00f1o de la tapa superior del ahumador, fabricado en \u00e1ngulo para atrapar todo el agua condensada.<\/p>\n<p>\u2013 Sistema de drenaje f\u00e1cil para l\u00edquidos.<\/p>\n<p>\u2013 Sistema innovador de toma de aire, que facilita la circulaci\u00f3n de aire alrededor de la canasta de carb\u00f3n y madera.<\/p>\n<p>\u2013 V\u00e1lvula regulable para toma de aire.<\/p>\n<p>\u2013 Dos (2) ganchos para facilitar la colocaci\u00f3n de la canasta de carb\u00f3n y madera en la parte inferior del ahumador.<\/p>\n<p>\u2013 Secci\u00f3n de cocci\u00f3n con capacidad para dos (2) parrillas para cortes planos y una (1) parrilla para cortes m\u00e1s grandes.<\/p>\n<p>\u2013 Dos (2) barras para colgar cortes.<\/p>\n<p>\u2013 Cuatro (4) neum\u00e1ticos rotativos con frenos.<\/p>\n<p>\u2013 Un (1) regulador de chimenea.<\/p>\n<p>\u2013 Un (1) acceso para term\u00f3metro digital.<\/p>\n<p>\u2013 Un (1) medidor de temperatura anal\u00f3gico con lecturas en C \u00b0 \/ F<\/p>\n<p>\u2013 Asas para facilitar el empuje.<\/p>\n<p>\u2013 Disponibilidad de superficies publicitarias para nombres de restaurantes o para equipos de competici\u00f3n.<\/p>\n<p>Mediciones:<\/p>\n<p>\u2013 Tama\u00f1o total (ancho x alto x profundidad): 800 X 800 X 1400 mm<\/p>\n<p>\u2013 Tama\u00f1o de la parrilla: 50X 50 mm.<\/p>\n<p>\u2013 Peso: 100 Kg.<\/p>\n<p>Garant\u00eda del producto: 2 A\u00f1os<br \/>\n<strong>Producto hecho en Hungr\u00eda.<\/strong><br \/>\n<img loading=\"lazy\" decoding=\"async\" class=\"alignleft size-full wp-image-4491\" src=\"https:\/\/www.pacocinillas.es\/tienda\/wp-content\/uploads\/2021\/03\/hungary.jpg\" alt=\"\" width=\"150\" height=\"117\" \/>[\/vc_column_text][\/vc_column][\/vc_row][vc_row][vc_column][vc_video link=\u00bbhttps:\/\/www.youtube.com\/watch?v=CN2ra5gtbeg\u00bb align=\u00bbcenter\u00bb][\/vc_column][\/vc_row]<\/p>\n<\/div>","protected":false},"excerpt":{"rendered":"<p>Novedoso horno ahumador de la l\u00ednea <strong>Comper<\/strong> de\u00a0BBQ PIT BOX, de conducci\u00f3n de humo por gravedad, operado con carb\u00f3n y madera para ahumar.<br \/>\nHecho a mano en acero, calentamiento r\u00e1pido, para lograr resultados efectivos y r\u00e1pidos en los t\u00e9rminos y cocci\u00f3n.<\/p>\n<p><strong>*Consulte las opciones de env\u00edo.<\/strong><\/p>\n<p>&nbsp;<\/p>\n<p><img loading=\"lazy\" decoding=\"async\" class=\"alignleft wp-image-4485 size-thumbnail\" src=\"https:\/\/www.pacocinillas.es\/tienda\/wp-content\/uploads\/2021\/03\/BBQ-PIT-BOX-LOGO-150x150.jpg\" alt=\"\" width=\"150\" height=\"150\" srcset=\"https:\/\/www.pacocinillas.es\/tienda\/wp-content\/uploads\/2021\/03\/BBQ-PIT-BOX-LOGO-150x150.jpg 150w, https:\/\/www.pacocinillas.es\/tienda\/wp-content\/uploads\/2021\/03\/BBQ-PIT-BOX-LOGO-100x100.jpg 100w\" sizes=\"auto, (max-width: 150px) 100vw, 150px\" \/><\/p>\n","protected":false},"featured_media":4568,"comment_status":"closed","ping_status":"closed","template":"","meta":[],"product_brand":[],"product_cat":[73],"product_tag":[],"class_list":{"0":"post-4567","1":"product","2":"type-product","3":"status-publish","4":"has-post-thumbnail","6":"product_cat-pacocinillas","8":"first","9":"onbackorder","10":"taxable","11":"shipping-taxable","12":"purchasable","13":"product-type-simple"},"_links":{"self":[{"href":"https:\/\/www.pacocinillas.es\/tienda\/wp-json\/wp\/v2\/product\/4567","targetHints":{"allow":["GET"]}}],"collection":[{"href":"https:\/\/www.pacocinillas.es\/tienda\/wp-json\/wp\/v2\/product"}],"about":[{"href":"https:\/\/www.pacocinillas.es\/tienda\/wp-json\/wp\/v2\/types\/product"}],"replies":[{"embeddable":true,"href":"https:\/\/www.pacocinillas.es\/tienda\/wp-json\/wp\/v2\/comments?post=4567"}],"wp:featuredmedia":[{"embeddable":true,"href":"https:\/\/www.pacocinillas.es\/tienda\/wp-json\/wp\/v2\/media\/4568"}],"wp:attachment":[{"href":"https:\/\/www.pacocinillas.es\/tienda\/wp-json\/wp\/v2\/media?parent=4567"}],"wp:term":[{"taxonomy":"product_brand","embeddable":true,"href":"https:\/\/www.pacocinillas.es\/tienda\/wp-json\/wp\/v2\/product_brand?post=4567"},{"taxonomy":"product_cat","embeddable":true,"href":"https:\/\/www.pacocinillas.es\/tienda\/wp-json\/wp\/v2\/product_cat?post=4567"},{"taxonomy":"product_tag","embeddable":true,"href":"https:\/\/www.pacocinillas.es\/tienda\/wp-json\/wp\/v2\/product_tag?post=4567"}],"curies":[{"name":"wp","href":"https:\/\/api.w.org\/{rel}","templated":true}]}}