{"id":4543,"date":"2021-04-16T14:55:07","date_gmt":"2021-04-16T12:55:07","guid":{"rendered":"https:\/\/www.pacocinillas.es\/tienda\/?post_type=product&#038;p=4543"},"modified":"2025-12-31T21:22:14","modified_gmt":"2025-12-31T19:22:14","slug":"barbacoa-ahumador-gravity-series-1050","status":"publish","type":"product","link":"https:\/\/www.pacocinillas.es\/tienda\/producto\/barbacoa-ahumador-gravity-series-1050\/","title":{"rendered":"Barbacoa ahumador Gravity Series 1050"},"content":{"rendered":"<div class=\"wpb-content-wrapper\"><p>[vc_row][vc_column][vc_column_text]<\/p>\n<ul>\n<li class=\"x_MsoListParagraph\">Alcanza 110\u00b0 F en 10 minutos o 350\u00b0 F en 15 minutos<\/li>\n<li class=\"x_MsoListParagraph\">Controle la temperatura y el tiempo de cocci\u00f3n con el panel de control digital o con el control de dispositivo inteligente mediante WiFi o Bluetooth<\/li>\n<li class=\"x_MsoListParagraph\">DigitalFan \u2122 para un control preciso de la temperatura<\/li>\n<li class=\"x_MsoListParagraph\">La tolva GravityFed \u2122 tiene capacidad para 10 libras.\u00a0de carb\u00f3n en trozos o 16 libras.\u00a0de briquetas para hasta 8 horas de uso<\/li>\n<li class=\"x_MsoListParagraph\">C\u00f3modo almacenamiento de cable plegable en la parte posterior del estante lateral para evitar p\u00e9rdidas o da\u00f1os en la fuente de alimentaci\u00f3n<\/li>\n<li class=\"x_MsoListParagraph\">Estante plegable de acero inoxidable y estante lateral de acero inoxidable para mayor espacio de preparaci\u00f3n<\/li>\n<li class=\"x_MsoListParagraph\">Medidor de temperatura incorporado y term\u00f3metro de sonda para carne para obtener resultados perfectos en todo momento<\/li>\n<li class=\"x_MsoListParagraph\">Incluye rejillas reversibles de hierro fundido para ahumado y dorado para ahumado bajo y lento o quemado a alta temperatura<\/li>\n<\/ul>\n<p>[\/vc_column_text][\/vc_column][\/vc_row][vc_row][vc_column][vc_video link=\u00bbhttps:\/\/www.youtube.com\/watch?v=MsoNHMc9Uto\u00bb align=\u00bbcenter\u00bb][\/vc_column][\/vc_row]<\/p>\n<\/div>","protected":false},"excerpt":{"rendered":"<p>Con la parrilla + ahumador de carb\u00f3n digital <strong>Gravity Series \u2122 1050<\/strong> de Masterbuilt, puede ahumar, asar, dorar, hornear, asar y mucho m\u00e1s.\u00a0Fije la temperatura en el panel de control digital o en su dispositivo inteligente y el DigitalFan \u2122 mantiene la temperatura de cocci\u00f3n deseada.\u00a0La tolva de carb\u00f3n GravityFed \u2122 tiene capacidad para 8 horas de carb\u00f3n y la gravedad asegura que tenga combustible constante para el fuego.\u00a0Las rejillas reversibles de hierro fundido para ahumado + dorado y las parrillas para calentar + ahumado FoldAway \u2122 suman un total de 1050 pulgadas cuadradas de espacio para cocinar.<\/p>\n<p>Domina el arte de asar y ahumar con carb\u00f3n vegetal con <strong>Masterbuilt.<\/strong><\/p>\n<p><img loading=\"lazy\" decoding=\"async\" class=\"alignleft size-full wp-image-4400\" src=\"https:\/\/www.pacocinillas.es\/tienda\/wp-content\/uploads\/2020\/09\/ENVIOGRATIS.jpg\" alt=\"\" width=\"200\" height=\"81\" \/><\/p>\n<p>&nbsp;<\/p>\n<p>&nbsp;<\/p>\n<p>&nbsp;<\/p>\n<p><img loading=\"lazy\" decoding=\"async\" class=\"alignleft wp-image-4541 size-medium\" src=\"https:\/\/www.pacocinillas.es\/tienda\/wp-content\/uploads\/2021\/04\/masterbuilt_dealer-300x78.jpg\" alt=\"\" width=\"300\" height=\"78\" srcset=\"https:\/\/www.pacocinillas.es\/tienda\/wp-content\/uploads\/2021\/04\/masterbuilt_dealer-300x78.jpg 300w, https:\/\/www.pacocinillas.es\/tienda\/wp-content\/uploads\/2021\/04\/masterbuilt_dealer.jpg 550w\" sizes=\"auto, (max-width: 300px) 100vw, 300px\" \/><\/p>\n","protected":false},"featured_media":4544,"comment_status":"closed","ping_status":"closed","template":"","meta":[],"product_brand":[],"product_cat":[112],"product_tag":[],"class_list":{"0":"post-4543","1":"product","2":"type-product","3":"status-publish","4":"has-post-thumbnail","6":"product_cat-masterbuilt","8":"first","9":"instock","10":"taxable","11":"shipping-taxable","12":"purchasable","13":"product-type-simple"},"_links":{"self":[{"href":"https:\/\/www.pacocinillas.es\/tienda\/wp-json\/wp\/v2\/product\/4543","targetHints":{"allow":["GET"]}}],"collection":[{"href":"https:\/\/www.pacocinillas.es\/tienda\/wp-json\/wp\/v2\/product"}],"about":[{"href":"https:\/\/www.pacocinillas.es\/tienda\/wp-json\/wp\/v2\/types\/product"}],"replies":[{"embeddable":true,"href":"https:\/\/www.pacocinillas.es\/tienda\/wp-json\/wp\/v2\/comments?post=4543"}],"wp:featuredmedia":[{"embeddable":true,"href":"https:\/\/www.pacocinillas.es\/tienda\/wp-json\/wp\/v2\/media\/4544"}],"wp:attachment":[{"href":"https:\/\/www.pacocinillas.es\/tienda\/wp-json\/wp\/v2\/media?parent=4543"}],"wp:term":[{"taxonomy":"product_brand","embeddable":true,"href":"https:\/\/www.pacocinillas.es\/tienda\/wp-json\/wp\/v2\/product_brand?post=4543"},{"taxonomy":"product_cat","embeddable":true,"href":"https:\/\/www.pacocinillas.es\/tienda\/wp-json\/wp\/v2\/product_cat?post=4543"},{"taxonomy":"product_tag","embeddable":true,"href":"https:\/\/www.pacocinillas.es\/tienda\/wp-json\/wp\/v2\/product_tag?post=4543"}],"curies":[{"name":"wp","href":"https:\/\/api.w.org\/{rel}","templated":true}]}}