{"id":452,"date":"2022-01-31T23:30:31","date_gmt":"2022-01-31T21:30:31","guid":{"rendered":"http:\/\/www.pacocinillas.es\/tienda\/?post_type=product&#038;p=452"},"modified":"2026-01-03T11:28:25","modified_gmt":"2026-01-03T09:28:25","slug":"kamado-monolith-junior","status":"publish","type":"product","link":"https:\/\/www.pacocinillas.es\/tienda\/producto\/kamado-monolith-junior\/","title":{"rendered":"MONOLITH JUNIOR Serie Pro 2.0"},"content":{"rendered":"<div class=\"wpb-content-wrapper\"><p>[vc_row][vc_column width=\u00bb1\/6&#8243;][\/vc_column][vc_column width=\u00bb2\/3&#8243;][vc_column_text css=\u00bb.vc_custom_1642785285282{padding-right: 100px !important;padding-left: 100px !important;}\u00bb]<\/p>\n<div class=\"texto_pral\">\n<p>La barbacoa a carb\u00f3n Kamado es un Kamado 10 cm m\u00e1s alto que el modelo Icon (el m\u00e1s peque\u00f1o de la familia) pero\u00a0a pesar de su reducido tama\u00f1o mantiene toda la funcionalidad de sus hermanos mayores teniendo la posibilidad de realizar cocci\u00f3n tanto directa como indirecta por lo que se puede utilizar para asar a la parrilla, asar a la parrilla, ahumar, hornear, asar, pizza y pan.<\/p>\n<p>Adem\u00e1s, ahora la Junior tiene la posibilidad de quitar la tapa. Esta caracter\u00edstica la convierte en una\u00a0barbacoa que se coloca en el centro de la mesa para que todos tengan la oportunidad de compartir la barbacoa en amistad.<\/p>\n<p>Al igual que el modelo Icon, dispone de parrilla de cocci\u00f3n de 33 cm y todas las funciones de cocci\u00f3n directa, indirecta y ahumado para que pueda utilizarse para asar, asar, ahumar y hornear.<\/p>\n<p>Sus dimensiones son ideales para transportalo, gracias a su peso de 38 kg sin carro y a su tama\u00f1o compacto, donde quieras y\u00a0tenerlo en un peque\u00f1o balc\u00f3n, terraza o llev\u00e1rtelo incluso\u00a0de camping. Adem\u00e1s de ser ideal para usar en casa, el Kamado Monolith Junior es perfecto para<strong>\u00a0Catering Profesional<\/strong>\u00a0ya que, gracias a su tama\u00f1o compacto, se puede incluir\u00a0f\u00e1cilmente en cualquier cocina profesional.<\/p>\n<p>Es posible ampliar la funcionalidad del Monolith Junior gracias a un amplio surtido de accesorios como la plancha frytop, que lo hace ideal para cocinar hamburguesas, por ejemplo, y con la adici\u00f3n de la corona central se convierte en un pr\u00e1ctico wok.<\/p>\n<p>Finalmente, el modelo Junior ya est\u00e1 configurado para acomodar el control de temperatura digital BBQ Guru modelo PartyQ en el lateral.<\/p>\n<p>El modelo Monolith Junior est\u00e1 disponible en negro y en rojo bajo encargo.<\/p>\n<h3>Caracter\u00edsticas Monolith Junior Serie Pro 2.0:<\/h3>\n<ul>\n<li>Fabricada con cer\u00e1mica extremadamente resistente al calor y acero inoxidable de alta calidad.<\/li>\n<li>Ideal para 2 o 4 personas y tambi\u00e9n como barbacoa kamado de apoyo para diversas\u00a0elaboraciones.<\/li>\n<li>Todas las Kamado Monolith est\u00e1n equipadas con una junta de acero inoxidable y fibra de vidrio con bandas met\u00e1licas de alta calidad.<\/li>\n<li>Adem\u00e1s ahora todos los modelos disponen de nuevas v\u00e1lvulas de escape (tiro) de hierro fundido, con un novedoso sistema deslizante que aporta mayor estabilidad para regular el flujo del aire.<\/li>\n<li>Estructura de metal con cesto de f\u00e1cil\u00a0acceso\u00a0y sistema de limpieza integrado para\u00a0la recolecci\u00f3n de cenizas y otros residuos generados durante el cocinado.<br \/>\n*Aseg\u00farese al insertar la estructura de metal con los segmentos cer\u00e1micos de que la abertura de extracci\u00f3n de cenizas est\u00e9 alineada correctamente con la entrada de aire. Podr\u00e1 encontrar esta informaci\u00f3n en el manual que se suministra con el Kamado.<\/li>\n<li>Pala recoge cenizas incluida.<\/li>\n<li>Vaso de fuego \/ brasero cer\u00e1mico de la m\u00e1s alta calidad.<\/li>\n<li>1 rejilla perforada de hierro fundido sobre la que se pone el carb\u00f3n.<\/li>\n<li>Consumo de carb\u00f3n muy econ\u00f3mico. Un ejemplo pr\u00e1ctico: con una temperatura exterior de solo 4 \u00b0 C, el Kamado Monolith Junior funcion\u00f3 con una carga de 900 g de carb\u00f3n vegetal durante 15 horas a una temperatura continua del horno de aproximadamente 115 \u00b0 C. Estamos muy seguros de que con el uso de un poco m\u00e1s de carb\u00f3n vegetal (1kg. sin rebosar el l\u00edmite) y temperaturas exteriores m\u00e1s altas, \u00a1el tiempo de funcionamiento de 20 horas especificado por el fabricante puede considerarse absolutamente realista!<\/li>\n<\/ul>\n<ul>\n<li>Piedra deflectora con elevador.<\/li>\n<li>Asas estables de acero inoxidable y asa frontal en madera de bamb\u00fa.<\/li>\n<\/ul>\n<ul>\n<li>Para garantizar que todas las Monolith sean compatibles con la versi\u00f3n Guru, ahora todas nuestras Kamado tienen un adaptador para el soplador Guru (*accesorio)<br \/>\nEl sistema inteligente consta de un ventilador que se coloca a la salida del adaptador preinstalado en la Serie Pro 2.0, un sensor de temperatura colocado en la rejilla de la parrilla que monitoriza la temperatura del espacio de cocci\u00f3n y una unidad de control digital (BBQ Guru) que regula el control de la temperatura. Si la temperatura del espacio de cocci\u00f3n baja, el ventilador sopla aire (ox\u00edgeno) hacia la c\u00e1mara de combusti\u00f3n y hace que el carb\u00f3n genere temperaturas m\u00e1s altas. Una vez que se ha alcanzado la temperatura objetivo, el ventilador solo sopla aire en lotes de forma que mantiene la temperatura objetivo previamente establecida en el dispositivo inteligente BBQ Guru.<br \/>\nEl dispositivo est\u00e1 disponible en diferentes versiones. Si no hay ning\u00fan BBQ Guru conectado, la boquilla del soplador BBQ Guru simplemente se cierra con el tap\u00f3n de silicona suministrado y se regula manualmente. El control manual funciona muy bien incluso sin asistencia electr\u00f3nica, siempre que la temperatura ambiente (por ejemplo, durante la noche) no cambie significativamente. Esto significa que una vez que se ha ajustado el tiro, la temperatura permanece constante durante muchas horas.<\/li>\n<li>La tapa se puede quitar gracias a la bisagra y la Junior se puede utilizar como barbacoa abierta en la que todos comparten alrededor\u00a0o colocarle una plancha de acero (*accesorio) para cocinar encima. Se puede utilizar como asador, tipo plancha o teppanyaki a diferentes temperaturas.<\/li>\n<li>En el caso de utilizar una plancha con la tapa abierta, la temperatura es muy alta en las zonas situadas directamente sobre la fuente de calor, y un poco m\u00e1s baja en las partes exteriores en las que sobresale la plancha. As\u00ed se puede sellar o churruscar la carne en el medio y moverla despu\u00e9s a las partes exteriores para que se acabe de cocinar y se mantenga caliente.<\/li>\n<li>Para los aficionados a la carne, el pescado, las verduras y la pizza, la Monolith Junior no deja nada que desear. Lo mejor es que los\u00a0invitados hambrientos no tienen que esperar mucho tiempo, ya que la parrilla se calienta muy r\u00e1pido, y adem\u00e1s permite mantener temperaturas reducidas con la tapa cerrada, el popular \u00abSlow cooking\u00bb (100 grados) durante hasta 20 horas para poder disfrutar sin ninguna prisa de una agradable comida o cena con todo el jugo y sabor, llev\u00e1ndonos a una experiencia gastron\u00f3mica de otro nivel.<\/li>\n<\/ul>\n<ul>\n<li>Se transporta f\u00e1cilmente debido a su peso ligero y su tama\u00f1o compacto.<\/li>\n<li>Totalmente compatible con las innovaciones de la Serie Pro 1.0<\/li>\n<\/ul>\n<h3><strong>\u00a0El Kamado Monolith es el Kamado con mayor oferta de accesorios del mercado.\u00a0<\/strong><\/h3>\n<h3><strong>Equipamiento b\u00e1sico INCLUIDO del Monolith Junior\u00a0<\/strong>Serie Pro 2.0<strong>:<\/strong><\/h3>\n<ul>\n<li>Vaso de fuego\/brasero cer\u00e1mico.<img loading=\"lazy\" decoding=\"async\" src=\"https:\/\/slpbarbacoas.com\/img\/cms\/MONOLITH\/Junior\/201053-J-Junior-Feuer-Box-WEB-1.jpg\" alt=\"\" width=\"300\" height=\"200\" \/><\/li>\n<li>Aro cer\u00e1mico:<br \/>\nMejora el funcionamiento del Kamado ya que separa las parrillas que se colocan por encima en unos 10 cm. de las brasas.<br \/>\nReparte el peso del vaso cer\u00e1mico.<br \/>\nTiene una apertura que coincide con la del cuerpo del kamado y permite introducir virutas para ahumar sin necesidad de abrir.<br \/>\n<img loading=\"lazy\" decoding=\"async\" src=\"https:\/\/slpbarbacoas.com\/img\/cms\/MONOLITH\/LeChef\/201052-C-Classic-Feuer-Ring-WEB-1.jpg\" alt=\"\" width=\"300\" height=\"200\" \/><\/li>\n<li>Protector de fondo.<br \/>\n<img loading=\"lazy\" decoding=\"async\" src=\"https:\/\/slpbarbacoas.com\/img\/cms\/MONOLITH\/Junior\/201054-J-Junior-Protektorstein-WEB-1.jpg\" alt=\"\" width=\"300\" height=\"200\" \/><\/li>\n<li>Piedra deflectora con elevador. La piedra deflectora protege los alimentos de las llamas de las brasas y del calor directo. De esta manera los alimentos pueden cocinarse indirectamente de forma suave y lenta sin quemarse.<img loading=\"lazy\" decoding=\"async\" src=\"https:\/\/slpbarbacoas.com\/img\/cms\/MONOLITH\/Junior\/201024-Junior-Deflektorstein-inkl.jpg\" alt=\"\" width=\"300\" height=\"200\" \/><\/li>\n<li>Parrilla de acero inoxidable<br \/>\n<img loading=\"lazy\" decoding=\"async\" src=\"https:\/\/slpbarbacoas.com\/img\/cms\/MONOLITH\/Junior\/201060-J-Junior-Edelstahlgrillrost-WEB-1.jpg\" alt=\"\" width=\"300\" height=\"200\" \/><\/li>\n<li>Asa de madera de bamb\u00fa.<br \/>\n<img loading=\"lazy\" decoding=\"async\" src=\"https:\/\/slpbarbacoas.com\/img\/cms\/MONOLITH\/Junior\/201064-C-Junior-Bambus-Griff-WEB-1.jpg\" alt=\"\" width=\"300\" height=\"200\" \/><\/li>\n<li>Accesorios para ahumado. Sistema de alimentaci\u00f3n de virutas de madera para ahumar sin necesidad de abrir el Kamado.<img loading=\"lazy\" decoding=\"async\" src=\"https:\/\/slpbarbacoas.com\/img\/cms\/MONOLITH\/Junior\/201009-Classic-Raucherschiene-Schieber1.jpg\" alt=\"\" width=\"300\" height=\"200\" \/><\/li>\n<li>Recogedor para quitar cenizas.<br \/>\n<img loading=\"lazy\" decoding=\"async\" src=\"https:\/\/slpbarbacoas.com\/img\/cms\/MONOLITH\/Junior\/201063-Junior-Aschehaken-WEB-2.jpg\" alt=\"\" width=\"300\" height=\"200\" \/><\/li>\n<li>Nueva v\u00e1lvula Serie Pro 2.0 y rejilla recogecenizas, ambas de hierro fundido.<\/li>\n<\/ul>\n<p><img loading=\"lazy\" decoding=\"async\" src=\"https:\/\/slpbarbacoas.com\/img\/cms\/MONOLITH\/LeChef\/201059-C-Classic-Kappe-Luftstrom-WEB-1.jpg\" alt=\"\" width=\"200\" height=\"133\" \/><img loading=\"lazy\" decoding=\"async\" src=\"https:\/\/slpbarbacoas.com\/img\/cms\/MONOLITH\/LeChef\/Kohlerost-Classic-800x533.jpg\" alt=\"\" width=\"200\" height=\"133\" \/><\/p>\n<ul>\n<li>Pies de cer\u00e1mica esmaltada en el modelo sin carro incluidos.<\/li>\n<\/ul>\n<p><img loading=\"lazy\" decoding=\"async\" src=\"https:\/\/slpbarbacoas.com\/img\/cms\/MONOLITH\/LeChef\/201056-C-Classic-Keramikfusschen1.jpg\" alt=\"\" width=\"200\" height=\"133\" \/><\/p>\n<\/div>\n<p>[\/vc_column_text][\/vc_column][vc_column width=\u00bb1\/6&#8243;][\/vc_column][\/vc_row][vc_row][vc_column width=\u00bb1\/5&#8243;][\/vc_column][vc_column width=\u00bb1\/5&#8243;][vc_icon type=\u00bbtypicons\u00bb icon_typicons=\u00bbtypcn typcn-shopping-cart\u00bb color=\u00bbcustom\u00bb size=\u00bbxl\u00bb align=\u00bbcenter\u00bb custom_color=\u00bb#dd3333&#8243;][vc_column_text]<\/p>\n<h4 style=\"text-align: center;\">Env\u00edo gratis<\/h4>\n<p>[\/vc_column_text][\/vc_column][vc_column width=\u00bb1\/5&#8243;][vc_icon type=\u00bbtypicons\u00bb icon_typicons=\u00bbtypcn typcn-tick-outline\u00bb color=\u00bbcustom\u00bb size=\u00bbxl\u00bb align=\u00bbcenter\u00bb custom_color=\u00bb#dd3333&#8243;][vc_column_text]<\/p>\n<h4 style=\"text-align: center;\">Accesorios incluidos<\/h4>\n<p>[\/vc_column_text][\/vc_column][vc_column width=\u00bb1\/5&#8243;][vc_icon type=\u00bbtypicons\u00bb icon_typicons=\u00bbtypcn typcn-phone-outline\u00bb color=\u00bbcustom\u00bb size=\u00bbxl\u00bb align=\u00bbcenter\u00bb custom_color=\u00bb#dd3333&#8243;][vc_column_text]<\/p>\n<h4 style=\"text-align: center;\">Atenci\u00f3n al cliente<\/h4>\n<p>[\/vc_column_text][\/vc_column][vc_column width=\u00bb1\/5&#8243;][\/vc_column][\/vc_row]<\/p>\n<\/div>","protected":false},"excerpt":{"rendered":"<div class=\"texto_pral\">\n<p>Un grande en versi\u00f3n mini: El Kamado\u00a0Monolith JUNIOR tiene un di\u00e1metro de parrilla\u00a0de 33 cm y es el miembro m\u00e1s peque\u00f1o de la familia pero ofrece toda la funcionalidad de nuestros modelos m\u00e1s grandes: asar, ahumar, hornear, cocinar, grill&#8230;<\/p>\n<\/div>\n<div class=\"texto_generico\">\n<p>Nuestro sistema \u00fanico de suministro de pellets o virutas para ahumar permite insertarlas directamente sobre la brasa\u00a0sin tener que levantar la tapa.<br \/>\n<strong>En Pacocinillas te asesoramos para la compra de tu Kamado <a href=\"https:\/\/www.pacocinillas.es\/tienda\/contacto\/\" target=\"_blank\" rel=\"noopener\">\u00a1Ll\u00e1manos!<\/a><\/strong><\/p>\n<p><img loading=\"lazy\" decoding=\"async\" class=\"size-full wp-image-4400 alignleft\" src=\"https:\/\/www.pacocinillas.es\/tienda\/wp-content\/uploads\/2020\/09\/ENVIOGRATIS.jpg\" alt=\"\" width=\"200\" height=\"81\" \/><\/p>\n<p>&nbsp;<\/p>\n<p>&nbsp;<\/p>\n<p>&nbsp;<\/p>\n<p>El PVP incluye los portes a puerta de calle en la pen\u00ednsula (consultar para otros destinos).<\/p>\n<\/div>\n","protected":false},"featured_media":4458,"comment_status":"closed","ping_status":"closed","template":"","meta":[],"product_brand":[],"product_cat":[74,154],"product_tag":[],"class_list":{"0":"post-452","1":"product","2":"type-product","3":"status-publish","4":"has-post-thumbnail","6":"product_cat-monolith","7":"product_cat-iconjunior","9":"first","10":"instock","11":"taxable","12":"shipping-taxable","13":"purchasable","14":"product-type-simple"},"_links":{"self":[{"href":"https:\/\/www.pacocinillas.es\/tienda\/wp-json\/wp\/v2\/product\/452","targetHints":{"allow":["GET"]}}],"collection":[{"href":"https:\/\/www.pacocinillas.es\/tienda\/wp-json\/wp\/v2\/product"}],"about":[{"href":"https:\/\/www.pacocinillas.es\/tienda\/wp-json\/wp\/v2\/types\/product"}],"replies":[{"embeddable":true,"href":"https:\/\/www.pacocinillas.es\/tienda\/wp-json\/wp\/v2\/comments?post=452"}],"wp:featuredmedia":[{"embeddable":true,"href":"https:\/\/www.pacocinillas.es\/tienda\/wp-json\/wp\/v2\/media\/4458"}],"wp:attachment":[{"href":"https:\/\/www.pacocinillas.es\/tienda\/wp-json\/wp\/v2\/media?parent=452"}],"wp:term":[{"taxonomy":"product_brand","embeddable":true,"href":"https:\/\/www.pacocinillas.es\/tienda\/wp-json\/wp\/v2\/product_brand?post=452"},{"taxonomy":"product_cat","embeddable":true,"href":"https:\/\/www.pacocinillas.es\/tienda\/wp-json\/wp\/v2\/product_cat?post=452"},{"taxonomy":"product_tag","embeddable":true,"href":"https:\/\/www.pacocinillas.es\/tienda\/wp-json\/wp\/v2\/product_tag?post=452"}],"curies":[{"name":"wp","href":"https:\/\/api.w.org\/{rel}","templated":true}]}}