{"id":4510,"date":"2020-04-05T20:42:42","date_gmt":"2020-04-05T18:42:42","guid":{"rendered":"https:\/\/www.pacocinillas.es\/tienda\/?post_type=product&#038;p=4510"},"modified":"2025-11-27T00:50:25","modified_gmt":"2025-11-26T22:50:25","slug":"ofyr-horno-pizza-100","status":"publish","type":"product","link":"https:\/\/www.pacocinillas.es\/tienda\/producto\/ofyr-horno-pizza-100\/","title":{"rendered":"OFYR Horno Pizza 100"},"content":{"rendered":"<div class=\"wpb-content-wrapper\"><p>[vc_row][vc_column][vc_video link=\u00bbhttps:\/\/www.youtube.com\/watch?v=1eoUMD3Ais4&#8243; align=\u00bbcenter\u00bb][vc_column_text]Si hay una cocina al aire libre que es muy popular en estos d\u00edas, es el <strong>horno de pizza<\/strong>.\u00a0Con su fuego de le\u00f1a natural, la unidad de cocci\u00f3n OFYR se presta como ninguna otra para hacer deliciosas pizzas.\u00a0El horno de pizza OFYR consta de una placa de hierro fundido de doble cara, una piedra para pizza colocada sobre la placa de hierro fundido y una campana de acero doble con el exterior girando alrededor del interior, as\u00ed como una pala para pizza.<\/p>\n<p>La placa de hierro fundido tiene aberturas que permiten que el calor de la olla OFYR circule por la campana y caliente la pizza r\u00e1pidamente.\u00a0Al girar la perilla de la campana se puede determinar el tama\u00f1o de la abertura entre la campana interior y exterior.\u00a0Cuanto m\u00e1s grande es la abertura, m\u00e1s circulaci\u00f3n de aire y m\u00e1s calor se genera.\u00a0Para girar la perilla, deben usarse guantes resistentes al calor como los guantes OFYR, ya que la perilla se calienta mucho.\u00a0Naturalmente,\u00a0el horno de pizza tambi\u00e9n se puede utilizar como horno normal.<\/p>\n<p>Al hacer pizzas, la piedra para pizza se coloca en el lado liso de la placa de hierro fundido. El otro lado de la placa tiene hendiduras y se puede utilizar como placa de parrilla.<\/p>\n<p><strong>Peso:<\/strong> 23,6 Kg.<br \/>\n<strong>Material:<\/strong> Hierro fundido y acero revestido[\/vc_column_text][\/vc_column][\/vc_row]<\/p>\n<\/div>","protected":false},"excerpt":{"rendered":"<p>El horno de pizza OFYR 100 consta de:<\/p>\n<ul>\n<li>placa de hierro fundido de doble cara<\/li>\n<li>piedra para pizza colocada sobre la placa de hierro fundido<\/li>\n<li>campana de acero doble con el exterior girando alrededor del interior<\/li>\n<li>pala para pizza<\/li>\n<\/ul>\n<p><img loading=\"lazy\" decoding=\"async\" class=\"alignleft size-full wp-image-4400\" src=\"https:\/\/www.pacocinillas.es\/tienda\/wp-content\/uploads\/2020\/09\/ENVIOGRATIS.jpg\" alt=\"\" width=\"200\" height=\"81\" \/><\/p>\n","protected":false},"featured_media":4506,"comment_status":"closed","ping_status":"closed","template":"","meta":[],"product_brand":[],"product_cat":[72,100],"product_tag":[],"class_list":{"0":"post-4510","1":"product","2":"type-product","3":"status-publish","4":"has-post-thumbnail","6":"product_cat-accesorios","7":"product_cat-ofyr","9":"first","10":"instock","11":"taxable","12":"shipping-taxable","13":"purchasable","14":"product-type-simple"},"_links":{"self":[{"href":"https:\/\/www.pacocinillas.es\/tienda\/wp-json\/wp\/v2\/product\/4510","targetHints":{"allow":["GET"]}}],"collection":[{"href":"https:\/\/www.pacocinillas.es\/tienda\/wp-json\/wp\/v2\/product"}],"about":[{"href":"https:\/\/www.pacocinillas.es\/tienda\/wp-json\/wp\/v2\/types\/product"}],"replies":[{"embeddable":true,"href":"https:\/\/www.pacocinillas.es\/tienda\/wp-json\/wp\/v2\/comments?post=4510"}],"wp:featuredmedia":[{"embeddable":true,"href":"https:\/\/www.pacocinillas.es\/tienda\/wp-json\/wp\/v2\/media\/4506"}],"wp:attachment":[{"href":"https:\/\/www.pacocinillas.es\/tienda\/wp-json\/wp\/v2\/media?parent=4510"}],"wp:term":[{"taxonomy":"product_brand","embeddable":true,"href":"https:\/\/www.pacocinillas.es\/tienda\/wp-json\/wp\/v2\/product_brand?post=4510"},{"taxonomy":"product_cat","embeddable":true,"href":"https:\/\/www.pacocinillas.es\/tienda\/wp-json\/wp\/v2\/product_cat?post=4510"},{"taxonomy":"product_tag","embeddable":true,"href":"https:\/\/www.pacocinillas.es\/tienda\/wp-json\/wp\/v2\/product_tag?post=4510"}],"curies":[{"name":"wp","href":"https:\/\/api.w.org\/{rel}","templated":true}]}}