{"id":4500,"date":"2020-08-01T16:52:01","date_gmt":"2020-08-01T14:52:01","guid":{"rendered":"https:\/\/www.pacocinillas.es\/tienda\/?post_type=product&#038;p=4500"},"modified":"2025-12-31T22:25:32","modified_gmt":"2025-12-31T20:25:32","slug":"kamado-joe-big-joe-3-stand-alone","status":"publish","type":"product","link":"https:\/\/www.pacocinillas.es\/tienda\/producto\/kamado-joe-big-joe-3-stand-alone\/","title":{"rendered":"KAMADO JOE BIG JOE III STAND-ALONE"},"content":{"rendered":"<div class=\"wpb-content-wrapper\"><p>[vc_row][vc_column width=\u00bb1\/6&#8243;][\/vc_column][vc_column width=\u00bb2\/3&#8243;][vc_column_text css=\u00bb.vc_custom_1617288509402{padding-right: 100px !important;padding-left: 100px !important;}\u00bb]<\/p>\n<div class=\"texto_pral\">\n<p>Este kamado viene dotado con el sistema patentado de cocina flexible <strong>Divide &amp; Conquer,<\/strong> que consiste en un dise\u00f1o de medias parrillas a diferentes alturas, permitiendo su utilizaci\u00f3n en m\u00faltiples niveles y con diferentes superficies (parrillas de hierro, de varillas, planchas\u2026. A su vez, se pueden crear diferentes zonas de calor, mediante los deflectores cer\u00e1micos incluidos.<\/p>\n<p>Gracias a su sistema de ventilaci\u00f3n, permite cocinar de forma lenta a bajas temperaturas (100\u00baC), y tambi\u00e9n cocinar a altas temperaturas de hasta 450\u00baC. Funciona durante horas, sin necesidad de a\u00f1adir m\u00e1s carb\u00f3n, lo que supone un gran ahorro y permite desarrollar muchas posibilidades.<\/p>\n<p>El <strong>Kamado Joe Classic III STAND-ALONE<\/strong> incluye:<\/p>\n<p>&#8211; Term\u00f3metro integrado en la c\u00fapula<\/p>\n<p>&#8211; Mesas laterales plegables<\/p>\n<p>&#8211; Sistema Divide &amp; Conquer con 2 deflectores de cer\u00e1mica<\/p>\n<p>&#8211; Cesta de Carb\u00f3n de Acero Inoxidable<\/p>\n<p>&#8211; C\u00e1mara de Combusti\u00f3n Multi-Panel<\/p>\n<p>&#8211; <strong>Sl\u014dRoller\u00a0<\/strong>\u00a0Deflector Hiperb\u00f3lico para ahumar<\/p>\n<p>&#8211; Elevador de Parrillas<\/p>\n<p>&#8211; Recogedor de Cenizas<\/p>\n<p><a href=\"https:\/\/www.pacocinillas.es\/tienda\/wp-content\/uploads\/2020\/04\/KJ_ClassicIIIManual_English.pdf\" target=\"_blank\" rel=\"noopener noreferrer\">Manual <strong>Kamado Joe Classic III<\/strong> (english)<\/a><\/p>\n<\/div>\n<p>[\/vc_column_text][\/vc_column][vc_column width=\u00bb1\/6&#8243;][\/vc_column][\/vc_row][vc_row][vc_column width=\u00bb1\/6&#8243;][\/vc_column][vc_column width=\u00bb1\/6&#8243;][vc_icon type=\u00bbmaterial\u00bb icon_material=\u00bbvc-material vc-material-data_usage\u00bb color=\u00bbcustom\u00bb size=\u00bbxl\u00bb align=\u00bbcenter\u00bb custom_color=\u00bb#dd3333&#8243;][vc_column_text]<\/p>\n<h4 style=\"text-align: center;\">46cm. Superficie cocci\u00f3n<\/h4>\n<p>[\/vc_column_text][\/vc_column][vc_column width=\u00bb1\/6&#8243;][vc_icon type=\u00bbtypicons\u00bb icon_typicons=\u00bbtypcn typcn-shopping-cart\u00bb color=\u00bbcustom\u00bb size=\u00bbxl\u00bb align=\u00bbcenter\u00bb custom_color=\u00bb#dd3333&#8243;][vc_column_text]<\/p>\n<h4 style=\"text-align: center;\">Carro acero Premium<\/h4>\n<p>[\/vc_column_text][\/vc_column][vc_column width=\u00bb1\/6&#8243;][vc_icon type=\u00bblinecons\u00bb icon_linecons=\u00bbvc_li vc_li-paperplane\u00bb color=\u00bbcustom\u00bb size=\u00bbxl\u00bb align=\u00bbcenter\u00bb custom_color=\u00bb#dd3333&#8243;][vc_column_text]<\/p>\n<h4 style=\"text-align: center;\">Env\u00edo gratis<\/h4>\n<p>[\/vc_column_text][\/vc_column][vc_column width=\u00bb1\/6&#8243;][vc_icon type=\u00bbtypicons\u00bb icon_typicons=\u00bbtypcn typcn-phone-outline\u00bb color=\u00bbcustom\u00bb size=\u00bbxl\u00bb align=\u00bbcenter\u00bb custom_color=\u00bb#dd3333&#8243;][vc_column_text]<\/p>\n<h4 style=\"text-align: center;\">Atenci\u00f3n al cliente<\/h4>\n<p>[\/vc_column_text][\/vc_column][vc_column width=\u00bb1\/6&#8243;][\/vc_column][\/vc_row][vc_row][vc_column width=\u00bb1\/6&#8243;][\/vc_column][vc_column width=\u00bb2\/3&#8243;][vc_video link=\u00bbhttps:\/\/youtu.be\/pxwzI8SxnTo\u00bb][\/vc_column][vc_column width=\u00bb1\/6&#8243;][\/vc_column][\/vc_row][vc_row][vc_column width=\u00bb1\/6&#8243;][\/vc_column][vc_column width=\u00bb1\/6&#8243;][vc_video link=\u00bbhttps:\/\/youtu.be\/zkQhUoOHDsA\u00bb align=\u00bbcenter\u00bb][\/vc_column][vc_column width=\u00bb1\/6&#8243;][vc_video link=\u00bbhttps:\/\/youtu.be\/1EAxY5keXps\u00bb align=\u00bbcenter\u00bb][\/vc_column][vc_column width=\u00bb1\/6&#8243;][vc_video link=\u00bbhttps:\/\/youtu.be\/qEq-TvcnhXM\u00bb][\/vc_column][vc_column width=\u00bb1\/6&#8243;][vc_video link=\u00bbhttps:\/\/youtu.be\/_0hh4fxg3B8&#8243;][\/vc_column][vc_column width=\u00bb1\/6&#8243;][\/vc_column][\/vc_row][vc_row][vc_column][vc_single_image image=\u00bb3605&#8243; img_size=\u00bbfull\u00bb alignment=\u00bbcenter\u00bb][\/vc_column][\/vc_row]<\/p>\n<\/div>","protected":false},"excerpt":{"rendered":"<div class=\"texto_pral\">\n<p><strong>Kamado Joe Classic III STAND-ALONE<\/strong> es el modelo mediano de kamado y m\u00e1s vers\u00e1til que cuenta con un cuerpo cer\u00e1mico de paredes gruesas y resistente al calor que bloquea el humo y la humedad a cualquier temperatura. Su c\u00fapula, f\u00e1cil de abrir gracias a la nueva bisagra de elevaci\u00f3n, incluye en la parte superior, un control de ventilaci\u00f3n de doble disco a prueba de elementos, mientras que la gran superficie de cocci\u00f3n est\u00e1 fabricada en acero inoxidable de alta calidad.<\/p>\n<p><strong>*El PVP incluye los portes en la Pen\u00ednsula (consultar para otros destinos).<br \/>\n<img loading=\"lazy\" decoding=\"async\" class=\"alignnone size-full wp-image-4032\" src=\"https:\/\/www.pacocinillas.es\/tienda\/wp-content\/uploads\/2020\/09\/envio.jpg\" alt=\"\" width=\"200\" height=\"81\" \/><br \/>\n<\/strong><\/p>\n<\/div>\n","protected":false},"featured_media":8145,"comment_status":"closed","ping_status":"closed","template":"","meta":[],"product_brand":[],"product_cat":[148,43],"product_tag":[],"class_list":{"0":"post-4500","1":"product","2":"type-product","3":"status-publish","4":"has-post-thumbnail","6":"product_cat-bigjoe","7":"product_cat-kamadojoe","9":"first","10":"instock","11":"taxable","12":"shipping-taxable","13":"purchasable","14":"product-type-simple"},"_links":{"self":[{"href":"https:\/\/www.pacocinillas.es\/tienda\/wp-json\/wp\/v2\/product\/4500","targetHints":{"allow":["GET"]}}],"collection":[{"href":"https:\/\/www.pacocinillas.es\/tienda\/wp-json\/wp\/v2\/product"}],"about":[{"href":"https:\/\/www.pacocinillas.es\/tienda\/wp-json\/wp\/v2\/types\/product"}],"replies":[{"embeddable":true,"href":"https:\/\/www.pacocinillas.es\/tienda\/wp-json\/wp\/v2\/comments?post=4500"}],"wp:featuredmedia":[{"embeddable":true,"href":"https:\/\/www.pacocinillas.es\/tienda\/wp-json\/wp\/v2\/media\/8145"}],"wp:attachment":[{"href":"https:\/\/www.pacocinillas.es\/tienda\/wp-json\/wp\/v2\/media?parent=4500"}],"wp:term":[{"taxonomy":"product_brand","embeddable":true,"href":"https:\/\/www.pacocinillas.es\/tienda\/wp-json\/wp\/v2\/product_brand?post=4500"},{"taxonomy":"product_cat","embeddable":true,"href":"https:\/\/www.pacocinillas.es\/tienda\/wp-json\/wp\/v2\/product_cat?post=4500"},{"taxonomy":"product_tag","embeddable":true,"href":"https:\/\/www.pacocinillas.es\/tienda\/wp-json\/wp\/v2\/product_tag?post=4500"}],"curies":[{"name":"wp","href":"https:\/\/api.w.org\/{rel}","templated":true}]}}