{"id":4495,"date":"2021-03-30T15:51:24","date_gmt":"2021-03-30T13:51:24","guid":{"rendered":"https:\/\/www.pacocinillas.es\/tienda\/?post_type=product&#038;p=4495"},"modified":"2024-07-01T00:15:12","modified_gmt":"2024-06-30T22:15:12","slug":"bottom-firebox-reverse-flow-s","status":"publish","type":"product","link":"https:\/\/www.pacocinillas.es\/tienda\/producto\/bottom-firebox-reverse-flow-s\/","title":{"rendered":"BOTTOM FIREBOX REVERSE-FLOW S"},"content":{"rendered":"<div class=\"wpb-content-wrapper\"><p>[vc_row][vc_column][vc_column_text]Horno ahumador con conducci\u00f3n de humo por flujo reverso, operado con carb\u00f3n y madera.<br \/>\nHecho a mano en acero, con paredes t\u00e9rmicas para proporcionar excelentes resultados en t\u00e9rminos de cocci\u00f3n.<br \/>\n\u2013 Uso privado y profesional.<br \/>\n\u2013 Dise\u00f1ado para operar en exteriores e interiores, siempre que se cumplan las recomendaciones de seguridad en \u00e1reas cerradas.<br \/>\n\u2013 Rango de temperatura de funcionamiento: 110-150 \u00b0 C (230-300 \u00b0 F).<br \/>\n\u2013 De f\u00e1cil limpieza.<br \/>\n\u2013 Secci\u00f3n de la c\u00e1mara de combusti\u00f3n, operada independientemente de la c\u00e1mara de cocci\u00f3n. (Offset)<br \/>\n\u2013 Secci\u00f3n de cocci\u00f3n con capacidad de 6 parrillas y 11 rieles para ajustar seg\u00fan la necesidad del producto a ahumar.<br \/>\n\u2013 V\u00e1lvula regulable para toma de aire.<br \/>\n\u2013 Asas para facilitar el empuje.<br \/>\n\u2013 Neum\u00e1ticos rotativos con frenos.<br \/>\n\u2013 Bandeja de cenizas.<br \/>\n\u2013 Regulador de chimenea.<br \/>\n\u2013 Acceso para term\u00f3metro digital.<br \/>\n\u2013 Medidor de temperatura anal\u00f3gico con lecturas en C \u00b0 \/ F<br \/>\n\u2013 Anillas en D para amarres.<br \/>\n\u2013 Bandeja de agua.<\/p>\n<p><strong>Mediciones:<\/strong><br \/>\n\u2013 Tama\u00f1o total (ancho x alto x profundidad): 850 X 1560 X 820 mm<br \/>\n\u2013 \u00c1rea total de cocci\u00f3n: 395 X 860 X 575 mm<br \/>\n\u2013 \u00c1rea de cocci\u00f3n \u00fatil (desde la rejilla inferior): 395 X 700 X 575 mm<br \/>\n\u2013 Tama\u00f1o de rejilla: 390 X 550 mm.<br \/>\n\u2013 Peso: 280 Kg.<br \/>\n\u2013 Capacidad de cocci\u00f3n: 35 \u2013 40 Kg de carne.<br \/>\n\u2013 Olla de agua en el horno: GN 1\/1, 65 mm de profundidad.<\/p>\n<p><strong>Capacidades en Kg:<\/strong><br \/>\n-Bef Brisket: (Tama\u00f1o americano grande, 6Kg) =<br \/>\n-Cuello de cerdo: 2,5 \u2013 3 Kg = 15-18X<\/p>\n<p>&nbsp;<\/p>\n<p><strong><img loading=\"lazy\" decoding=\"async\" class=\"alignleft size-full wp-image-4491\" src=\"https:\/\/www.pacocinillas.es\/tienda\/wp-content\/uploads\/2021\/03\/hungary.jpg\" alt=\"\" width=\"150\" height=\"117\" \/><\/strong><\/p>\n<p>&nbsp;<\/p>\n<p>&nbsp;<\/p>\n<p>&nbsp;<\/p>\n<p><strong>Producto hecho en Hungr\u00eda.<\/strong><\/p>\n<p>Garantia del producto: 2 A\u00f1os.[\/vc_column_text][\/vc_column][\/vc_row][vc_row][vc_column][vc_video link=\u00bbhttps:\/\/www.youtube.com\/watch?v=Dx5q58H98cI\u00bb align=\u00bbcenter\u00bb][\/vc_column][\/vc_row]<\/p>\n<\/div>","protected":false},"excerpt":{"rendered":"<p>Incre\u00edble horno ahumador con conducci\u00f3n de humo en reversa. Funciona con carb\u00f3n y madera para ahumar<br \/>\nHecho a mano en acero, con paredes t\u00e9rmicas que proporcionan excelentes resultados en la cocci\u00f3n de los alimentos.<\/p>\n<p><strong>*Consulte las opciones de env\u00edo.<\/strong><\/p>\n<p><img loading=\"lazy\" decoding=\"async\" class=\"alignleft wp-image-4485 size-thumbnail\" src=\"https:\/\/www.pacocinillas.es\/tienda\/wp-content\/uploads\/2021\/03\/BBQ-PIT-BOX-LOGO-150x150.jpg\" alt=\"\" width=\"150\" height=\"150\" srcset=\"https:\/\/www.pacocinillas.es\/tienda\/wp-content\/uploads\/2021\/03\/BBQ-PIT-BOX-LOGO-150x150.jpg 150w, https:\/\/www.pacocinillas.es\/tienda\/wp-content\/uploads\/2021\/03\/BBQ-PIT-BOX-LOGO-100x100.jpg 100w\" sizes=\"auto, (max-width: 150px) 100vw, 150px\" \/><\/p>\n","protected":false},"featured_media":4496,"comment_status":"closed","ping_status":"closed","template":"","meta":[],"product_brand":[],"product_cat":[73],"product_tag":[],"class_list":{"0":"post-4495","1":"product","2":"type-product","3":"status-publish","4":"has-post-thumbnail","6":"product_cat-pacocinillas","8":"first","9":"onbackorder","10":"taxable","11":"shipping-taxable","12":"purchasable","13":"product-type-simple"},"_links":{"self":[{"href":"https:\/\/www.pacocinillas.es\/tienda\/wp-json\/wp\/v2\/product\/4495","targetHints":{"allow":["GET"]}}],"collection":[{"href":"https:\/\/www.pacocinillas.es\/tienda\/wp-json\/wp\/v2\/product"}],"about":[{"href":"https:\/\/www.pacocinillas.es\/tienda\/wp-json\/wp\/v2\/types\/product"}],"replies":[{"embeddable":true,"href":"https:\/\/www.pacocinillas.es\/tienda\/wp-json\/wp\/v2\/comments?post=4495"}],"wp:featuredmedia":[{"embeddable":true,"href":"https:\/\/www.pacocinillas.es\/tienda\/wp-json\/wp\/v2\/media\/4496"}],"wp:attachment":[{"href":"https:\/\/www.pacocinillas.es\/tienda\/wp-json\/wp\/v2\/media?parent=4495"}],"wp:term":[{"taxonomy":"product_brand","embeddable":true,"href":"https:\/\/www.pacocinillas.es\/tienda\/wp-json\/wp\/v2\/product_brand?post=4495"},{"taxonomy":"product_cat","embeddable":true,"href":"https:\/\/www.pacocinillas.es\/tienda\/wp-json\/wp\/v2\/product_cat?post=4495"},{"taxonomy":"product_tag","embeddable":true,"href":"https:\/\/www.pacocinillas.es\/tienda\/wp-json\/wp\/v2\/product_tag?post=4495"}],"curies":[{"name":"wp","href":"https:\/\/api.w.org\/{rel}","templated":true}]}}