{"id":4427,"date":"2017-02-18T14:17:35","date_gmt":"2017-02-18T12:17:35","guid":{"rendered":"https:\/\/www.pacocinillas.es\/tienda\/?post_type=product&#038;p=4427"},"modified":"2025-12-31T22:15:38","modified_gmt":"2025-12-31T20:15:38","slug":"set-2-deflectores-media-luna-kamado-joe-classic","status":"publish","type":"product","link":"https:\/\/www.pacocinillas.es\/tienda\/producto\/set-2-deflectores-media-luna-kamado-joe-classic\/","title":{"rendered":"Set 2 deflectores media luna Kamado JOE Classic"},"content":{"rendered":"","protected":false},"excerpt":{"rendered":"<p>El set de 2 deflectores de calor\u00a0en forma de media luna para las barbacoas modelo Kamado Joe Classic Joe\u00a0es un accesorio\u00a0de cocci\u00f3n flexible\u00a0Divide &amp; Conquer que permite un m\u00e9todo de cocci\u00f3n m\u00e1s flexible, evita exponer los alimentos a\u00a0la llama directa y se pasa a experimentar la cocci\u00f3n con calor indirecto.<\/p>\n","protected":false},"featured_media":4426,"comment_status":"closed","ping_status":"closed","template":"","meta":[],"product_brand":[],"product_cat":[72,151,43],"product_tag":[],"class_list":{"0":"post-4427","1":"product","2":"type-product","3":"status-publish","4":"has-post-thumbnail","6":"product_cat-accesorios","7":"product_cat-accesoriosjoe","8":"product_cat-kamadojoe","10":"first","11":"instock","12":"taxable","13":"shipping-taxable","14":"purchasable","15":"product-type-simple"},"_links":{"self":[{"href":"https:\/\/www.pacocinillas.es\/tienda\/wp-json\/wp\/v2\/product\/4427","targetHints":{"allow":["GET"]}}],"collection":[{"href":"https:\/\/www.pacocinillas.es\/tienda\/wp-json\/wp\/v2\/product"}],"about":[{"href":"https:\/\/www.pacocinillas.es\/tienda\/wp-json\/wp\/v2\/types\/product"}],"replies":[{"embeddable":true,"href":"https:\/\/www.pacocinillas.es\/tienda\/wp-json\/wp\/v2\/comments?post=4427"}],"wp:featuredmedia":[{"embeddable":true,"href":"https:\/\/www.pacocinillas.es\/tienda\/wp-json\/wp\/v2\/media\/4426"}],"wp:attachment":[{"href":"https:\/\/www.pacocinillas.es\/tienda\/wp-json\/wp\/v2\/media?parent=4427"}],"wp:term":[{"taxonomy":"product_brand","embeddable":true,"href":"https:\/\/www.pacocinillas.es\/tienda\/wp-json\/wp\/v2\/product_brand?post=4427"},{"taxonomy":"product_cat","embeddable":true,"href":"https:\/\/www.pacocinillas.es\/tienda\/wp-json\/wp\/v2\/product_cat?post=4427"},{"taxonomy":"product_tag","embeddable":true,"href":"https:\/\/www.pacocinillas.es\/tienda\/wp-json\/wp\/v2\/product_tag?post=4427"}],"curies":[{"name":"wp","href":"https:\/\/api.w.org\/{rel}","templated":true}]}}