{"id":4325,"date":"2018-12-04T20:59:43","date_gmt":"2018-12-04T18:59:43","guid":{"rendered":"https:\/\/www.pacocinillas.es\/tienda\/?post_type=product&#038;p=4325"},"modified":"2026-01-01T18:40:39","modified_gmt":"2026-01-01T16:40:39","slug":"do-joe-accesorio-horno-de-pizza-para-big-joe","status":"publish","type":"product","link":"https:\/\/www.pacocinillas.es\/tienda\/producto\/do-joe-accesorio-horno-de-pizza-para-big-joe\/","title":{"rendered":"DO JOE Accesorio horno de pizza para BIG JOE"},"content":{"rendered":"<div class=\"wpb-content-wrapper\"><p>[vc_row][vc_column][vc_column_text]<strong>CARACTER\u00cdSTICAS:<\/strong><\/p>\n<p>&#8211; Anillo de Aluminio Fundido<br \/>\n&#8211; Incluye la Piedra de Pizza de Cer\u00e1mica<br \/>\n&#8211; Peso DoJoe Classic (sin la piedra de pizza): 4,9 kg<br \/>\n&#8211;\u00a0Compatible con Kamado Joe Big Joe II y III<\/p>\n<p>El accesorio Horno de Pizza DoJOE para las barbacoas Kamado Joe modelo Big Joe transforma tu barbacoa Kamado Joe Big Joe en el mejor horno para pizza de su categor\u00eda. Es ideal tanto para cocineros principiantes como para cocineros expertos.<\/p>\n<p>La distintiva forma de cu\u00f1a del horno de pizza DoJoe consigue f\u00e1cilmente un mantenimiento uniforme de temperaturas entre 204\u00b0C y 371\u00b0C durante horas de uso y al mismo tiempo permite a los cocineros ver y vigilar f\u00e1cilmente sus pizzas u otros alimentos que se est\u00e1n cocinando.<\/p>\n<p>Soportes espec\u00edficos para los deflectores t\u00e9rmicos y la piedra para pizza de Kamado Joe aseguran una \u00f3ptima distancia intermedia, garantizando una perfecta corteza y una cobertura crujiente.<\/p>\n<p>&nbsp;<\/p>\n<p>[\/vc_column_text][\/vc_column][\/vc_row][vc_row][vc_column][vc_video link=\u00bbhttps:\/\/www.youtube.com\/watch?v=3p77u8m7uQ8&#8243; align=\u00bbcenter\u00bb][\/vc_column][\/vc_row]<\/p>\n<\/div>","protected":false},"excerpt":{"rendered":"<p>El accesorio Horno de Pizza DoJOE para las barbacoas Kamado Joe modelo<strong> Big Joe<\/strong> transforma tu barbacoa Kamado Joe Big Joe en<strong> el mejor horno para pizza de su categor\u00eda.<\/strong><\/p>\n","protected":false},"featured_media":4326,"comment_status":"closed","ping_status":"closed","template":"","meta":[],"product_brand":[],"product_cat":[72,151,43],"product_tag":[],"class_list":{"0":"post-4325","1":"product","2":"type-product","3":"status-publish","4":"has-post-thumbnail","6":"product_cat-accesorios","7":"product_cat-accesoriosjoe","8":"product_cat-kamadojoe","10":"first","11":"instock","12":"taxable","13":"shipping-taxable","14":"purchasable","15":"product-type-simple"},"_links":{"self":[{"href":"https:\/\/www.pacocinillas.es\/tienda\/wp-json\/wp\/v2\/product\/4325","targetHints":{"allow":["GET"]}}],"collection":[{"href":"https:\/\/www.pacocinillas.es\/tienda\/wp-json\/wp\/v2\/product"}],"about":[{"href":"https:\/\/www.pacocinillas.es\/tienda\/wp-json\/wp\/v2\/types\/product"}],"replies":[{"embeddable":true,"href":"https:\/\/www.pacocinillas.es\/tienda\/wp-json\/wp\/v2\/comments?post=4325"}],"wp:featuredmedia":[{"embeddable":true,"href":"https:\/\/www.pacocinillas.es\/tienda\/wp-json\/wp\/v2\/media\/4326"}],"wp:attachment":[{"href":"https:\/\/www.pacocinillas.es\/tienda\/wp-json\/wp\/v2\/media?parent=4325"}],"wp:term":[{"taxonomy":"product_brand","embeddable":true,"href":"https:\/\/www.pacocinillas.es\/tienda\/wp-json\/wp\/v2\/product_brand?post=4325"},{"taxonomy":"product_cat","embeddable":true,"href":"https:\/\/www.pacocinillas.es\/tienda\/wp-json\/wp\/v2\/product_cat?post=4325"},{"taxonomy":"product_tag","embeddable":true,"href":"https:\/\/www.pacocinillas.es\/tienda\/wp-json\/wp\/v2\/product_tag?post=4325"}],"curies":[{"name":"wp","href":"https:\/\/api.w.org\/{rel}","templated":true}]}}