{"id":4253,"date":"2020-12-29T14:17:01","date_gmt":"2020-12-29T12:17:01","guid":{"rendered":"https:\/\/www.pacocinillas.es\/tienda\/?post_type=product&#038;p=4253"},"modified":"2024-11-29T20:46:26","modified_gmt":"2024-11-29T18:46:26","slug":"libro-de-recetas-ofyr-holandes-frances","status":"publish","type":"product","link":"https:\/\/www.pacocinillas.es\/tienda\/producto\/libro-de-recetas-ofyr-holandes-frances\/","title":{"rendered":"Libro de recetas OFYR (Holand\u00e9s\/Franc\u00e9s)"},"content":{"rendered":"<div class=\"wpb-content-wrapper\"><p>[vc_row][vc_column][vc_column_text]<\/p>\n<section class=\"page-product-box\">\n<div class=\"rte\">\n<p>Este libro inspirado en el concepto de cocina OFYR est\u00e1 lleno de recetas deliciosas y f\u00e1ciles de preparar creadas con cari\u00f1o por los chefs profesionales Guy Weyts y Erik Sterckx. Cada una de las 72 recetas de este libro puede elaborarse con ingredientes sencillos y sabrosos que les encantar\u00e1n a sus familiares y amigos. Y como el calor que desprende OFYR y permite disfrutar de ella durante todo el a\u00f1o, hemos incluido recetas para las cuatro estaciones.<\/p>\n<p>&nbsp;<\/p>\n<p><strong>CARACTER\u00cdSTICAS:<\/strong><\/p>\n<p>72 recetas<\/p>\n<p>Idiomas: <strong>Holand\u00e9s\/Alem\u00e1n<\/strong><\/p>\n<p>Dimensiones: 30,5&#215;30,5 cm<\/p>\n<p>Peso: 2,3 kg<\/p>\n<p>Edici\u00f3n: Segunda edici\u00f3n<\/p>\n<\/div>\n<\/section>\n<section class=\"page-product-box\"><\/section>\n<section class=\"page-product-box blockproductscategory products_block block nopadding\"><\/section>\n<p>[\/vc_column_text][\/vc_column][\/vc_row][vc_row][vc_column][vc_video link=\u00bbhttps:\/\/www.youtube.com\/watch?v=2RknsVwQpws\u00bb align=\u00bbcenter\u00bb][\/vc_column][\/vc_row]<\/p>\n<\/div>","protected":false},"excerpt":{"rendered":"<p>Este espectacular libro inspirado en el concepto de cocina OFYR est\u00e1 lleno de recetas deliciosas y f\u00e1ciles de preparar creadas con cari\u00f1o por los chefs profesionales Guy Weyts y Erik Sterckx.<br \/>\n<img loading=\"lazy\" decoding=\"async\" class=\"alignnone size-full wp-image-4032\" src=\"https:\/\/www.pacocinillas.es\/tienda\/wp-content\/uploads\/2020\/09\/envio.jpg\" alt=\"\" width=\"200\" height=\"81\" \/><br \/>\n<img loading=\"lazy\" decoding=\"async\" class=\"alignnone size-full wp-image-3531\" src=\"https:\/\/www.pacocinillas.es\/tienda\/wp-content\/uploads\/2020\/04\/LOGO_OFYR.jpg\" alt=\"\" width=\"196\" height=\"136\" \/><\/p>\n","protected":false},"featured_media":4249,"comment_status":"closed","ping_status":"closed","template":"","meta":[],"product_brand":[],"product_cat":[72,100],"product_tag":[],"class_list":{"0":"post-4253","1":"product","2":"type-product","3":"status-publish","4":"has-post-thumbnail","6":"product_cat-accesorios","7":"product_cat-ofyr","9":"first","10":"instock","11":"taxable","12":"shipping-taxable","13":"purchasable","14":"product-type-simple"},"_links":{"self":[{"href":"https:\/\/www.pacocinillas.es\/tienda\/wp-json\/wp\/v2\/product\/4253","targetHints":{"allow":["GET"]}}],"collection":[{"href":"https:\/\/www.pacocinillas.es\/tienda\/wp-json\/wp\/v2\/product"}],"about":[{"href":"https:\/\/www.pacocinillas.es\/tienda\/wp-json\/wp\/v2\/types\/product"}],"replies":[{"embeddable":true,"href":"https:\/\/www.pacocinillas.es\/tienda\/wp-json\/wp\/v2\/comments?post=4253"}],"wp:featuredmedia":[{"embeddable":true,"href":"https:\/\/www.pacocinillas.es\/tienda\/wp-json\/wp\/v2\/media\/4249"}],"wp:attachment":[{"href":"https:\/\/www.pacocinillas.es\/tienda\/wp-json\/wp\/v2\/media?parent=4253"}],"wp:term":[{"taxonomy":"product_brand","embeddable":true,"href":"https:\/\/www.pacocinillas.es\/tienda\/wp-json\/wp\/v2\/product_brand?post=4253"},{"taxonomy":"product_cat","embeddable":true,"href":"https:\/\/www.pacocinillas.es\/tienda\/wp-json\/wp\/v2\/product_cat?post=4253"},{"taxonomy":"product_tag","embeddable":true,"href":"https:\/\/www.pacocinillas.es\/tienda\/wp-json\/wp\/v2\/product_tag?post=4253"}],"curies":[{"name":"wp","href":"https:\/\/api.w.org\/{rel}","templated":true}]}}