{"id":4240,"date":"2020-12-29T16:00:35","date_gmt":"2020-12-29T14:00:35","guid":{"rendered":"https:\/\/www.pacocinillas.es\/tienda\/?post_type=product&#038;p=4240"},"modified":"2022-03-07T16:44:21","modified_gmt":"2022-03-07T14:44:21","slug":"ofyr-classic-pro-100-black","status":"publish","type":"product","link":"https:\/\/www.pacocinillas.es\/tienda\/producto\/ofyr-classic-pro-100-black\/","title":{"rendered":"OFYR Classic Storage Negro 100 PRO"},"content":{"rendered":"<div class=\"wpb-content-wrapper\"><p>[vc_row][vc_column width=\u00bb1\/3&#8243;][vc_icon icon_fontawesome=\u00bbfas fa-cloud-download-alt\u00bb color=\u00bbcustom\u00bb align=\u00bbright\u00bb custom_color=\u00bb#dd3333&#8243; link=\u00bburl:https%3A%2F%2Fwww.pacocinillas.es%2Ftienda%2Fwp-content%2Fuploads%2F2020%2F12%2Fofyrp010-4_manual_-_ofyr_cooking_units_pro_-_all_.pdf|target:_blank\u00bb][\/vc_column][vc_column width=\u00bb1\/3&#8243;][vc_column_text]<\/p>\n<p style=\"text-align: left;\"><strong>DESCARGAR MANUAL OFYR<\/strong><\/p>\n<p>[\/vc_column_text][\/vc_column][vc_column width=\u00bb1\/3&#8243;][\/vc_column][\/vc_row][vc_row][vc_column][vc_video link=\u00bbhttps:\/\/www.youtube.com\/watch?v=YwHLrNQMG_U\u00bb][\/vc_column][\/vc_row][vc_row][vc_column][vc_column_text]<strong>CARACTER\u00cdSTICAS T\u00c9CNICAS OFYR Classic PRO OCS-100-PRO BLACK:<\/strong><\/p>\n<p>&#8211; Material Base y cono:\u00a0Acero lacado en negro<\/p>\n<p>&#8211; Plancha: Acero negro<\/p>\n<p>&#8211; Agarradera: Madera de teca<\/p>\n<p>&#8211; 2x ruedas pivotantes + 2x rudeas fijas<\/p>\n<p>&#8211; Dimensiones:<\/p>\n<p>Base: 65 x 65 x 67 cm<\/p>\n<p>Cono:\u00a0\u00d8 95 x 23,5 cm<\/p>\n<p>Plancha:\u00a0\u00d8 100 x 1,2 cm<\/p>\n<p>Orificio interno de la plancha:\u00a0\u00d8 50 x 1,2 cm<\/p>\n<p>Ancho de la plancha:\u00a024 x 1,2 cm<\/p>\n<p>Altura total: 101 cm<\/p>\n<p>&#8211; Peso: Base, agarradera y ruedas 55 kg \/ Cono 22 kg\u00a0\/ Plancha 55 kg.<\/p>\n<p>Peso total 132 kg.<\/p>\n<p><strong>Acerca de OFYR:<\/strong><\/p>\n<p>Barbacoas OFYR\u00a0son unas barbacoas de le\u00f1a de dise\u00f1o. La filosof\u00eda de OFYR\u00a0representa la suma de\u00a0simplicidad \u00fanica, multifuncionalidad y dise\u00f1o bonito.\u00a0 Multifuncionalidad creando nuevas formas de cocinar y entretenimiento al aire libre. El dise\u00f1o \u00fanico de las unidades de cocci\u00f3n OFYR eleva cualquier jard\u00edn. La simplicidad trascendente y las l\u00edneas esculturales crean una imagen de una singularidad como la de los humanos.<\/p>\n<p>OFYR es ideal para usar en cualquier lugar y reunir a todos alrededor del fuego en\u00a0las cuatro estaciones.\u00a0Cuando uno piensa en la cocina al aire libre, suele pensar en una c\u00e1lida noche de verano. \u00bfPero no es justo en los d\u00edas de m\u00e1s fr\u00edo en los que realmente nos apetece algo de calor? Una noche acogedora junto a la chimenea a nosotros nos suena como la perfecta noche invernal. El cuenco de la unidad de cocina OFYR irradia calor en un radio de hasta dos metros, lo que permite cocinar al aire libre y entretener a tus amigos incluso en los meses m\u00e1s fr\u00edos.<\/p>\n<p>Adem\u00e1s, no solo los aficionados al dise\u00f1o y la gastronom\u00eda admiran OFYR\u00a0y preparan una comida con familia y amigos alrededor del fuego\u00a0en el jard\u00edn de su casa. Los cocineros profesionales\u00a0tambi\u00e9n adoran su versatilidad para los eventos de catering y las demostraciones culinarias.<\/p>\n<p><strong>Caracter\u00edsticas principales del\u00a0Modelo<\/strong><strong>\u00a0O<\/strong><strong>FYR<\/strong><strong>\u00a0Classic Almacenaje PRO OCS-100-PRO:<\/strong><\/p>\n<p>La barbacoa OFYR\u00a0Classic Almacenaje PRO OCS-100-PRO tiene todas las caracter\u00edsticas de la barbacoa OFYR Classic Almacenaje\u00a0OCS-100 con la comodidad a\u00f1adida de tener una agarradera y ruedas. As\u00ed, puedes mover f\u00e1cilmente tu unidad de cocina de un lado a otro. Al encenderla, convierte cualquier reuni\u00f3n al aire libre en una ocasi\u00f3n especial. Tiene un aspecto fant\u00e1stico sola o combinada con otras unidades de OFYR.<\/p>\n<p>La agarradera est\u00e1 hecha en madera de teca, por lo que es aconsejable guardar la OFYR Classic Storage PRO dentro o en una zona cubierta.<\/p>\n<p>La base y el cuenco est\u00e1 hecho de acero resistente a la intemperie. Gracias a un proceso qu\u00edmico, el acero Corten dispone de una capa protectora en su superficie que aumenta su resistencia a la corrosi\u00f3n atmosf\u00e9rica comparado con otros aceros. Hace que los productos OFYR, a medida que vayan apareciendo signos de corrosi\u00f3n, obtengan unas caracter\u00edsticas como si se tratara de unas aut\u00e9nticas estatuas cl\u00e1sicas. La capa natural de corrosi\u00f3n protege contra la perforaci\u00f3n por oxidaci\u00f3n.<\/p>\n<p>Placa de cocci\u00f3n es extremadamente resistente al calor y evita que se deforme debido al calor del fuego. Otra ventaja es que es f\u00e1cil de limpiar. Nuestra placa de cocci\u00f3n es tambi\u00e9n m\u00e1s gruesa que la mayor\u00eda de las placas de cocci\u00f3n. Esto proporciona una mejor conducci\u00f3n del calor y evita la deformaci\u00f3n de la placa Durante el proceso de fabricaci\u00f3n, la placa de cocci\u00f3n se estampa de tal manera que el borde interior queda m\u00e1s bajo que el exterior. Como resultado, el aceite se cae hacia adentro y no hacia el exterior de la placa. Nuestra placa de cocci\u00f3n garantiza alta calidad para que puedas disfrutar de una sesi\u00f3n de cocci\u00f3n sin preocupaciones.<\/p>\n<p>La OFYR\u00a0Classic Almacenaje PRO OCS-100-PRO es el complemento perfecto para tu jard\u00edn.<\/p>\n<p><img loading=\"lazy\" decoding=\"async\" class=\"alignnone size-full wp-image-3531\" src=\"https:\/\/www.pacocinillas.es\/tienda\/wp-content\/uploads\/2020\/04\/LOGO_OFYR.jpg\" alt=\"\" width=\"196\" height=\"136\" \/>[\/vc_column_text][\/vc_column][\/vc_row]<\/p>\n<\/div>","protected":false},"excerpt":{"rendered":"<p>La barbacoa OFYR Classic Storage PRO-100 Black es m\u00e1s que una barbacoa, una pieza \u00fanica que resaltar\u00e1 sobremanera en su jard\u00edn. Disfrute cocinando al exterior con fuego de le\u00f1a. Gracias a su plancha en acero de altas prestaciones y de gran espesor donde los alimentos se cocinaran de forma homog\u00e9nea.<\/p>\n<p>Esta no es una barbacoa cualquiera, es una OFYR.<\/p>\n","protected":false},"featured_media":4241,"comment_status":"closed","ping_status":"closed","template":"","meta":[],"product_brand":[],"product_cat":[100],"product_tag":[],"class_list":{"0":"post-4240","1":"product","2":"type-product","3":"status-publish","4":"has-post-thumbnail","6":"product_cat-ofyr","8":"first","9":"instock","10":"taxable","11":"shipping-taxable","12":"purchasable","13":"product-type-simple"},"_links":{"self":[{"href":"https:\/\/www.pacocinillas.es\/tienda\/wp-json\/wp\/v2\/product\/4240","targetHints":{"allow":["GET"]}}],"collection":[{"href":"https:\/\/www.pacocinillas.es\/tienda\/wp-json\/wp\/v2\/product"}],"about":[{"href":"https:\/\/www.pacocinillas.es\/tienda\/wp-json\/wp\/v2\/types\/product"}],"replies":[{"embeddable":true,"href":"https:\/\/www.pacocinillas.es\/tienda\/wp-json\/wp\/v2\/comments?post=4240"}],"wp:featuredmedia":[{"embeddable":true,"href":"https:\/\/www.pacocinillas.es\/tienda\/wp-json\/wp\/v2\/media\/4241"}],"wp:attachment":[{"href":"https:\/\/www.pacocinillas.es\/tienda\/wp-json\/wp\/v2\/media?parent=4240"}],"wp:term":[{"taxonomy":"product_brand","embeddable":true,"href":"https:\/\/www.pacocinillas.es\/tienda\/wp-json\/wp\/v2\/product_brand?post=4240"},{"taxonomy":"product_cat","embeddable":true,"href":"https:\/\/www.pacocinillas.es\/tienda\/wp-json\/wp\/v2\/product_cat?post=4240"},{"taxonomy":"product_tag","embeddable":true,"href":"https:\/\/www.pacocinillas.es\/tienda\/wp-json\/wp\/v2\/product_tag?post=4240"}],"curies":[{"name":"wp","href":"https:\/\/api.w.org\/{rel}","templated":true}]}}