{"id":4053,"date":"2019-10-01T16:55:17","date_gmt":"2019-10-01T14:55:17","guid":{"rendered":"https:\/\/www.pacocinillas.es\/tienda\/?post_type=product&#038;p=4053"},"modified":"2024-11-29T20:47:05","modified_gmt":"2024-11-29T18:47:05","slug":"briquetas-de-coco-para-ofyr-tablo","status":"publish","type":"product","link":"https:\/\/www.pacocinillas.es\/tienda\/producto\/briquetas-de-coco-para-ofyr-tablo\/","title":{"rendered":"BRIQUETAS DE COCO PARA OFYR TABL&#8217;O"},"content":{"rendered":"<p>Las briquetas de coco de OFYR son perfectas para usar con la barbacoa de mesa OFYR Tabl\u2019O. Son muy eficientes: proporcionan mucho calor, son de larga duraci\u00f3n (2 &#8211; 3 horas), desprenden una cantidad de humo m\u00ednima, generan un olor m\u00ednimo y muy pocos desperdicios. Son compactas, 100 % sostenibles, y est\u00e1n fabricadas con restos de coco. En combinaci\u00f3n con la chimenea de encendido\u00a0OFYR Quick Starter\u00a0podr\u00e1s empezar a cocinar\u00a0en la Tabl&#8217;O en solo 15-20 minutos.<\/p>\n<p>&nbsp;<\/p>\n<p>Tama\u00f1o de briquetas: 4x4x4 cm<\/p>\n<p>El paquete contiene 2 kg de briquetas<\/p>\n","protected":false},"excerpt":{"rendered":"<p>Las briquetas de coco de OFYR son perfectas para usar con la barbacoa de mesa OFYR Tabl\u2019O.<\/p>\n","protected":false},"featured_media":4054,"comment_status":"closed","ping_status":"closed","template":"","meta":[],"product_brand":[],"product_cat":[72,100],"product_tag":[],"class_list":{"0":"post-4053","1":"product","2":"type-product","3":"status-publish","4":"has-post-thumbnail","6":"product_cat-accesorios","7":"product_cat-ofyr","9":"first","10":"instock","11":"taxable","12":"shipping-taxable","13":"purchasable","14":"product-type-simple"},"_links":{"self":[{"href":"https:\/\/www.pacocinillas.es\/tienda\/wp-json\/wp\/v2\/product\/4053","targetHints":{"allow":["GET"]}}],"collection":[{"href":"https:\/\/www.pacocinillas.es\/tienda\/wp-json\/wp\/v2\/product"}],"about":[{"href":"https:\/\/www.pacocinillas.es\/tienda\/wp-json\/wp\/v2\/types\/product"}],"replies":[{"embeddable":true,"href":"https:\/\/www.pacocinillas.es\/tienda\/wp-json\/wp\/v2\/comments?post=4053"}],"wp:featuredmedia":[{"embeddable":true,"href":"https:\/\/www.pacocinillas.es\/tienda\/wp-json\/wp\/v2\/media\/4054"}],"wp:attachment":[{"href":"https:\/\/www.pacocinillas.es\/tienda\/wp-json\/wp\/v2\/media?parent=4053"}],"wp:term":[{"taxonomy":"product_brand","embeddable":true,"href":"https:\/\/www.pacocinillas.es\/tienda\/wp-json\/wp\/v2\/product_brand?post=4053"},{"taxonomy":"product_cat","embeddable":true,"href":"https:\/\/www.pacocinillas.es\/tienda\/wp-json\/wp\/v2\/product_cat?post=4053"},{"taxonomy":"product_tag","embeddable":true,"href":"https:\/\/www.pacocinillas.es\/tienda\/wp-json\/wp\/v2\/product_tag?post=4053"}],"curies":[{"name":"wp","href":"https:\/\/api.w.org\/{rel}","templated":true}]}}