{"id":4023,"date":"2020-09-07T11:54:18","date_gmt":"2020-09-07T09:54:18","guid":{"rendered":"https:\/\/www.pacocinillas.es\/tienda\/?post_type=product&#038;p=4023"},"modified":"2025-12-31T21:33:50","modified_gmt":"2025-12-31T19:33:50","slug":"funda-gravity-560","status":"publish","type":"product","link":"https:\/\/www.pacocinillas.es\/tienda\/producto\/funda-gravity-560\/","title":{"rendered":"Funda Gravity Series 560, 600 y 800"},"content":{"rendered":"<div class=\"wpb-content-wrapper\"><p>[vc_row][vc_column][vc_column_text css=\u00bb\u00bb]<\/p>\n<h2 class=\"text-grey-900 font-bold text-h4 mb-6\">Cubierta para parrilla de carb\u00f3n y ahumador digital peque\u00f1a<\/h2>\n<ul class=\"c-description-box__list list-disc ml-6\">\n<li class=\"text-grey-900 opacity-90\">Funda duradera para parrilla de carb\u00f3n y ahumador para mantener su Masterbuilt en perfecto estado todo el a\u00f1o<\/li>\n<li class=\"text-grey-900 opacity-90\">Compatible con las parrillas Gravity Series 600, 800, 900 y AutoIgnite 545<\/li>\n<li class=\"text-grey-900 opacity-90\">Cosida con doble costura para evitar fugas, manteniendo su parrilla como nueva y protegida de los elementos<\/li>\n<li class=\"text-grey-900 opacity-90\">Forro interior de PVC a\u00f1adido que evita desgarros al retirar o colocar la funda en la parrilla<\/li>\n<li class=\"text-grey-900 opacity-90\">Aditivos UV que evitan la decoloraci\u00f3n de la funda y un cord\u00f3n ajustable para mantenerla en su lugar cuando la parrilla est\u00e1 cubierta<\/li>\n<li class=\"text-grey-900 opacity-90\">Dimensiones de la funda: 142 cm (56in) A x 45cm (18in) x 119cm (47in) H<\/li>\n<\/ul>\n<p>[\/vc_column_text][\/vc_column][\/vc_row][vc_row][vc_column][\/vc_column][\/vc_row]<\/p>\n<\/div>","protected":false},"excerpt":{"rendered":"<p>Protege tu inversi\u00f3n en tu barbacoa Masterbuilt\u00ae del sol, la lluvia, el aguanieve y la nieve con esta funda duradera y resistente al agua. Esta funda est\u00e1 fabricada con material resistente al agua que incluye aditivos UV para evitar la decoloraci\u00f3n y prolongar la vida \u00fatil de tu funda. El interior tiene un forro de PVC a\u00f1adido que evita desgarros y costuras dobles cosidas para evitar fugas. El cord\u00f3n ajustable ayuda a mantener la cubierta en su sitio cuando est\u00e1 instalada. Utiliza esta funda con las barbacoas Masterbuilt Gravity Series de hasta 900 pulgadas cuadradas de cocci\u00f3n (0,58 m\u00b2) y la serie AutoIgnite 545.<\/p>\n<ul class=\"c-description-box__list list-disc ml-6\">\n<li class=\"text-grey-900 opacity-90\">Compatible con las parrillas Gravity Series 600, 800, 900 y AutoIgnite 545<\/li>\n<\/ul>\n","protected":false},"featured_media":4024,"comment_status":"closed","ping_status":"closed","template":"","meta":[],"product_brand":[],"product_cat":[112],"product_tag":[],"class_list":{"0":"post-4023","1":"product","2":"type-product","3":"status-publish","4":"has-post-thumbnail","6":"product_cat-masterbuilt","8":"first","9":"instock","10":"taxable","11":"shipping-taxable","12":"purchasable","13":"product-type-simple"},"_links":{"self":[{"href":"https:\/\/www.pacocinillas.es\/tienda\/wp-json\/wp\/v2\/product\/4023","targetHints":{"allow":["GET"]}}],"collection":[{"href":"https:\/\/www.pacocinillas.es\/tienda\/wp-json\/wp\/v2\/product"}],"about":[{"href":"https:\/\/www.pacocinillas.es\/tienda\/wp-json\/wp\/v2\/types\/product"}],"replies":[{"embeddable":true,"href":"https:\/\/www.pacocinillas.es\/tienda\/wp-json\/wp\/v2\/comments?post=4023"}],"wp:featuredmedia":[{"embeddable":true,"href":"https:\/\/www.pacocinillas.es\/tienda\/wp-json\/wp\/v2\/media\/4024"}],"wp:attachment":[{"href":"https:\/\/www.pacocinillas.es\/tienda\/wp-json\/wp\/v2\/media?parent=4023"}],"wp:term":[{"taxonomy":"product_brand","embeddable":true,"href":"https:\/\/www.pacocinillas.es\/tienda\/wp-json\/wp\/v2\/product_brand?post=4023"},{"taxonomy":"product_cat","embeddable":true,"href":"https:\/\/www.pacocinillas.es\/tienda\/wp-json\/wp\/v2\/product_cat?post=4023"},{"taxonomy":"product_tag","embeddable":true,"href":"https:\/\/www.pacocinillas.es\/tienda\/wp-json\/wp\/v2\/product_tag?post=4023"}],"curies":[{"name":"wp","href":"https:\/\/api.w.org\/{rel}","templated":true}]}}