{"id":3889,"date":"2020-06-23T17:20:56","date_gmt":"2020-06-23T15:20:56","guid":{"rendered":"https:\/\/www.pacocinillas.es\/tienda\/?post_type=product&#038;p=3889"},"modified":"2025-12-16T10:49:57","modified_gmt":"2025-12-16T08:49:57","slug":"meater-plus","status":"publish","type":"product","link":"https:\/\/www.pacocinillas.es\/tienda\/producto\/meater-plus\/","title":{"rendered":"Meater+"},"content":{"rendered":"<div class=\"wpb-content-wrapper\"><p>[vc_row][vc_column][vc_column_text]<\/p>\n<ul>\n<li>100% sin cables: sin cables.\u00a0Sin problemas.\u00a0El primer term\u00f3metro de carne inteligente verdaderamente inal\u00e1mbrico.<\/li>\n<li>2 sensores, 1 sonda: los sensores de temperatura duales pueden controlar la temperatura interna de la carne y la temperatura ambiente.<\/li>\n<li>Sistema de cocci\u00f3n guiada: lo gu\u00eda a trav\u00e9s de cada paso del proceso de cocci\u00f3n para garantizar resultados perfectos y consistentes.<\/li>\n<li>Algoritmo de estimador avanzado: estima cu\u00e1nto tiempo cocinar y reposar los alimentos para ayudar a planificar su comida y administrar su tiempo.<\/li>\n<li>Suite de conectividad: controle a su cocinero desde un tel\u00e9fono o tableta a trav\u00e9s de Bluetooth.\u00a0Extienda su alcance inal\u00e1mbrico con MEATER Link WiFi y MEATER Cloud.<\/li>\n<\/ul>\n<p>[\/vc_column_text][\/vc_column][\/vc_row][vc_row][vc_column][vc_video link=\u00bbhttps:\/\/vimeo.com\/431826006&#8243; align=\u00bbcenter\u00bb][\/vc_column][\/vc_row][vc_row][vc_column][vc_column_text]<\/p>\n<h4><span class=\"\">Especificaciones de la sonda<\/span><\/h4>\n<ul>\n<li>Conexi\u00f3n inal\u00e1mbrica Bluetooth LE 4.0<\/li>\n<li>Temperatura interna m\u00e1xima: 100 \u00b0 C (carne)<\/li>\n<li>Temperatura ambiente m\u00e1xima: 275 \u00b0 C (cocina)<\/li>\n<li>Construcci\u00f3n en acero inoxidable y cer\u00e1mica.<\/li>\n<li>Resistente al agua y f\u00e1cil de limpiar.<\/li>\n<li>Recargable: m\u00e1s de 24 horas de cocci\u00f3n continua<\/li>\n<li>Dimensiones: 130 mm de longitud y 6 mm de di\u00e1metro<\/li>\n<\/ul>\n<h4>Especificaciones del cargador<\/h4>\n<ul>\n<li>El repetidor Bluetooth incorporado extiende el alcance hasta 50 m<\/li>\n<li>Almacene y cargue su sonda MEATER<\/li>\n<li>Respaldo magn\u00e9tico: adjuntar en cualquier lugar<\/li>\n<li>Carga MEATER hasta 100 veces con una bater\u00eda AAA<\/li>\n<li>Madera real para combinar con cualquier cocina o decoraci\u00f3n exterior.<\/li>\n<li>Indicador LED para mostrar el estado de la bater\u00eda.<\/li>\n<li>Dimensiones: 157 mm de largo x 37 mm de ancho x 28 mm de alto \u00ab<\/li>\n<\/ul>\n<h4>Requisito de la aplicaci\u00f3n<\/h4>\n<ul>\n<li>Aplicaciones de iPhone y iPad para iOS 10.3 y posterior<\/li>\n<li>Aplicaci\u00f3n de Android para versiones 5.0 y posteriores<\/li>\n<\/ul>\n<p>[\/vc_column_text][\/vc_column][\/vc_row][vc_row][vc_column][vc_single_image image=\u00bb3882&#8243; img_size=\u00bbfull\u00bb][\/vc_column][\/vc_row][vc_row][vc_column][vc_single_image image=\u00bb3892&#8243; img_size=\u00bbfull\u00bb alignment=\u00bbcenter\u00bb][\/vc_column][\/vc_row]<\/p>\n<\/div>","protected":false},"excerpt":{"rendered":"<h5><strong><span class=\"goog-text-highlight\">Alcance inal\u00e1mbrico de hasta 50m.<\/span><\/strong><\/h5>\n<p>MEATER+ es el primer term\u00f3metro de carne inteligente verdaderamente inal\u00e1mbrico. Junto con la aplicaci\u00f3n MEATER, te ayudar\u00e1 a cocinar el bistec, el pollo, el pavo, el pescado u otras carnes m\u00e1s jugosas perfectamente en todo momento para cada ocasi\u00f3n.<\/p>\n<p>El repetidor Bluetooth incorporado en el cargador extiende el alcance inal\u00e1mbrico <strong>hasta 50 m.<br \/>\n<img loading=\"lazy\" decoding=\"async\" class=\"alignnone size-full wp-image-4032\" src=\"https:\/\/www.pacocinillas.es\/tienda\/wp-content\/uploads\/2020\/09\/envio.jpg\" alt=\"\" width=\"200\" height=\"81\" \/><br \/>\n<\/strong><\/p>\n","protected":false},"featured_media":3891,"comment_status":"closed","ping_status":"closed","template":"","meta":[],"product_brand":[],"product_cat":[72,109],"product_tag":[],"class_list":{"0":"post-3889","1":"product","2":"type-product","3":"status-publish","4":"has-post-thumbnail","6":"product_cat-accesorios","7":"product_cat-meater","9":"first","10":"instock","11":"taxable","12":"shipping-taxable","13":"purchasable","14":"product-type-simple"},"_links":{"self":[{"href":"https:\/\/www.pacocinillas.es\/tienda\/wp-json\/wp\/v2\/product\/3889","targetHints":{"allow":["GET"]}}],"collection":[{"href":"https:\/\/www.pacocinillas.es\/tienda\/wp-json\/wp\/v2\/product"}],"about":[{"href":"https:\/\/www.pacocinillas.es\/tienda\/wp-json\/wp\/v2\/types\/product"}],"replies":[{"embeddable":true,"href":"https:\/\/www.pacocinillas.es\/tienda\/wp-json\/wp\/v2\/comments?post=3889"}],"wp:featuredmedia":[{"embeddable":true,"href":"https:\/\/www.pacocinillas.es\/tienda\/wp-json\/wp\/v2\/media\/3891"}],"wp:attachment":[{"href":"https:\/\/www.pacocinillas.es\/tienda\/wp-json\/wp\/v2\/media?parent=3889"}],"wp:term":[{"taxonomy":"product_brand","embeddable":true,"href":"https:\/\/www.pacocinillas.es\/tienda\/wp-json\/wp\/v2\/product_brand?post=3889"},{"taxonomy":"product_cat","embeddable":true,"href":"https:\/\/www.pacocinillas.es\/tienda\/wp-json\/wp\/v2\/product_cat?post=3889"},{"taxonomy":"product_tag","embeddable":true,"href":"https:\/\/www.pacocinillas.es\/tienda\/wp-json\/wp\/v2\/product_tag?post=3889"}],"curies":[{"name":"wp","href":"https:\/\/api.w.org\/{rel}","templated":true}]}}