{"id":3816,"date":"2021-01-30T13:47:36","date_gmt":"2021-01-30T11:47:36","guid":{"rendered":"https:\/\/www.pacocinillas.es\/tienda\/?post_type=product&#038;p=3816"},"modified":"2026-01-01T18:03:45","modified_gmt":"2026-01-01T16:03:45","slug":"parrilla-media-luna-hierro-fundido-kamado-joe-classic","status":"publish","type":"product","link":"https:\/\/www.pacocinillas.es\/tienda\/producto\/parrilla-media-luna-hierro-fundido-kamado-joe-classic\/","title":{"rendered":"Parrilla media luna Hierro Fundido Kamado JOE Classic"},"content":{"rendered":"","protected":false},"excerpt":{"rendered":"<p>&#8211; Al ser de hierro fundido, nos asegura una distribuci\u00f3n homog\u00e9nea del calor sobre toda la superficie de cocci\u00f3n.<\/p>\n<p>&#8211; Largo: 45,7 cm. x Ancho: 22,8 cm. x Grosor: 1,9 cm.<\/p>\n<p>&#8211; Trabaja con el sistema Divide and Conquer.<\/p>\n<p>&#8211; Para usar con el Kamado Joe Classic.<\/p>\n","protected":false},"featured_media":2588,"comment_status":"closed","ping_status":"closed","template":"","meta":[],"product_brand":[],"product_cat":[72,151,43],"product_tag":[],"class_list":{"0":"post-3816","1":"product","2":"type-product","3":"status-publish","4":"has-post-thumbnail","6":"product_cat-accesorios","7":"product_cat-accesoriosjoe","8":"product_cat-kamadojoe","10":"first","11":"instock","12":"taxable","13":"shipping-taxable","14":"purchasable","15":"product-type-simple"},"_links":{"self":[{"href":"https:\/\/www.pacocinillas.es\/tienda\/wp-json\/wp\/v2\/product\/3816","targetHints":{"allow":["GET"]}}],"collection":[{"href":"https:\/\/www.pacocinillas.es\/tienda\/wp-json\/wp\/v2\/product"}],"about":[{"href":"https:\/\/www.pacocinillas.es\/tienda\/wp-json\/wp\/v2\/types\/product"}],"replies":[{"embeddable":true,"href":"https:\/\/www.pacocinillas.es\/tienda\/wp-json\/wp\/v2\/comments?post=3816"}],"wp:featuredmedia":[{"embeddable":true,"href":"https:\/\/www.pacocinillas.es\/tienda\/wp-json\/wp\/v2\/media\/2588"}],"wp:attachment":[{"href":"https:\/\/www.pacocinillas.es\/tienda\/wp-json\/wp\/v2\/media?parent=3816"}],"wp:term":[{"taxonomy":"product_brand","embeddable":true,"href":"https:\/\/www.pacocinillas.es\/tienda\/wp-json\/wp\/v2\/product_brand?post=3816"},{"taxonomy":"product_cat","embeddable":true,"href":"https:\/\/www.pacocinillas.es\/tienda\/wp-json\/wp\/v2\/product_cat?post=3816"},{"taxonomy":"product_tag","embeddable":true,"href":"https:\/\/www.pacocinillas.es\/tienda\/wp-json\/wp\/v2\/product_tag?post=3816"}],"curies":[{"name":"wp","href":"https:\/\/api.w.org\/{rel}","templated":true}]}}