{"id":3791,"date":"2022-01-28T16:35:20","date_gmt":"2022-01-28T14:35:20","guid":{"rendered":"https:\/\/www.pacocinillas.es\/tienda\/?post_type=product&#038;p=3791"},"modified":"2026-01-25T21:33:48","modified_gmt":"2026-01-25T19:33:48","slug":"barbacoa-gas-force","status":"publish","type":"product","link":"https:\/\/www.pacocinillas.es\/tienda\/producto\/barbacoa-gas-force\/","title":{"rendered":"Barbacoa gas FORCE"},"content":{"rendered":"<div class=\"wpb-content-wrapper\"><p>[vc_row][vc_column][vc_column_text]<\/p>\n<h2>Una barbacoa de gas de dise\u00f1o espectacular a un precio incre\u00edble<\/h2>\n<p>Otra joya dentro de nuestro cat\u00e1logo de Everdure by Heston Blumenthal. Si lo que quieres es una barbacoa de gas de alta gama a un precio ajustado, esta es la tuya. Tiene caracter\u00edsticas que cualquier amante de las barbacoas desear\u00eda.<\/p>\n<h3>Potencia y funcionalidad<\/h3>\n<p>El encendido r\u00e1pido nos permitir\u00e1\u00a0estar\u00a0listos para cocinar en solo 5 minutos. Mientras que los modernos mandos\u00a0ponen el control variable de la llama a tu alcance, el momento exacto de sacar la comida lo pones tu.<\/p>\n<h3>Cocci\u00f3n por convecci\u00f3n\u00a0llevada a la simplicidad<\/h3>\n<p>La campana alta facilita \u00a0el arte de la cocci\u00f3n por convecci\u00f3n y crea una circulaci\u00f3n de 360 grados alrededor de la comida, infundiendo algunos sabores maravillosos dif\u00edciles de conseguir con otras barbacoas.<\/p>\n<h3>Dise\u00f1o sin\u00a0contemplaciones<\/h3>\n<p>Cuerpo fabricado de aluminio fundido a presi\u00f3n f\u00e1cil de limpiar que no se oxida.<\/p>\n<h3>Parrilla flexible<\/h3>\n<p>Las planchas intercambiables de hierro fundido y las parrillas con control\u00a0de llama integrados\u00a0hacen\u00a0que puedas ajustar f\u00e1cilmente la configuraci\u00f3n para adaptarse a sus alimentos.<\/p>\n<p><strong>Medidas:<\/strong><\/p>\n<table width=\"474\">\n<tbody>\n<tr>\n<td><\/td>\n<td><strong>Tapa cerrada<\/strong><\/td>\n<td><strong>Tapa Levantada<\/strong><\/td>\n<\/tr>\n<tr>\n<td><strong>Alto<\/strong><\/td>\n<td>106,7 cm<\/td>\n<td>144,7 cm<\/td>\n<\/tr>\n<tr>\n<td><strong>Fondo<\/strong><\/td>\n<td>74,3 cm<\/td>\n<td><\/td>\n<\/tr>\n<tr>\n<td><strong>Ancho<\/strong><\/td>\n<td>117,5 cm<\/td>\n<td><\/td>\n<\/tr>\n<tr>\n<td><strong>Superficie de cocc\u00f3in<\/strong><\/td>\n<td>60&#215;42 cm<\/td>\n<\/tr>\n<\/tbody>\n<\/table>\n<h2><\/h2>\n<p>[\/vc_column_text][vc_video link=\u00bbhttps:\/\/youtu.be\/AsjP1uHbg2Q\u00bb align=\u00bbcenter\u00bb][vc_video link=\u00bbhttps:\/\/youtu.be\/dUQBFG6OhIU\u00bb align=\u00bbcenter\u00bb][\/vc_column][\/vc_row]<\/p>\n<\/div>","protected":false},"excerpt":{"rendered":"<p>Barbacoa de gas con un dise\u00f1o exquisito, con tapa en dos colores distintos y con unos detalles que te enamorar\u00e1n cuando te pongas a cocinar con ella.<\/p>\n","protected":false},"featured_media":3796,"comment_status":"closed","ping_status":"closed","template":"","meta":[],"product_brand":[],"product_cat":[107],"product_tag":[],"class_list":{"0":"post-3791","1":"product","2":"type-product","3":"status-publish","4":"has-post-thumbnail","6":"product_cat-everdure","8":"first","9":"instock","10":"sale","11":"taxable","12":"shipping-taxable","13":"purchasable","14":"product-type-simple"},"_links":{"self":[{"href":"https:\/\/www.pacocinillas.es\/tienda\/wp-json\/wp\/v2\/product\/3791","targetHints":{"allow":["GET"]}}],"collection":[{"href":"https:\/\/www.pacocinillas.es\/tienda\/wp-json\/wp\/v2\/product"}],"about":[{"href":"https:\/\/www.pacocinillas.es\/tienda\/wp-json\/wp\/v2\/types\/product"}],"replies":[{"embeddable":true,"href":"https:\/\/www.pacocinillas.es\/tienda\/wp-json\/wp\/v2\/comments?post=3791"}],"wp:featuredmedia":[{"embeddable":true,"href":"https:\/\/www.pacocinillas.es\/tienda\/wp-json\/wp\/v2\/media\/3796"}],"wp:attachment":[{"href":"https:\/\/www.pacocinillas.es\/tienda\/wp-json\/wp\/v2\/media?parent=3791"}],"wp:term":[{"taxonomy":"product_brand","embeddable":true,"href":"https:\/\/www.pacocinillas.es\/tienda\/wp-json\/wp\/v2\/product_brand?post=3791"},{"taxonomy":"product_cat","embeddable":true,"href":"https:\/\/www.pacocinillas.es\/tienda\/wp-json\/wp\/v2\/product_cat?post=3791"},{"taxonomy":"product_tag","embeddable":true,"href":"https:\/\/www.pacocinillas.es\/tienda\/wp-json\/wp\/v2\/product_tag?post=3791"}],"curies":[{"name":"wp","href":"https:\/\/api.w.org\/{rel}","templated":true}]}}