{"id":3579,"date":"2020-12-29T15:44:38","date_gmt":"2020-12-29T13:44:38","guid":{"rendered":"https:\/\/www.pacocinillas.es\/tienda\/?post_type=product&#038;p=3579"},"modified":"2025-07-07T11:50:46","modified_gmt":"2025-07-07T09:50:46","slug":"ofyr-tablo","status":"publish","type":"product","link":"https:\/\/www.pacocinillas.es\/tienda\/producto\/ofyr-tablo\/","title":{"rendered":"OFYR Tabl&#8217;O"},"content":{"rendered":"<div class=\"wpb-content-wrapper\"><p>[vc_row][vc_column][vc_video link=\u00bbhttps:\/\/www.youtube.com\/watch?v=JKTnXh0SRME\u00bb align=\u00bbcenter\u00bb][vc_video link=\u00bbhttps:\/\/youtu.be\/mdTWMbM-COE\u00bb align=\u00bbcenter\u00bb][\/vc_column][\/vc_row][vc_row][vc_column][vc_column_text]<strong>La OFYR Tabl&#8217;O<\/strong><\/p>\n<p>Terraza, balc\u00f3n y jard\u00edn. Su dise\u00f1o aerodin\u00e1mico y \u00fanico y sus dimensiones hacen que la OFYR Tabl&#8217;O quepa en cualquier lugar y adem\u00e1s quede espectacular.\u00a0OFYR Tabl\u2019O est\u00e1 hecho de acero con un lacado en negro y\u00a0est\u00e1 colocado sobre un tablero resistente al calor.<\/p>\n<p>La placa de cocci\u00f3n de la OFYR Tabl&#8217;O es de 40 cm y est\u00e1 hecha de hierro fundido. Adem\u00e1s tiene una cara lisa y una cara grill que ofrecen varias opciones de cocci\u00f3n.<\/p>\n<p>Para optimizar la cocci\u00f3n, puedes regular el calor aumentando o disminuyendo la cantidad de ox\u00edgeno abriendo o cerrando los orificios de ventilaci\u00f3n.<\/p>\n<p><strong>OFYR Encendido r\u00e1pido:<\/strong><\/p>\n<p>Una de las mejores caracter\u00edsticas de OFYR Tabl\u2019O es el corto tiempo de calentamiento. Usando la chimenea de encendido de doble pared incluida, calienta la OFYR Tabl&#8217;O en 15-20 minutos as\u00ed que No tendr\u00e1s que esperar para disfrutar preparando la comida.<\/p>\n<p><strong>OFYR\u00a0Briquetas de coco:<\/strong><\/p>\n<p>Las briquetas de coco de OFYR son perfectas para usar con Tabl\u2019O. Son muy eficientes: proporcionan mucho calor, son de larga duraci\u00f3n (2 &#8211; 3 horas), desprenden una cantidad de humo m\u00ednima, generan un olor m\u00ednimo y muy pocos desperdicios. Son compactas, 100 % sostenibles, y est\u00e1n fabricadas con restos de coco. En combinaci\u00f3n con la chimenea de encendido\u00a0OFYR Quick Starter, Tabl\u2019O puede usarse casi al momento.<\/p>\n<p><strong>OFYR\u00a0Levantador para la plancha:<\/strong><\/p>\n<p>Tambi\u00e9n se incluye\u00a0un levntador para la plancha reversible con su barbacoa de mesa\u00a0OFYR Tabl\u2019O, que tambi\u00e9n puede usarse para regular la circulaci\u00f3n del aire. Girando el recipiente interior, puedes abrir o cerrar los orificios de ventilaci\u00f3n para regular el calor que quieres. Adem\u00e1s, puede usarse para mover la plancha\u00a0f\u00e1cilmente sin quemarnos.<\/p>\n<p><strong>CARACTER\u00cdSTICAS T\u00c9CNICAS\u00a0OFYR Tabl&#8217;O:<\/strong><\/p>\n<p>Dimensiones:<\/p>\n<p>Placa de cocci\u00f3n \u00d839,5cm\u00a0 \u00a0 \u00a0 \u00a0 de grosor: 1cm<\/p>\n<p>Rejilla de carb\u00f3n: \u00d836cm\u00a0 \u00a0 \u00a0 \u00a0 \u00a0de grosor: 0,3cm<\/p>\n<p>Recipiente interior: \u00d838,5cm\u00a0 \u00a0 altura: 7cm<\/p>\n<p>Recipiente exterior: \u00d840cm\u00a0 \u00a0 \u00a0 \u00a0altura: 9cm<\/p>\n<p>Bandeja: \u00d846,5cm altura: 3cm<\/p>\n<p>Peso:<\/p>\n<p>Chimenea de encendido: 1,5kg<\/p>\n<p>Levantador para la plancha: 0,3kg<\/p>\n<p>Tabl\u2019O: 17,2kg<\/p>\n<p><strong>Acerca de OFYR:<\/strong><\/p>\n<p>Barbacoas OFYR\u00a0son unas barbacoas de le\u00f1a de dise\u00f1o. La filosof\u00eda de OFYR\u00a0representa la suma de\u00a0simplicidad \u00fanica, multifuncionalidad y dise\u00f1o bonito.\u00a0 Multifuncionalidad creando nuevas formas de cocinar y entretenimiento al aire libre. El dise\u00f1o \u00fanico de las unidades de cocci\u00f3n OFYR eleva cualquier jard\u00edn. La simplicidad trascendente y las l\u00edneas esculturales crean una imagen de una singularidad como la de los humanos.<\/p>\n<p>OFYR es ideal para usar en cualquier lugar y reunir a todos alrededor del fuego en\u00a0las cuatro estaciones.\u00a0Cuando uno piensa en la cocina al aire libre, suele pensar en una c\u00e1lida noche de verano. \u00bfPero no es justo en los d\u00edas de m\u00e1s fr\u00edo en los que realmente nos apetece algo de calor? Una noche acogedora junto a la chimenea a nosotros nos suena como la perfecta noche invernal. El cuenco de la unidad de cocina OFYR irradia calor en un radio de hasta dos metros, lo que permite cocinar al aire libre y entretener a tus amigos incluso en los meses m\u00e1s fr\u00edos.<\/p>\n<p>Adem\u00e1s, no solo los aficionados al dise\u00f1o y la gastronom\u00eda admiran OFYR\u00a0y preparan una comida con familia y amigos alrededor del fuego\u00a0en el jard\u00edn de su casa. Los cocineros profesionales\u00a0tambi\u00e9n adoran su versatilidad para los eventos de catering y las demostraciones culinarias.<\/p>\n<p><img loading=\"lazy\" decoding=\"async\" class=\"alignnone size-full wp-image-3531\" src=\"https:\/\/www.pacocinillas.es\/tienda\/wp-content\/uploads\/2020\/04\/LOGO_OFYR.jpg\" alt=\"\" width=\"196\" height=\"136\" \/>[\/vc_column_text][\/vc_column][\/vc_row]<\/p>\n<\/div>","protected":false},"excerpt":{"rendered":"<p>Barbacoa de sobremesa OFYR Tabl\u00b4O funciona con briquetas de coco sin humo. Una barbacoa especial con un elegante dise\u00f1o que cuenta con una parrilla reversible, por un lado lisa y por la otra rayada.<\/p>\n<p>La experiencia \u00fanica de cocinar con carb\u00f3n en tu mesa. Segura, limpia y c\u00f3moda.<\/p>\n","protected":false},"featured_media":3581,"comment_status":"closed","ping_status":"closed","template":"","meta":[],"product_brand":[],"product_cat":[100],"product_tag":[],"class_list":{"0":"post-3579","1":"product","2":"type-product","3":"status-publish","4":"has-post-thumbnail","6":"product_cat-ofyr","8":"first","9":"instock","10":"sale","11":"taxable","12":"shipping-taxable","13":"purchasable","14":"product-type-simple"},"_links":{"self":[{"href":"https:\/\/www.pacocinillas.es\/tienda\/wp-json\/wp\/v2\/product\/3579","targetHints":{"allow":["GET"]}}],"collection":[{"href":"https:\/\/www.pacocinillas.es\/tienda\/wp-json\/wp\/v2\/product"}],"about":[{"href":"https:\/\/www.pacocinillas.es\/tienda\/wp-json\/wp\/v2\/types\/product"}],"replies":[{"embeddable":true,"href":"https:\/\/www.pacocinillas.es\/tienda\/wp-json\/wp\/v2\/comments?post=3579"}],"wp:featuredmedia":[{"embeddable":true,"href":"https:\/\/www.pacocinillas.es\/tienda\/wp-json\/wp\/v2\/media\/3581"}],"wp:attachment":[{"href":"https:\/\/www.pacocinillas.es\/tienda\/wp-json\/wp\/v2\/media?parent=3579"}],"wp:term":[{"taxonomy":"product_brand","embeddable":true,"href":"https:\/\/www.pacocinillas.es\/tienda\/wp-json\/wp\/v2\/product_brand?post=3579"},{"taxonomy":"product_cat","embeddable":true,"href":"https:\/\/www.pacocinillas.es\/tienda\/wp-json\/wp\/v2\/product_cat?post=3579"},{"taxonomy":"product_tag","embeddable":true,"href":"https:\/\/www.pacocinillas.es\/tienda\/wp-json\/wp\/v2\/product_tag?post=3579"}],"curies":[{"name":"wp","href":"https:\/\/api.w.org\/{rel}","templated":true}]}}