{"id":3562,"date":"2020-04-26T23:48:23","date_gmt":"2020-04-26T21:48:23","guid":{"rendered":"https:\/\/www.pacocinillas.es\/tienda\/?post_type=product&#038;p=3562"},"modified":"2021-10-18T11:38:48","modified_gmt":"2021-10-18T09:38:48","slug":"ofyr-isla-ceramica-oi-100-cd","status":"publish","type":"product","link":"https:\/\/www.pacocinillas.es\/tienda\/producto\/ofyr-isla-ceramica-oi-100-cd\/","title":{"rendered":"Ofyr Isla Cer\u00e1mica OI-100-CD"},"content":{"rendered":"<div class=\"wpb-content-wrapper\"><p>[vc_row][vc_column][vc_btn title=\u00bbDESCARGAR FICHA T\u00c9CNICA\u00bb color=\u00bbblack\u00bb align=\u00bbleft\u00bb link=\u00bburl:https%3A%2F%2Fwww.pacocinillas.es%2Ftienda%2Fwp-content%2Fuploads%2F2020%2F04%2FOFYRPO43-05-Product-Sheet-06-OFYR-Island-ES.pdf|title:datasheet%20Ofyr|target:%20_blank|\u00bb][\/vc_column][\/vc_row][vc_row][vc_column][vc_column_text]<strong>Caracter\u00edsticas principales del\u00a0Modelo OFYR\u00a0Isla Cer\u00e1mica OI-100-CD<\/strong><\/p>\n<p>Barbacoa\u00a0OFYR\u00a0Isla Cer\u00e1mica OI-100-CD combina un estilo y funcionalidades inmejorables en un dise\u00f1o compacto. Fabricada en el resistente acero Corten, incluye una barbacoa OFYR con espacio para guardar la le\u00f1a, tabla de cortar de\u00a0 cer\u00e1mica gris oscura y una pr\u00e1ctica bandeja de accesorios para utensilios y condimentos. OFYR\u00a0Isla Cer\u00e1mica OI-100-CD es su completa cocina al aire libre.<\/p>\n<p>Barbacoa\u00a0OFYR\u00a0Isla Cer\u00e1mica OI-100-CD resistente a las condiciones meteorol\u00f3gicas\u00a0est\u00e1 dise\u00f1ada para estar al aire libre en cualquier condici\u00f3n clim\u00e1tica.<\/p>\n<p>La\u00a0tabla de cortar en cer\u00e1mica es\u00a0pr\u00e1ctica, higi\u00e9nica, resistente a las manchas, los ara\u00f1azos y el calor.<\/p>\n<p>La base y el cuenco est\u00e1 hecho de acero resistente a la intemperie. Gracias a un proceso qu\u00edmico, el acero Corten dispone de una capa protectora en su superficie que aumenta su resistencia a la corrosi\u00f3n atmosf\u00e9rica comparado con otros aceros. Hace que los productos OFYR, a medida que vayan apareciendo signos de corrosi\u00f3n, obtengan unas caracter\u00edsticas como si se tratara de unas aut\u00e9nticas estatuas cl\u00e1sicas. La capa natural de corrosi\u00f3n protege contra la perforaci\u00f3n por oxidaci\u00f3n.<\/p>\n<p>Placa de cocci\u00f3n es extremadamente resistente al calor y evita que se deforme debido al calor del fuego. Otra ventaja es que es f\u00e1cil de limpiar. Nuestra placa de cocci\u00f3n es tambi\u00e9n m\u00e1s gruesa que la mayor\u00eda de las placas de cocci\u00f3n. Esto proporciona una mejor conducci\u00f3n del calor y evita la deformaci\u00f3n de la placa Durante el proceso de fabricaci\u00f3n, la placa de cocci\u00f3n se estampa de tal manera que el borde interior queda m\u00e1s bajo que el exterior. Como resultado, el aceite se cae hacia adentro y no hacia el exterior de la placa. Nuestra placa de cocci\u00f3n garantiza alta calidad para que puedas disfrutar de una sesi\u00f3n de cocci\u00f3n sin preocupaciones.<\/p>\n<p>La OFYR \u00a0Isla Cer\u00e1mica OI-100-CD es el complemento perfecto para tu jard\u00edn.<\/p>\n<p><strong>CARACTER\u00cdSTICAS T\u00c9CNICAS\u00a0OFYR\u00a0\u00a0Isla Cer\u00e1mica OI-100-CD:<\/strong><\/p>\n<p>Base y cono: Acero corten<\/p>\n<p>Plancha: Acero negro:<\/p>\n<p>Tabla:\u00a0Cer\u00e1mica gris oscuro<\/p>\n<p>Bandeja de utensilios: Acero corten<\/p>\n<p>Dimensiones:<\/p>\n<p>&#8211; Base\u00a050 x 135 x 73 cm<\/p>\n<p>&#8211; Cono\u00a0\u00d8 95 x 29<\/p>\n<p>&#8211; Plancha\u00a0\u00d8 98 x 1,2 cm<\/p>\n<p>&#8211; Orificio interno de la plancha:\u00a0\u00a0\u00d8 50 x 1,2 cm<\/p>\n<p>&#8211; Ancho de la plancha:\u00a024 x 1,2 cm<\/p>\n<p>&#8211; Tabla\u00a050 x 50 x 10 cm<\/p>\n<p>&#8211; Bandeja de utensilios\u00a015 x 50 x 10 cm<\/p>\n<p>Peso total:\u00a0168,8 kg<\/p>\n<p>Almacenaje \u00b1 0,3 m3 de madera<\/p>\n<p><strong>Acerca de OFYR:<\/strong><\/p>\n<p>Barbacoas OFYR\u00a0son unas barbacoas de le\u00f1a de dise\u00f1o. La filosof\u00eda de OFYR\u00a0representa la suma de\u00a0simplicidad \u00fanica, multifuncionalidad y dise\u00f1o bonito.\u00a0 Multifuncionalidad creando nuevas formas de cocinar y entretenimiento al aire libre. El dise\u00f1o \u00fanico de las unidades de cocci\u00f3n OFYR eleva cualquier jard\u00edn. La simplicidad trascendente y las l\u00edneas esculturales crean una imagen de una singularidad como la de los humanos.<\/p>\n<p>OFYR es ideal para usar en cualquier lugar y reunir a todos alrededor del fuego en\u00a0las cuatro estaciones.\u00a0Cuando uno piensa en la cocina al aire libre, suele pensar en una c\u00e1lida noche de verano. \u00bfPero no es justo en los d\u00edas de m\u00e1s fr\u00edo en los que realmente nos apetece algo de calor? Una noche acogedora junto a la chimenea a nosotros nos suena como la perfecta noche invernal. El cuenco de la unidad de cocina OFYR irradia calor en un radio de hasta dos metros, lo que permite cocinar al aire libre y entretener a tus amigos incluso en los meses m\u00e1s fr\u00edos.<\/p>\n<p>Adem\u00e1s, no solo los aficionados al dise\u00f1o y la gastronom\u00eda admiran OFYR\u00a0y preparan una comida con familia y amigos alrededor del fuego\u00a0en el jard\u00edn de su casa. Los cocineros profesionales\u00a0tambi\u00e9n adoran su versatilidad para los eventos de catering y las demostraciones culinarias.<\/p>\n<p><img loading=\"lazy\" decoding=\"async\" class=\"alignnone size-full wp-image-3531\" src=\"https:\/\/www.pacocinillas.es\/tienda\/wp-content\/uploads\/2020\/04\/LOGO_OFYR.jpg\" alt=\"\" width=\"196\" height=\"136\" \/>[\/vc_column_text][\/vc_column][\/vc_row]<\/p>\n<\/div>","protected":false},"excerpt":{"rendered":"<p>La barbacoa OFYR Isla Cer\u00e1mica OI-100-CD es m\u00e1s que una barbacoa, una pieza \u00fanica que resaltar\u00e1 sobremanera en su jard\u00edn. Disfrute cocinando al exterior con fuego de le\u00f1a. Gracias a su plancha en acero de altas prestaciones y de gran espesor donde los alimentos se cocinaran de forma homog\u00e9nea.<\/p>\n<p>Esta no es una barbacoa cualquiera, es una OFYR.<\/p>\n","protected":false},"featured_media":3563,"comment_status":"closed","ping_status":"closed","template":"","meta":[],"product_brand":[],"product_cat":[100],"product_tag":[],"class_list":{"0":"post-3562","1":"product","2":"type-product","3":"status-publish","4":"has-post-thumbnail","6":"product_cat-ofyr","8":"first","9":"instock","10":"taxable","11":"shipping-taxable","12":"purchasable","13":"product-type-simple"},"_links":{"self":[{"href":"https:\/\/www.pacocinillas.es\/tienda\/wp-json\/wp\/v2\/product\/3562","targetHints":{"allow":["GET"]}}],"collection":[{"href":"https:\/\/www.pacocinillas.es\/tienda\/wp-json\/wp\/v2\/product"}],"about":[{"href":"https:\/\/www.pacocinillas.es\/tienda\/wp-json\/wp\/v2\/types\/product"}],"replies":[{"embeddable":true,"href":"https:\/\/www.pacocinillas.es\/tienda\/wp-json\/wp\/v2\/comments?post=3562"}],"wp:featuredmedia":[{"embeddable":true,"href":"https:\/\/www.pacocinillas.es\/tienda\/wp-json\/wp\/v2\/media\/3563"}],"wp:attachment":[{"href":"https:\/\/www.pacocinillas.es\/tienda\/wp-json\/wp\/v2\/media?parent=3562"}],"wp:term":[{"taxonomy":"product_brand","embeddable":true,"href":"https:\/\/www.pacocinillas.es\/tienda\/wp-json\/wp\/v2\/product_brand?post=3562"},{"taxonomy":"product_cat","embeddable":true,"href":"https:\/\/www.pacocinillas.es\/tienda\/wp-json\/wp\/v2\/product_cat?post=3562"},{"taxonomy":"product_tag","embeddable":true,"href":"https:\/\/www.pacocinillas.es\/tienda\/wp-json\/wp\/v2\/product_tag?post=3562"}],"curies":[{"name":"wp","href":"https:\/\/api.w.org\/{rel}","templated":true}]}}