{"id":3544,"date":"2021-01-04T12:24:36","date_gmt":"2021-01-04T10:24:36","guid":{"rendered":"https:\/\/www.pacocinillas.es\/tienda\/?post_type=product&#038;p=3544"},"modified":"2022-03-07T16:59:34","modified_gmt":"2022-03-07T14:59:34","slug":"ofyr-classic-ocb-85-black","status":"publish","type":"product","link":"https:\/\/www.pacocinillas.es\/tienda\/producto\/ofyr-classic-ocb-85-black\/","title":{"rendered":"OFYR Classic Negro 85"},"content":{"rendered":"<div class=\"wpb-content-wrapper\"><p>[vc_row][vc_column][vc_btn title=\u00bbDESCARGAR FICHA T\u00c9CNICA\u00bb color=\u00bbblack\u00bb align=\u00bbleft\u00bb link=\u00bburl:https%3A%2F%2Fwww.pacocinillas.es%2Ftienda%2Fwp-content%2Fuploads%2F2020%2F04%2FOFYR_storage_Product-Sheet.pdf|title:datasheet%20Ofyr|target:%20_blank|\u00bb][vc_video link=\u00bbhttps:\/\/youtu.be\/YwHLrNQMG_U\u00bb align=\u00bbcenter\u00bb][\/vc_column][\/vc_row][vc_row][vc_column][vc_column_text]<strong>CARACTER\u00cdSTICAS T\u00c9CNICAS OFYR Classic OC-85 Storage<\/strong><\/p>\n<p>&#8211;\u00a0Base:\u00a0Acero lacado en negro<\/p>\n<p>&#8211; Cono:\u00a0Acero corten lacado en negro<\/p>\n<p>&#8211; Plancha: Acero negro<\/p>\n<p>&#8211; Dimensiones:<\/p>\n<p>Base: 45x45x78 cm<\/p>\n<p>Cono: \u00d882&#215;23,5 cm<\/p>\n<p>Plancha: \u00d885&#215;1,2 cm<\/p>\n<p>Orificio interno de la plancha: \u00d840&#215;1,2 cm<\/p>\n<p>Ancho de la plancha: 22,5&#215;1,2 cm<\/p>\n<p>&#8211; Peso: Base 25 kg \/ Cono 16 kg\u00a0\/ Plancha 44 kg. Peso total 85 kg.<\/p>\n<p><strong>Acerca de OFYR:<\/strong><\/p>\n<p>Barbacoas OFYR\u00a0son unas barbacoas de le\u00f1a de dise\u00f1o. La filosof\u00eda de OFYR\u00a0representa la suma de\u00a0simplicidad \u00fanica, multifuncionalidad y dise\u00f1o bonito.\u00a0 Multifuncionalidad creando nuevas formas de cocinar y entretenimiento al aire libre. El dise\u00f1o \u00fanico de las unidades de cocci\u00f3n OFYR eleva cualquier jard\u00edn. La simplicidad trascendente y las l\u00edneas esculturales crean una imagen de una singularidad como la de los humanos.<\/p>\n<p>OFYR es ideal para usar en cualquier lugar y reunir a todos alrededor del fuego en\u00a0las cuatro estaciones.\u00a0Cuando uno piensa en la cocina al aire libre, suele pensar en una c\u00e1lida noche de verano. \u00bfPero no es justo en los d\u00edas de m\u00e1s fr\u00edo en los que realmente nos apetece algo de calor? Una noche acogedora junto a la chimenea a nosotros nos suena como la perfecta noche invernal. El cuenco de la unidad de cocina OFYR irradia calor en un radio de hasta dos metros, lo que permite cocinar al aire libre y entretener a tus amigos incluso en los meses m\u00e1s fr\u00edos.<\/p>\n<p>Adem\u00e1s, no solo los aficionados al dise\u00f1o y la gastronom\u00eda admiran OFYR\u00a0y preparan una comida con familia y amigos alrededor del fuego\u00a0en el jard\u00edn de su casa. Los cocineros profesionales\u00a0tambi\u00e9n adoran su versatilidad para los eventos de catering y las demostraciones culinarias.<\/p>\n<p><strong>Caracter\u00edsticas principales del\u00a0Modelo OFYR Classic Black OCB-85<\/strong><\/p>\n<p>OFYR Classic Black OCB-85 es una barbacoa de le\u00f1a de dise\u00f1o.\u00a0Elegante y sofisticada, OFYR Classic Black OCB-85 llama la atenci\u00f3n en cualquier lugar al aire libre. Enci\u00e9ndela y convierte cada evento al aire libre en una ocasi\u00f3n especial. Fabricada en\u00a0acero lacado en negro resistente al calor.<\/p>\n<p>OFYR Classic Black OCB-85 resistente a las condiciones meteorol\u00f3gicas\u00a0est\u00e1 dise\u00f1ada para estar al aire libre en cualquier condici\u00f3n clim\u00e1tica.<\/p>\n<p>La base y el cuenco est\u00e1 hecho de acero lacado en negro. resistente a la intemperie.\u00a0A los productos de la gama negra se les aplica un recubrimiento de primera clase que proporciona una resistencia a la intemperie en condiciones normales.<\/p>\n<p>Placa de cocci\u00f3n es extremadamente resistente al calor y evita que se deforme debido al calor del fuego. Otra ventaja es que es f\u00e1cil de limpiar. Nuestra placa de cocci\u00f3n es tambi\u00e9n m\u00e1s gruesa que la mayor\u00eda de las placas de cocci\u00f3n. Esto proporciona una mejor conducci\u00f3n del calor y evita la deformaci\u00f3n de la placa Durante el proceso de fabricaci\u00f3n, la placa de cocci\u00f3n se estampa de tal manera que el borde interior queda m\u00e1s bajo que el exterior. Como resultado, el aceite se cae hacia adentro y no hacia el exterior de la placa. Nuestra placa de cocci\u00f3n garantiza alta calidad para que puedas disfrutar de una sesi\u00f3n de cocci\u00f3n sin preocupaciones.<\/p>\n<p><img loading=\"lazy\" decoding=\"async\" class=\"alignnone size-full wp-image-3531\" src=\"https:\/\/www.pacocinillas.es\/tienda\/wp-content\/uploads\/2020\/04\/LOGO_OFYR.jpg\" alt=\"\" width=\"196\" height=\"136\" \/>[\/vc_column_text][\/vc_column][\/vc_row]<\/p>\n<\/div>","protected":false},"excerpt":{"rendered":"<p>OFYR Classic Black OCB-85 es una barbacoa de le\u00f1a de dise\u00f1o.\u00a0Elegante y sofisticada, OFYR Classic Black OCB-85 llama la atenci\u00f3n en cualquier lugar al aire libre. Enci\u00e9ndela y convierte cada evento al aire libre en una ocasi\u00f3n especial. Fabricada en\u00a0acero lacado en negro resistente al calor.<\/p>\n","protected":false},"featured_media":3546,"comment_status":"closed","ping_status":"closed","template":"","meta":[],"product_brand":[],"product_cat":[100],"product_tag":[],"class_list":{"0":"post-3544","1":"product","2":"type-product","3":"status-publish","4":"has-post-thumbnail","6":"product_cat-ofyr","8":"first","9":"instock","10":"taxable","11":"shipping-taxable","12":"purchasable","13":"product-type-simple"},"_links":{"self":[{"href":"https:\/\/www.pacocinillas.es\/tienda\/wp-json\/wp\/v2\/product\/3544","targetHints":{"allow":["GET"]}}],"collection":[{"href":"https:\/\/www.pacocinillas.es\/tienda\/wp-json\/wp\/v2\/product"}],"about":[{"href":"https:\/\/www.pacocinillas.es\/tienda\/wp-json\/wp\/v2\/types\/product"}],"replies":[{"embeddable":true,"href":"https:\/\/www.pacocinillas.es\/tienda\/wp-json\/wp\/v2\/comments?post=3544"}],"wp:featuredmedia":[{"embeddable":true,"href":"https:\/\/www.pacocinillas.es\/tienda\/wp-json\/wp\/v2\/media\/3546"}],"wp:attachment":[{"href":"https:\/\/www.pacocinillas.es\/tienda\/wp-json\/wp\/v2\/media?parent=3544"}],"wp:term":[{"taxonomy":"product_brand","embeddable":true,"href":"https:\/\/www.pacocinillas.es\/tienda\/wp-json\/wp\/v2\/product_brand?post=3544"},{"taxonomy":"product_cat","embeddable":true,"href":"https:\/\/www.pacocinillas.es\/tienda\/wp-json\/wp\/v2\/product_cat?post=3544"},{"taxonomy":"product_tag","embeddable":true,"href":"https:\/\/www.pacocinillas.es\/tienda\/wp-json\/wp\/v2\/product_tag?post=3544"}],"curies":[{"name":"wp","href":"https:\/\/api.w.org\/{rel}","templated":true}]}}