{"id":3224,"date":"2019-08-27T11:01:41","date_gmt":"2019-08-27T09:01:41","guid":{"rendered":"https:\/\/www.pacocinillas.es\/tienda\/?post_type=product&#038;p=3224"},"modified":"2026-04-07T11:29:30","modified_gmt":"2026-04-07T09:29:30","slug":"junta-kevlar-para-kamado-lechef-big-joe","status":"publish","type":"product","link":"https:\/\/www.pacocinillas.es\/tienda\/producto\/junta-kevlar-para-kamado-lechef-big-joe\/","title":{"rendered":"Junta Kevlar para Kamado 23&#8243; LeChef &#8211; Big Joe"},"content":{"rendered":"<div class=\"wpb-content-wrapper\"><p>[vc_row][vc_column][vc_video link=\u00bbhttps:\/\/youtu.be\/honnUCkd89M\u00bb][\/vc_column][\/vc_row][vc_row][vc_column][vc_column_text]Junta de recambio para Kamado Big Joe I y Kamado Monolith modelo LeChef<\/p>\n<p>Nuestro nuevo kit <strong>Gold Standard Gasket<\/strong> (TM) es una mezcla exclusiva de genuino American Kevlar, Nomex\u00ae y otras fibras de alta temperatura con un adhesivo de alta temperatura f\u00e1cil de usar. \u00a1Hemos tomado nuestra actualizaci\u00f3n de juntas de alto rendimiento m\u00e1s vendida en USA.<\/p>\n<p>Ahora, la junta High-Que es <strong>m\u00e1s gruesa<\/strong> pero m\u00e1s suave con m\u00e1s capacidad de relleno de huecos, funciona a temperaturas a\u00fan m\u00e1s altas y se adhiere a\u00fan mejor a las parrillas de cer\u00e1mica.<\/p>\n<p><strong>F\u00e1cil de instalar,<\/strong> materiales superiores y fabricado en los EE. UU.: Nuestro kit Gold Standard Gasket (TM) con <strong>Kevlar<\/strong>, Nomex\u00ae y adhesivo de alta temperatura es la junta de reemplazo de alto calor con mejor rendimiento para su Kamado Joe Classic o Kamado Monolith Classic.<\/p>\n<p><strong>\u00a0<\/strong>[\/vc_column_text][\/vc_column][\/vc_row]<\/p>\n<\/div>","protected":false},"excerpt":{"rendered":"<p>Las juntas de sellado son esenciales para mantener calor bloqueado durante la cocci\u00f3n y evitar la salida de humos, creando el mejor sellado entre la tapa y el cuerpo del Kamado.<\/p>\n<p>Medidas: 4.6m (largo) x 28.5mm (ancho) x 3.5mm(espesor) + extra chimenea<\/p>\n<p><img loading=\"lazy\" decoding=\"async\" class=\"alignnone size-full wp-image-4032\" src=\"https:\/\/www.pacocinillas.es\/tienda\/wp-content\/uploads\/2020\/09\/envio.jpg\" alt=\"\" width=\"200\" height=\"81\" \/><\/p>\n","protected":false},"featured_media":3212,"template":"","meta":[],"product_brand":[],"product_cat":[72],"product_tag":[],"class_list":{"0":"post-3224","1":"product","2":"type-product","3":"status-publish","4":"has-post-thumbnail","6":"product_cat-accesorios","8":"first","9":"instock","10":"taxable","11":"shipping-taxable","12":"purchasable","13":"product-type-simple"},"_links":{"self":[{"href":"https:\/\/www.pacocinillas.es\/tienda\/wp-json\/wp\/v2\/product\/3224","targetHints":{"allow":["GET"]}}],"collection":[{"href":"https:\/\/www.pacocinillas.es\/tienda\/wp-json\/wp\/v2\/product"}],"about":[{"href":"https:\/\/www.pacocinillas.es\/tienda\/wp-json\/wp\/v2\/types\/product"}],"wp:featuredmedia":[{"embeddable":true,"href":"https:\/\/www.pacocinillas.es\/tienda\/wp-json\/wp\/v2\/media\/3212"}],"wp:attachment":[{"href":"https:\/\/www.pacocinillas.es\/tienda\/wp-json\/wp\/v2\/media?parent=3224"}],"wp:term":[{"taxonomy":"product_brand","embeddable":true,"href":"https:\/\/www.pacocinillas.es\/tienda\/wp-json\/wp\/v2\/product_brand?post=3224"},{"taxonomy":"product_cat","embeddable":true,"href":"https:\/\/www.pacocinillas.es\/tienda\/wp-json\/wp\/v2\/product_cat?post=3224"},{"taxonomy":"product_tag","embeddable":true,"href":"https:\/\/www.pacocinillas.es\/tienda\/wp-json\/wp\/v2\/product_tag?post=3224"}],"curies":[{"name":"wp","href":"https:\/\/api.w.org\/{rel}","templated":true}]}}