{"id":2457,"date":"2018-10-10T23:54:04","date_gmt":"2018-10-10T21:54:04","guid":{"rendered":"https:\/\/www.pacocinillas.es\/tienda\/?post_type=product&#038;p=2457"},"modified":"2025-12-01T12:22:35","modified_gmt":"2025-12-01T10:22:35","slug":"kit-ahumado-naranjo-enebro","status":"publish","type":"product","link":"https:\/\/www.pacocinillas.es\/tienda\/producto\/kit-ahumado-naranjo-enebro\/","title":{"rendered":"Kit ahumado NARANJO+ENEBRO (2uds.)"},"content":{"rendered":"<div class=\"wpb-content-wrapper\"><p>[vc_row][vc_column width=\u00bb1\/6&#8243;][\/vc_column][vc_column width=\u00bb2\/3&#8243;][vc_video link=\u00bbhttps:\/\/youtu.be\/EVDMkBomdTw\u00bb el_aspect=\u00bb43&#8243; align=\u00bbcenter\u00bb title=\u00bbC\u00f3mo ahumar chocolate\u00bb][vc_video link=\u00bbhttps:\/\/www.youtube.com\/watch?v=iR-iClE2l6A\u00bb el_aspect=\u00bb43&#8243; align=\u00bbcenter\u00bb title=\u00bbC\u00f3mo hacer salm\u00f3n ahumado\u00bb][vc_video link=\u00bbhttps:\/\/www.youtube.com\/watch?v=hM-0_c2AYT8&amp;t=\u00bb el_aspect=\u00bb43&#8243; align=\u00bbcenter\u00bb title=\u00bbComo funciona el kit\u00bb][vc_column_text]<span style=\"font-weight: 400;\">Los kits de ahumado en fr\u00edo de un solo uso, son una forma de ahumar en casa de forma econ\u00f3mica y sin complicaciones. Con ellos conseguiremos dar a nuestras elaboraciones sabor a humo de le\u00f1a, de una forma natural. <\/span><\/p>\n<p><span style=\"font-weight: 400;\">Usando solo madera de poda controlada, conseguimos el combustible necesario para generar el humo para ahumar en fr\u00edo. Esta t\u00e9cnica que antes se utilizaba para curar o conservar carnes y pescados, hoy en d\u00eda, m\u00e1s que para conservar, lo que hacemos es aromatizar. <\/span><\/p>\n<p><span style=\"font-weight: 400;\">El ahumado en fr\u00edo, debe llevarse a cabo estrictamente a temperaturas inferiores a 30 \u00b0 C para garantizar que los alimentos no comiencen a cocinarse, lo que destruir\u00eda el efecto conservante. El ahumado de conservaci\u00f3n, se logra durante per\u00edodos m\u00e1s largos y, a menudo, durante varios d\u00edas, utilizando solo el humo de la madera para penetrar en la piel de los alimentos y crear una barrera contra las bacterias. La comida se sumerge en una salmuera l\u00edquida o seca, durante 24 horas primero para eliminar el exceso de humedad y para favorecer la absorci\u00f3n del sabor ahumado antes de ahumar el producto. \u00a0\u00a0\u00a0\u00a0\u00a0<\/span>[\/vc_column_text][vc_separator][vc_column_text]<span style=\"font-weight: 400;\">Los kits de ahumado est\u00e1n formados por una pastilla de carb\u00f3n de encina y una cantidad de virutas de madera suficiente, como para ahumar de 30 a 40 minutos.<\/span><\/p>\n<p><span style=\"font-weight: 400;\">Solamente necesitaremos un recipiente donde colocar el producto que deseamos ahumar, que puede ser una olla con accesorio de cocina al vapor, una peque\u00f1a bbq o un par de bandejas con profundidad. Dentro del recipiente elegido, colocaremos la pastilla de carb\u00f3n que encenderemos y aproximadamente en 1 o 2 minutos estar\u00e1 al rojo vivo. En ese momento le iremos a\u00f1adiendo las virutas de madera encima de la pastilla en peque\u00f1as dosis para ir generando el humo necesario para ahumar en fr\u00edo. \u00a0<\/span>[\/vc_column_text][vc_text_separator title=\u00bbTIPS\u00bb color=\u00bbcustom\u00bb accent_color=\u00bb#dd3333&#8243;][\/vc_column][vc_column width=\u00bb1\/6&#8243;][\/vc_column][\/vc_row][vc_row][vc_column width=\u00bb1\/6&#8243;][\/vc_column][vc_column width=\u00bb2\/3&#8243;][vc_column_text]<span style=\"font-weight: 400;\"># Elige el Kit de ahumado en fr\u00edo seg\u00fan el producto que vayas a ahumar, tenemos diferentes combinaciones de maderas. Las cuales te dar\u00e1n un sabor diferente a tus elaboraciones.<\/span><\/p>\n<p><span style=\"font-weight: 400;\"># Siempre deja una peque\u00f1a abertura para que el humo generado salga del recipiente que elijas, si lo haces, lograr\u00e1s mejor sabor a ahumado.<\/span><\/p>\n<p><span style=\"font-weight: 400;\"># Utiliza peque\u00f1as cantidades de virutas cada vez, si las aplastas en la palma de tu mano compact\u00e1ndolas con los dedos conseguir\u00e1s hacer una peque\u00f1a bola de madera, que ser\u00e1 m\u00e1s f\u00e1cil depositar sobre la pastilla encendida de carb\u00f3n.<\/span><\/p>\n<p><span style=\"font-weight: 400;\"># Intenta que el producto que vas a ahumar no est\u00e9 justo encima de la fuente de calor que genera la pastilla de carb\u00f3n. La pastilla genera un calor suave que podr\u00eda producir una peque\u00f1a cocci\u00f3n del producto.<\/span>[\/vc_column_text][\/vc_column][vc_column width=\u00bb1\/6&#8243;][\/vc_column][\/vc_row]<\/p>\n<\/div>","protected":false},"excerpt":{"rendered":"<p><span style=\"font-weight: 400;\"><strong>Env\u00edo gratuito solo Pen\u00ednsula (Correos).<\/strong><\/span><\/p>\n<p><span style=\"font-weight: 400;\">La madera de naranjo en combinaci\u00f3n con la del enebro, hace que nuestros ahumados en fr\u00edo cobren otra dimensi\u00f3n de aromas. La madera de enebro es muy arom\u00e1tica, record\u00e1ndonos a alguna especia. Esta madera combin\u00e1ndola de una forma equilibrada con la madera de naranjo se convierte en una f\u00f3rmula ideal para ahumar el salm\u00f3n, aunque nos funcionar\u00e1 tambi\u00e9n muy bien con cualquier pescado graso e incluso con carnes de ave.<\/span><\/p>\n","protected":false},"featured_media":442,"comment_status":"closed","ping_status":"closed","template":"","meta":[],"product_brand":[],"product_cat":[30,73],"product_tag":[],"class_list":{"0":"post-2457","1":"product","2":"type-product","3":"status-publish","4":"has-post-thumbnail","6":"product_cat-ahumadofrio","7":"product_cat-pacocinillas","9":"first","10":"instock","11":"taxable","12":"shipping-taxable","13":"purchasable","14":"product-type-simple"},"_links":{"self":[{"href":"https:\/\/www.pacocinillas.es\/tienda\/wp-json\/wp\/v2\/product\/2457","targetHints":{"allow":["GET"]}}],"collection":[{"href":"https:\/\/www.pacocinillas.es\/tienda\/wp-json\/wp\/v2\/product"}],"about":[{"href":"https:\/\/www.pacocinillas.es\/tienda\/wp-json\/wp\/v2\/types\/product"}],"replies":[{"embeddable":true,"href":"https:\/\/www.pacocinillas.es\/tienda\/wp-json\/wp\/v2\/comments?post=2457"}],"wp:featuredmedia":[{"embeddable":true,"href":"https:\/\/www.pacocinillas.es\/tienda\/wp-json\/wp\/v2\/media\/442"}],"wp:attachment":[{"href":"https:\/\/www.pacocinillas.es\/tienda\/wp-json\/wp\/v2\/media?parent=2457"}],"wp:term":[{"taxonomy":"product_brand","embeddable":true,"href":"https:\/\/www.pacocinillas.es\/tienda\/wp-json\/wp\/v2\/product_brand?post=2457"},{"taxonomy":"product_cat","embeddable":true,"href":"https:\/\/www.pacocinillas.es\/tienda\/wp-json\/wp\/v2\/product_cat?post=2457"},{"taxonomy":"product_tag","embeddable":true,"href":"https:\/\/www.pacocinillas.es\/tienda\/wp-json\/wp\/v2\/product_tag?post=2457"}],"curies":[{"name":"wp","href":"https:\/\/api.w.org\/{rel}","templated":true}]}}