{"id":2282,"date":"2022-05-08T12:05:00","date_gmt":"2022-05-08T10:05:00","guid":{"rendered":"http:\/\/www.pacocinillas.es\/tienda\/?post_type=product&#038;p=2282"},"modified":"2026-01-02T21:50:56","modified_gmt":"2026-01-02T19:50:56","slug":"kamado-joe-classic-2","status":"publish","type":"product","link":"https:\/\/www.pacocinillas.es\/tienda\/producto\/kamado-joe-classic-2\/","title":{"rendered":"KAMADO JOE CLASSIC II"},"content":{"rendered":"<div class=\"wpb-content-wrapper\"><p>[vc_row][vc_column width=\u00bb1\/6&#8243;][\/vc_column][vc_column width=\u00bb2\/3&#8243;][vc_column_text css=\u00bb.vc_custom_1610464666120{padding-right: 100px !important;padding-left: 100px !important;}\u00bb]<\/p>\n<div class=\"texto_pral\">\n<p>&#8211; Dimensiones con carro 121.9 cm alto x 118.1 cm ancho x 71.1 cm profundidad.<\/p>\n<p>&#8211; Superficie de cocci\u00f3n: 46 cm di\u00e1metro.<\/p>\n<p>&#8211; Peso: 113 Kg.<\/p>\n<p><strong><u>Kamado Joe Classic II\u00a0 incluye:<\/u><\/strong><\/p>\n<p>&#8211; V\u00e1lvula de ventilaci\u00f3n Superior. TOP VENT<\/p>\n<p>&#8211; Term\u00f3metro integrado en la tapa.<\/p>\n<p>&#8211; Mesas laterales plegables.<\/p>\n<p>&#8211; Sistema Divide and Conquer con 2 deflectores de cer\u00e1mica.<\/p>\n<p>&#8211; C\u00e1mara de Combusti\u00f3n Multi-Panel.<\/p>\n<p>&#8211; Carro de Hierro Fundido.<\/p>\n<p>&#8211; Elevador de Parrillas.<\/p>\n<p>&#8211; Recogedor de Cenizas.<\/p>\n<p>Este kamado viene dotado con el sistema patentado de cocina flexible \u201cDivide &amp; Conquer\u201d, que consiste en un dise\u00f1o de medias parrillas a diferentes alturas, permitiendo su utilizaci\u00f3n en m\u00faltiples niveles y con diferentes superficies (parrillas de hierro, de varillas, planchas\u2026. A su vez, se pueden crear diferentes zonas de calor, mediante los deflectores cer\u00e1micos incluidos.<\/p>\n<p>Gracias a su sistema de ventilaci\u00f3n, permite cocinar de forma lenta a bajas temperaturas (100\u00baC), y tambi\u00e9n cocinar a altas temperaturas de hasta 450\u00baC. Funciona durante horas, sin necesidad de a\u00f1adir m\u00e1s carb\u00f3n, lo que supone un gran ahorro y permite desarrollar muchas posibilidades.<\/p>\n<\/div>\n<p>[\/vc_column_text][\/vc_column][vc_column width=\u00bb1\/6&#8243;][\/vc_column][\/vc_row][vc_row][vc_column width=\u00bb1\/6&#8243;][\/vc_column][vc_column width=\u00bb1\/6&#8243;][vc_icon type=\u00bbtypicons\u00bb icon_typicons=\u00bbtypcn typcn-arrow-forward\u00bb color=\u00bbcustom\u00bb size=\u00bbxl\u00bb align=\u00bbcenter\u00bb custom_color=\u00bb#dd3333&#8243;][vc_column_text]<\/p>\n<h4 style=\"text-align: center;\">Port\u00e1til y flexible<\/h4>\n<p>[\/vc_column_text][\/vc_column][vc_column width=\u00bb1\/6&#8243;][vc_icon type=\u00bbtypicons\u00bb icon_typicons=\u00bbtypcn typcn-weather-cloudy\u00bb color=\u00bbcustom\u00bb size=\u00bbxl\u00bb align=\u00bbcenter\u00bb custom_color=\u00bb#dd3333&#8243;][vc_column_text]<\/p>\n<h4 style=\"text-align: center;\">Vers\u00e1til<\/h4>\n<p>[\/vc_column_text][\/vc_column][vc_column width=\u00bb1\/6&#8243;][vc_icon type=\u00bbtypicons\u00bb icon_typicons=\u00bbtypcn typcn-shopping-cart\u00bb color=\u00bbcustom\u00bb size=\u00bbxl\u00bb align=\u00bbcenter\u00bb custom_color=\u00bb#dd3333&#8243;][vc_column_text]<\/p>\n<h4 style=\"text-align: center;\">Env\u00edo gratis<\/h4>\n<p>[\/vc_column_text][\/vc_column][vc_column width=\u00bb1\/6&#8243;][vc_icon type=\u00bbtypicons\u00bb icon_typicons=\u00bbtypcn typcn-phone-outline\u00bb color=\u00bbcustom\u00bb size=\u00bbxl\u00bb align=\u00bbcenter\u00bb custom_color=\u00bb#dd3333&#8243;][vc_column_text]<\/p>\n<h4 style=\"text-align: center;\">Atenci\u00f3n al cliente<\/h4>\n<p>[\/vc_column_text][\/vc_column][vc_column width=\u00bb1\/6&#8243;][\/vc_column][\/vc_row][vc_row][vc_column width=\u00bb1\/6&#8243;][\/vc_column][vc_column width=\u00bb1\/6&#8243;][vc_video link=\u00bbhttps:\/\/youtu.be\/zkQhUoOHDsA\u00bb align=\u00bbcenter\u00bb][\/vc_column][vc_column width=\u00bb1\/6&#8243;][vc_video link=\u00bbhttps:\/\/youtu.be\/1EAxY5keXps\u00bb align=\u00bbcenter\u00bb][\/vc_column][vc_column width=\u00bb1\/6&#8243;][vc_video link=\u00bbhttps:\/\/youtu.be\/qEq-TvcnhXM\u00bb][\/vc_column][vc_column width=\u00bb1\/6&#8243;][vc_video link=\u00bbhttps:\/\/youtu.be\/_0hh4fxg3B8&#8243;][\/vc_column][vc_column width=\u00bb1\/6&#8243;][\/vc_column][\/vc_row][vc_row][vc_column][vc_single_image image=\u00bb4354&#8243; img_size=\u00bbfull\u00bb alignment=\u00bbcenter\u00bb][\/vc_column][\/vc_row][vc_row][vc_column][vc_video link=\u00bbhttps:\/\/www.youtube.com\/watch?v=zkQhUoOHDsA\u00bb align=\u00bbcenter\u00bb][\/vc_column][\/vc_row]<\/p>\n<\/div>","protected":false},"excerpt":{"rendered":"<div class=\"texto_pral\">\n<p><strong>Kamado Joe Classic II<\/strong>\u00a0 es el modelo <strong>mediano<\/strong> de kamado y m\u00e1s vers\u00e1til que cuenta con un cuerpo cer\u00e1mico de paredes gruesas y resistente al calor que bloquea el humo y la humedad a cualquier temperatura. Su c\u00fapula, f\u00e1cil de abrir gracias a la nueva bisagra de elevaci\u00f3n, incluye en la parte superior, un control de ventilaci\u00f3n de doble disco a prueba de elementos, mientras que la gran superficie de cocci\u00f3n est\u00e1 fabricada en acero inoxidable de alta calidad.<\/p>\n<p><strong>*El PVP incluye los portes a puerta de calle en la Pen\u00ednsula (consultar para otros destinos).<\/strong><\/p>\n<\/div>\n","protected":false},"featured_media":8159,"comment_status":"closed","ping_status":"closed","template":"","meta":[],"product_brand":[],"product_cat":[149,43],"product_tag":[],"class_list":{"0":"post-2282","1":"product","2":"type-product","3":"status-publish","4":"has-post-thumbnail","6":"product_cat-classicjoe","7":"product_cat-kamadojoe","9":"first","10":"instock","11":"taxable","12":"shipping-taxable","13":"purchasable","14":"product-type-simple"},"_links":{"self":[{"href":"https:\/\/www.pacocinillas.es\/tienda\/wp-json\/wp\/v2\/product\/2282","targetHints":{"allow":["GET"]}}],"collection":[{"href":"https:\/\/www.pacocinillas.es\/tienda\/wp-json\/wp\/v2\/product"}],"about":[{"href":"https:\/\/www.pacocinillas.es\/tienda\/wp-json\/wp\/v2\/types\/product"}],"replies":[{"embeddable":true,"href":"https:\/\/www.pacocinillas.es\/tienda\/wp-json\/wp\/v2\/comments?post=2282"}],"wp:featuredmedia":[{"embeddable":true,"href":"https:\/\/www.pacocinillas.es\/tienda\/wp-json\/wp\/v2\/media\/8159"}],"wp:attachment":[{"href":"https:\/\/www.pacocinillas.es\/tienda\/wp-json\/wp\/v2\/media?parent=2282"}],"wp:term":[{"taxonomy":"product_brand","embeddable":true,"href":"https:\/\/www.pacocinillas.es\/tienda\/wp-json\/wp\/v2\/product_brand?post=2282"},{"taxonomy":"product_cat","embeddable":true,"href":"https:\/\/www.pacocinillas.es\/tienda\/wp-json\/wp\/v2\/product_cat?post=2282"},{"taxonomy":"product_tag","embeddable":true,"href":"https:\/\/www.pacocinillas.es\/tienda\/wp-json\/wp\/v2\/product_tag?post=2282"}],"curies":[{"name":"wp","href":"https:\/\/api.w.org\/{rel}","templated":true}]}}