{"id":7971,"date":"2025-08-21T00:35:44","date_gmt":"2025-08-20T22:35:44","guid":{"rendered":"https:\/\/www.pacocinillas.es\/tienda\/?page_id=7971"},"modified":"2026-01-14T12:37:12","modified_gmt":"2026-01-14T10:37:12","slug":"envios","status":"publish","type":"page","link":"https:\/\/www.pacocinillas.es\/tienda\/envios\/","title":{"rendered":"Env\u00edos"},"content":{"rendered":"<div class=\"wpb-content-wrapper\"><p>[vc_row][vc_column][vc_column_text css=\u00bb\u00bb]<\/p>\n<p data-start=\"77\" data-end=\"227\">\ud83d\ude9a <strong data-start=\"80\" data-end=\"102\">Env\u00edos disponibles<\/strong><br data-start=\"102\" data-end=\"105\" \/>Realizamos env\u00edos \u00fanicamente a <strong data-start=\"136\" data-end=\"168\">Espa\u00f1a peninsular y Baleares<\/strong>.<br data-start=\"169\" data-end=\"172\" \/>No realizamos env\u00edos a <strong data-start=\"195\" data-end=\"224\">Canarias, Ceuta y Melilla<\/strong>.<\/p>\n<p data-start=\"229\" data-end=\"268\">\ud83d\udce6 <strong data-start=\"232\" data-end=\"266\">Condiciones para la Pen\u00ednsula:<\/strong><\/p>\n<ul data-start=\"269\" data-end=\"409\">\n<li data-start=\"269\" data-end=\"344\">\n<p data-start=\"271\" data-end=\"344\">Pedidos inferiores a <strong>80\u00a0\u20ac (IVA incl.)<\/strong> \u2192 gastos de env\u00edo <strong data-start=\"331\" data-end=\"341\">8,00 \u20ac<\/strong>.<\/p>\n<\/li>\n<li data-start=\"345\" data-end=\"409\">\n<p data-start=\"347\" data-end=\"409\">Pedidos a partir de <strong data-start=\"367\" data-end=\"387\">80\u20ac (IVA incl.)<\/strong> \u2192 <strong data-start=\"390\" data-end=\"406\">env\u00edo gratis<\/strong>.<\/p>\n<\/li>\n<\/ul>\n<p data-start=\"134\" data-end=\"202\"><strong data-start=\"137\" data-end=\"157\">Nota importante:<\/strong> No realizamos env\u00edos a apartados postales.<\/p>\n<p data-start=\"109\" data-end=\"149\"><strong data-start=\"112\" data-end=\"147\">Plazos y condiciones de entrega<\/strong><\/p>\n<ul data-start=\"151\" data-end=\"778\">\n<li data-start=\"151\" data-end=\"331\">\n<p data-start=\"153\" data-end=\"331\">Trabajamos con <strong data-start=\"168\" data-end=\"202\">empresas de transporte urgente<\/strong>, que realizan la entrega en un plazo de <strong data-start=\"243\" data-end=\"268\">48 horas h\u00e1biles<\/strong> (de lunes a viernes, excluyendo fines de semana y festivos).<\/p>\n<\/li>\n<li data-start=\"332\" data-end=\"429\">\n<p data-start=\"334\" data-end=\"429\">Para env\u00edos paletizados, el plazo de entrega puede ser superior.<\/p>\n<\/li>\n<li data-start=\"430\" data-end=\"565\">\n<p data-start=\"432\" data-end=\"565\">En <strong data-start=\"435\" data-end=\"481\">pueblos peque\u00f1os o zonas de dif\u00edcil acceso<\/strong>, donde las agencias no tienen ruta diaria, el plazo podr\u00eda alargarse.<\/p>\n<\/li>\n<li data-start=\"566\" data-end=\"692\">\n<p data-start=\"568\" data-end=\"692\">El plazo de entrega <strong>empieza a contar<\/strong> desde el momento en que la empresa de transporte recoge el pedido y se confirma por email como pedido completado.<\/p>\n<\/li>\n<li data-start=\"693\" data-end=\"778\">\n<p data-start=\"695\" data-end=\"778\">Las entregas se realizan siempre <strong data-start=\"725\" data-end=\"743\">a pie de calle<\/strong> (puerta exterior del domicilio).<\/p>\n<\/li>\n<li data-start=\"693\" data-end=\"778\">No se realizan entregas en el <strong>interior<\/strong> de las viviendas<\/li>\n<li data-start=\"693\" data-end=\"778\"><strong>En ning\u00fan caso se incluye el montaje<\/strong> de las barbacoas y kamados<\/li>\n<\/ul>\n<p data-start=\"204\" data-end=\"485\">Nuestros plazos de entrega se basan en los tiempos que nos indican las empresas de transporte con las que trabajamos. Normalmente los pedidos llegan dentro del plazo previsto, pero pueden surgir imprevistos (clima, tr\u00e1fico, festivos, incidencias log\u00edsticas\u2026) que escapan a nuestro control.<\/p>\n<p data-start=\"487\" data-end=\"703\">Si hubiera alg\u00fan retraso, te avisaremos por correo electr\u00f3nico y te enviaremos tu barbacoa en cuanto sea posible.<\/p>\n<p data-start=\"705\" data-end=\"793\">Y si tu pedido incluye varios productos, puede que los recibas en diferentes entregas:<\/p>\n<p data-start=\"705\" data-end=\"793\">Las <strong data-start=\"112\" data-end=\"135\">barbacoas y kamados<\/strong> se env\u00edan en <strong data-start=\"149\" data-end=\"159\">palets<\/strong> a trav\u00e9s de agencia de transporte especializada, para garantizar que lleguen en perfectas condiciones.<br data-start=\"262\" data-end=\"265\" \/>Los <strong data-start=\"269\" data-end=\"308\">accesorios y productos m\u00e1s peque\u00f1os<\/strong> pueden enviarse por <strong data-start=\"329\" data-end=\"352\">paqueter\u00eda est\u00e1ndar<\/strong>.<\/p>\n<p data-start=\"705\" data-end=\"793\">\u2728 <strong>En PACOCINILLAS ponemos todo de nuestra parte para que recibas tu pedido en el menor tiempo posible.<br \/>\nAun as\u00ed, en ocasiones pueden surgir imprevistos ajenos tanto a nosotros como a la agencia de transporte. Te pedimos un poquito de paciencia y comprensi\u00f3n: tu barbacoa llegar\u00e1 muy pronto y merecer\u00e1 la espera.<\/strong> \ud83d\udd25<\/p>\n<p>[\/vc_column_text][\/vc_column][\/vc_row][vc_row][vc_column][vc_single_image image=\u00bb2388&#8243; img_size=\u00bbfull\u00bb css=\u00bb\u00bb][\/vc_column][\/vc_row]<\/p>\n<\/div>","protected":false},"excerpt":{"rendered":"<p>[vc_row][vc_column][vc_column_text css=\u00bb\u00bb] \ud83d\ude9a Env\u00edos disponiblesRealizamos env\u00edos \u00fanicamente a Espa\u00f1a peninsular y Baleares.No realizamos env\u00edos a Canarias, Ceuta y Melilla. \ud83d\udce6 Condiciones para la Pen\u00ednsula: Pedidos inferiores a 80\u00a0\u20ac (IVA incl.) \u2192 gastos de env\u00edo 8,00 \u20ac. Pedidos a partir de 80\u20ac (IVA incl.) \u2192 env\u00edo gratis. Nota importante: No realizamos env\u00edos a apartados postales. Plazos [&hellip;]<\/p>\n","protected":false},"author":1,"featured_media":0,"parent":0,"menu_order":0,"comment_status":"closed","ping_status":"closed","template":"","meta":{"footnotes":""},"class_list":["post-7971","page","type-page","status-publish","hentry"],"_links":{"self":[{"href":"https:\/\/www.pacocinillas.es\/tienda\/wp-json\/wp\/v2\/pages\/7971","targetHints":{"allow":["GET"]}}],"collection":[{"href":"https:\/\/www.pacocinillas.es\/tienda\/wp-json\/wp\/v2\/pages"}],"about":[{"href":"https:\/\/www.pacocinillas.es\/tienda\/wp-json\/wp\/v2\/types\/page"}],"author":[{"embeddable":true,"href":"https:\/\/www.pacocinillas.es\/tienda\/wp-json\/wp\/v2\/users\/1"}],"replies":[{"embeddable":true,"href":"https:\/\/www.pacocinillas.es\/tienda\/wp-json\/wp\/v2\/comments?post=7971"}],"version-history":[{"count":0,"href":"https:\/\/www.pacocinillas.es\/tienda\/wp-json\/wp\/v2\/pages\/7971\/revisions"}],"wp:attachment":[{"href":"https:\/\/www.pacocinillas.es\/tienda\/wp-json\/wp\/v2\/media?parent=7971"}],"curies":[{"name":"wp","href":"https:\/\/api.w.org\/{rel}","templated":true}]}}