{"id":5725,"date":"2022-04-25T17:34:46","date_gmt":"2022-04-25T15:34:46","guid":{"rendered":"https:\/\/www.pacocinillas.es\/tienda\/?page_id=5725"},"modified":"2022-06-07T14:31:27","modified_gmt":"2022-06-07T12:31:27","slug":"traeger","status":"publish","type":"page","link":"https:\/\/www.pacocinillas.es\/tienda\/traeger\/","title":{"rendered":"Traeger"},"content":{"rendered":"<div class=\"wpb-content-wrapper\"><p>[vc_row full_width=\u00bbstretch_row_content_no_spaces\u00bb css=\u00bb.vc_custom_1654534780462{padding-top: 200px !important;padding-bottom: 200px !important;background-image: url(https:\/\/www.pacocinillas.es\/tienda\/wp-content\/uploads\/2022\/06\/HOMEPAGE_Traeger-makes-wood-fired-cooking-simple.jpeg?id=5865) !important;background-position: center !important;background-repeat: no-repeat !important;background-size: cover !important;}\u00bb][vc_column][vc_column_text]<\/p>\n<h1 style=\"text-align: center;\"><span style=\"color: #ffffff;\">Traeger<\/span><\/h1>\n<p>[\/vc_column_text][\/vc_column][\/vc_row][vc_row][vc_column][vc_single_image image=\u00bb5867&#8243; img_size=\u00bb200&#215;200&#8243; alignment=\u00bbcenter\u00bb][vc_column_text]<\/p>\n<p class=\"p1\"><strong>\u00bfPOR QU\u00c9 HACERSE CON UNA BARBACOA DE PELLETS TRAEGER?<\/strong><\/p>\n<p class=\"p4\">Traeger cre\u00f3 la barbacoa original de pellets de le\u00f1a, y desde entonces, nada nos ha podido parar.<\/p>\n<p class=\"p4\">Hemos perfeccionado la barbacoa hasta crear un producto extremadamente sencillo de usar. Con la comida ya sobre la parrilla, podr\u00e1s sentarte y relajarte con tus invitados. Lograr\u00e1s sabores de lo m\u00e1s ahumados y los filetes m\u00e1s jugosos. Ya est\u00e9s horneando, ahumando, braseando o disfrutando de una barbacoa cl\u00e1sica, Traeger ser\u00e1 tu aliada perfecta.<\/p>\n<p>[\/vc_column_text]<div class=\"woocommerce columns-4 \"><ul class=\"products columns-4\">\n<li class=\"product type-product post-7329 status-publish first instock product_cat-traeger has-post-thumbnail taxable shipping-taxable purchasable product-type-simple\">\r\n\r\n\t\r\n    <div class=\"product_thumbnail_wrapper \">\r\n\r\n\t\t<a href=\"https:\/\/www.pacocinillas.es\/tienda\/producto\/traeger-ironwood\/\" class=\"woocommerce-LoopProduct-link woocommerce-loop-product__link\">\r\n\r\n\t        <div class=\"product_thumbnail with_second_image\">\r\n\t            <img loading=\"lazy\" decoding=\"async\" width=\"300\" height=\"300\" src=\"https:\/\/www.pacocinillas.es\/tienda\/wp-content\/uploads\/2024\/06\/traeger-ironwood-new-300x300.jpeg\" class=\"attachment-woocommerce_thumbnail size-woocommerce_thumbnail\" alt=\"TRAEGER IRONWOOD INT\" srcset=\"https:\/\/www.pacocinillas.es\/tienda\/wp-content\/uploads\/2024\/06\/traeger-ironwood-new-300x300.jpeg 300w, https:\/\/www.pacocinillas.es\/tienda\/wp-content\/uploads\/2024\/06\/traeger-ironwood-new-150x150.jpeg 150w, https:\/\/www.pacocinillas.es\/tienda\/wp-content\/uploads\/2024\/06\/traeger-ironwood-new-768x768.jpeg 768w, https:\/\/www.pacocinillas.es\/tienda\/wp-content\/uploads\/2024\/06\/traeger-ironwood-new-600x600.jpeg 600w, https:\/\/www.pacocinillas.es\/tienda\/wp-content\/uploads\/2024\/06\/traeger-ironwood-new-100x100.jpeg 100w, https:\/\/www.pacocinillas.es\/tienda\/wp-content\/uploads\/2024\/06\/traeger-ironwood-new.jpeg 800w\" sizes=\"auto, (max-width: 300px) 100vw, 300px\" \/>\t            \t            \t<span class=\"product_thumbnail_background\" style=\"background-image:url(https:\/\/www.pacocinillas.es\/tienda\/wp-content\/uploads\/2024\/06\/traeger-ironwood-new2-300x300.jpeg)\"><\/span>\r\n\t        \t\t        <\/div><!--.product_thumbnail-->\r\n\t\t<\/a>\r\n\r\n\t\t\t\t\t\t\t\r\n\t\t\r\n\t\t\r\n\t\t\r\n    <\/div><!--.product_thumbnail_wrapper-->\r\n\r\n    \r\n\t<h2 class=\"woocommerce-loop-product__title\">\r\n\t\t<a href=\"https:\/\/www.pacocinillas.es\/tienda\/producto\/traeger-ironwood\/\">TRAEGER IRONWOOD INT<\/a>\r\n\t<\/h2>\r\n\r\n\t\r\n        <div class=\"product_after_shop_loop\">\r\n        <div class=\"product_after_shop_loop_switcher\">\r\n    \r\n            \n\t<span class=\"price\"><span class=\"woocommerce-Price-amount amount\"><bdi>2.299,99<span class=\"woocommerce-Price-currencySymbol\">&euro;<\/span><\/bdi><\/span><\/span>\n<a href=\"\/tienda\/wp-json\/wp\/v2\/pages\/5725?add-to-cart=7329\" aria-describedby=\"woocommerce_loop_add_to_cart_link_describedby_7329\" data-quantity=\"1\" class=\"button product_type_simple add_to_cart_button ajax_add_to_cart\" data-product_id=\"7329\" data-product_sku=\"TFB61RLGI\" aria-label=\"A\u00f1adir al carrito: &ldquo;TRAEGER IRONWOOD INT&rdquo;\" rel=\"nofollow\" data-success_message=\"\u00abTRAEGER IRONWOOD INT\u00bb se ha a\u00f1adido a tu carrito\">A\u00f1adir al carrito<\/a>\t<span id=\"woocommerce_loop_add_to_cart_link_describedby_7329\" class=\"screen-reader-text\">\n\t\t\t<\/span>\n\r\n            <\/div>\r\n    <\/div>\r\n    \r\n\t\r\n<\/li>\r\n<li class=\"product type-product post-7324 status-publish instock product_cat-traeger has-post-thumbnail taxable shipping-taxable purchasable product-type-simple\">\r\n\r\n\t\r\n    <div class=\"product_thumbnail_wrapper \">\r\n\r\n\t\t<a href=\"https:\/\/www.pacocinillas.es\/tienda\/producto\/traeger-ironwood-xl-int\/\" class=\"woocommerce-LoopProduct-link woocommerce-loop-product__link\">\r\n\r\n\t        <div class=\"product_thumbnail with_second_image\">\r\n\t            <img loading=\"lazy\" decoding=\"async\" width=\"300\" height=\"300\" src=\"https:\/\/www.pacocinillas.es\/tienda\/wp-content\/uploads\/2024\/06\/traeger-ironwood-xl-300x300.jpeg\" class=\"attachment-woocommerce_thumbnail size-woocommerce_thumbnail\" alt=\"TRAEGER IRONWOOD XL INT\" srcset=\"https:\/\/www.pacocinillas.es\/tienda\/wp-content\/uploads\/2024\/06\/traeger-ironwood-xl-300x300.jpeg 300w, https:\/\/www.pacocinillas.es\/tienda\/wp-content\/uploads\/2024\/06\/traeger-ironwood-xl-150x150.jpeg 150w, https:\/\/www.pacocinillas.es\/tienda\/wp-content\/uploads\/2024\/06\/traeger-ironwood-xl-768x768.jpeg 768w, https:\/\/www.pacocinillas.es\/tienda\/wp-content\/uploads\/2024\/06\/traeger-ironwood-xl-600x600.jpeg 600w, https:\/\/www.pacocinillas.es\/tienda\/wp-content\/uploads\/2024\/06\/traeger-ironwood-xl-100x100.jpeg 100w, https:\/\/www.pacocinillas.es\/tienda\/wp-content\/uploads\/2024\/06\/traeger-ironwood-xl.jpeg 800w\" sizes=\"auto, (max-width: 300px) 100vw, 300px\" \/>\t            \t            \t<span class=\"product_thumbnail_background\" style=\"background-image:url(https:\/\/www.pacocinillas.es\/tienda\/wp-content\/uploads\/2024\/06\/traeger-ironwood-xl-2-300x300.jpeg)\"><\/span>\r\n\t        \t\t        <\/div><!--.product_thumbnail-->\r\n\t\t<\/a>\r\n\r\n\t\t\t\t\t\t\t\r\n\t\t\r\n\t\t\r\n\t\t\r\n    <\/div><!--.product_thumbnail_wrapper-->\r\n\r\n    \r\n\t<h2 class=\"woocommerce-loop-product__title\">\r\n\t\t<a href=\"https:\/\/www.pacocinillas.es\/tienda\/producto\/traeger-ironwood-xl-int\/\">TRAEGER IRONWOOD XL INT<\/a>\r\n\t<\/h2>\r\n\r\n\t\r\n        <div class=\"product_after_shop_loop\">\r\n        <div class=\"product_after_shop_loop_switcher\">\r\n    \r\n            \n\t<span class=\"price\"><span class=\"woocommerce-Price-amount amount\"><bdi>2.699,99<span class=\"woocommerce-Price-currencySymbol\">&euro;<\/span><\/bdi><\/span><\/span>\n<a href=\"\/tienda\/wp-json\/wp\/v2\/pages\/5725?add-to-cart=7324\" aria-describedby=\"woocommerce_loop_add_to_cart_link_describedby_7324\" data-quantity=\"1\" class=\"button product_type_simple add_to_cart_button ajax_add_to_cart\" data-product_id=\"7324\" data-product_sku=\"TFB93RLGI\" aria-label=\"A\u00f1adir al carrito: &ldquo;TRAEGER IRONWOOD XL INT&rdquo;\" rel=\"nofollow\" data-success_message=\"\u00abTRAEGER IRONWOOD XL INT\u00bb se ha a\u00f1adido a tu carrito\">A\u00f1adir al carrito<\/a>\t<span id=\"woocommerce_loop_add_to_cart_link_describedby_7324\" class=\"screen-reader-text\">\n\t\t\t<\/span>\n\r\n            <\/div>\r\n    <\/div>\r\n    \r\n\t\r\n<\/li>\r\n<li class=\"product type-product post-5732 status-publish instock product_cat-traeger has-post-thumbnail taxable shipping-taxable purchasable product-type-simple\">\r\n\r\n\t\r\n    <div class=\"product_thumbnail_wrapper \">\r\n\r\n\t\t<a href=\"https:\/\/www.pacocinillas.es\/tienda\/producto\/traeger-ironwood-885\/\" class=\"woocommerce-LoopProduct-link woocommerce-loop-product__link\">\r\n\r\n\t        <div class=\"product_thumbnail with_second_image\">\r\n\t            <img loading=\"lazy\" decoding=\"async\" width=\"300\" height=\"300\" src=\"https:\/\/www.pacocinillas.es\/tienda\/wp-content\/uploads\/2022\/04\/traeger885-300x300.jpg\" class=\"attachment-woocommerce_thumbnail size-woocommerce_thumbnail\" alt=\"TRAEGER IRONWOOD 885\" srcset=\"https:\/\/www.pacocinillas.es\/tienda\/wp-content\/uploads\/2022\/04\/traeger885-300x300.jpg 300w, https:\/\/www.pacocinillas.es\/tienda\/wp-content\/uploads\/2022\/04\/traeger885-150x150.jpg 150w, https:\/\/www.pacocinillas.es\/tienda\/wp-content\/uploads\/2022\/04\/traeger885-768x768.jpg 768w, https:\/\/www.pacocinillas.es\/tienda\/wp-content\/uploads\/2022\/04\/traeger885-600x600.jpg 600w, https:\/\/www.pacocinillas.es\/tienda\/wp-content\/uploads\/2022\/04\/traeger885-100x100.jpg 100w, https:\/\/www.pacocinillas.es\/tienda\/wp-content\/uploads\/2022\/04\/traeger885.jpg 800w\" sizes=\"auto, (max-width: 300px) 100vw, 300px\" \/>\t            \t            \t<span class=\"product_thumbnail_background\" style=\"background-image:url(https:\/\/www.pacocinillas.es\/tienda\/wp-content\/uploads\/2022\/04\/634868933233_2-300x300.png)\"><\/span>\r\n\t        \t\t        <\/div><!--.product_thumbnail-->\r\n\t\t<\/a>\r\n\r\n\t\t\t\t\t\t\t\r\n\t\t\r\n\t\t\r\n\t\t\r\n    <\/div><!--.product_thumbnail_wrapper-->\r\n\r\n    \r\n\t<h2 class=\"woocommerce-loop-product__title\">\r\n\t\t<a href=\"https:\/\/www.pacocinillas.es\/tienda\/producto\/traeger-ironwood-885\/\">TRAEGER IRONWOOD 885<\/a>\r\n\t<\/h2>\r\n\r\n\t\r\n        <div class=\"product_after_shop_loop\">\r\n        <div class=\"product_after_shop_loop_switcher\">\r\n    \r\n            \n\t<span class=\"price\"><span class=\"woocommerce-Price-amount amount\"><bdi>1.899,99<span class=\"woocommerce-Price-currencySymbol\">&euro;<\/span><\/bdi><\/span><\/span>\n<a href=\"\/tienda\/wp-json\/wp\/v2\/pages\/5725?add-to-cart=5732\" aria-describedby=\"woocommerce_loop_add_to_cart_link_describedby_5732\" data-quantity=\"1\" class=\"button product_type_simple add_to_cart_button ajax_add_to_cart\" data-product_id=\"5732\" data-product_sku=\"TFB89BLFC\" aria-label=\"A\u00f1adir al carrito: &ldquo;TRAEGER IRONWOOD 885&rdquo;\" rel=\"nofollow\" data-success_message=\"\u00abTRAEGER IRONWOOD 885\u00bb se ha a\u00f1adido a tu carrito\">A\u00f1adir al carrito<\/a>\t<span id=\"woocommerce_loop_add_to_cart_link_describedby_5732\" class=\"screen-reader-text\">\n\t\t\t<\/span>\n\r\n            <\/div>\r\n    <\/div>\r\n    \r\n\t\r\n<\/li>\r\n<li class=\"product type-product post-5878 status-publish last instock product_cat-traeger has-post-thumbnail taxable shipping-taxable purchasable product-type-simple\">\r\n\r\n\t\r\n    <div class=\"product_thumbnail_wrapper \">\r\n\r\n\t\t<a href=\"https:\/\/www.pacocinillas.es\/tienda\/producto\/traeger-ironwood-650\/\" class=\"woocommerce-LoopProduct-link woocommerce-loop-product__link\">\r\n\r\n\t        <div class=\"product_thumbnail with_second_image\">\r\n\t            <img loading=\"lazy\" decoding=\"async\" width=\"300\" height=\"300\" src=\"https:\/\/www.pacocinillas.es\/tienda\/wp-content\/uploads\/2022\/06\/Traeger_Ironwood_650-300x300.jpg\" class=\"attachment-woocommerce_thumbnail size-woocommerce_thumbnail\" alt=\"TRAEGER IRONWOOD 650\" srcset=\"https:\/\/www.pacocinillas.es\/tienda\/wp-content\/uploads\/2022\/06\/Traeger_Ironwood_650-300x300.jpg 300w, https:\/\/www.pacocinillas.es\/tienda\/wp-content\/uploads\/2022\/06\/Traeger_Ironwood_650-150x150.jpg 150w, https:\/\/www.pacocinillas.es\/tienda\/wp-content\/uploads\/2022\/06\/Traeger_Ironwood_650-768x768.jpg 768w, https:\/\/www.pacocinillas.es\/tienda\/wp-content\/uploads\/2022\/06\/Traeger_Ironwood_650-600x600.jpg 600w, https:\/\/www.pacocinillas.es\/tienda\/wp-content\/uploads\/2022\/06\/Traeger_Ironwood_650-100x100.jpg 100w, https:\/\/www.pacocinillas.es\/tienda\/wp-content\/uploads\/2022\/06\/Traeger_Ironwood_650.jpg 800w\" sizes=\"auto, (max-width: 300px) 100vw, 300px\" \/>\t            \t            \t<span class=\"product_thumbnail_background\" style=\"background-image:url(https:\/\/www.pacocinillas.es\/tienda\/wp-content\/uploads\/2022\/06\/634868933219_3-300x300.png)\"><\/span>\r\n\t        \t\t        <\/div><!--.product_thumbnail-->\r\n\t\t<\/a>\r\n\r\n\t\t\t\t\t\t\t\r\n\t\t\r\n\t\t\r\n\t\t\r\n    <\/div><!--.product_thumbnail_wrapper-->\r\n\r\n    \r\n\t<h2 class=\"woocommerce-loop-product__title\">\r\n\t\t<a href=\"https:\/\/www.pacocinillas.es\/tienda\/producto\/traeger-ironwood-650\/\">TRAEGER IRONWOOD 650<\/a>\r\n\t<\/h2>\r\n\r\n\t\r\n        <div class=\"product_after_shop_loop\">\r\n        <div class=\"product_after_shop_loop_switcher\">\r\n    \r\n            \n\t<span class=\"price\"><span class=\"woocommerce-Price-amount amount\"><bdi>1.699,99<span class=\"woocommerce-Price-currencySymbol\">&euro;<\/span><\/bdi><\/span><\/span>\n<a href=\"\/tienda\/wp-json\/wp\/v2\/pages\/5725?add-to-cart=5878\" aria-describedby=\"woocommerce_loop_add_to_cart_link_describedby_5878\" data-quantity=\"1\" class=\"button product_type_simple add_to_cart_button ajax_add_to_cart\" data-product_id=\"5878\" data-product_sku=\"TFB65BLFC\" aria-label=\"A\u00f1adir al carrito: &ldquo;TRAEGER IRONWOOD 650&rdquo;\" rel=\"nofollow\" data-success_message=\"\u00abTRAEGER IRONWOOD 650\u00bb se ha a\u00f1adido a tu carrito\">A\u00f1adir al carrito<\/a>\t<span id=\"woocommerce_loop_add_to_cart_link_describedby_5878\" class=\"screen-reader-text\">\n\t\t\t<\/span>\n\r\n            <\/div>\r\n    <\/div>\r\n    \r\n\t\r\n<\/li>\r\n<li class=\"product type-product post-5883 status-publish first instock product_cat-traeger has-post-thumbnail taxable shipping-taxable purchasable product-type-simple\">\r\n\r\n\t\r\n    <div class=\"product_thumbnail_wrapper \">\r\n\r\n\t\t<a href=\"https:\/\/www.pacocinillas.es\/tienda\/producto\/traeger-pro-780\/\" class=\"woocommerce-LoopProduct-link woocommerce-loop-product__link\">\r\n\r\n\t        <div class=\"product_thumbnail with_second_image\">\r\n\t            <img loading=\"lazy\" decoding=\"async\" width=\"300\" height=\"300\" src=\"https:\/\/www.pacocinillas.es\/tienda\/wp-content\/uploads\/2022\/06\/TRAEGER-SERIE-PRO-780-300x300.jpg\" class=\"attachment-woocommerce_thumbnail size-woocommerce_thumbnail\" alt=\"TRAEGER PRO 780\" srcset=\"https:\/\/www.pacocinillas.es\/tienda\/wp-content\/uploads\/2022\/06\/TRAEGER-SERIE-PRO-780-300x300.jpg 300w, https:\/\/www.pacocinillas.es\/tienda\/wp-content\/uploads\/2022\/06\/TRAEGER-SERIE-PRO-780-150x150.jpg 150w, https:\/\/www.pacocinillas.es\/tienda\/wp-content\/uploads\/2022\/06\/TRAEGER-SERIE-PRO-780-768x768.jpg 768w, https:\/\/www.pacocinillas.es\/tienda\/wp-content\/uploads\/2022\/06\/TRAEGER-SERIE-PRO-780-600x600.jpg 600w, https:\/\/www.pacocinillas.es\/tienda\/wp-content\/uploads\/2022\/06\/TRAEGER-SERIE-PRO-780-100x100.jpg 100w, https:\/\/www.pacocinillas.es\/tienda\/wp-content\/uploads\/2022\/06\/TRAEGER-SERIE-PRO-780.jpg 800w\" sizes=\"auto, (max-width: 300px) 100vw, 300px\" \/>\t            \t            \t<span class=\"product_thumbnail_background\" style=\"background-image:url(https:\/\/www.pacocinillas.es\/tienda\/wp-content\/uploads\/2022\/06\/barbacoa-de-pellets-traeger-pro-780-300x300.jpg)\"><\/span>\r\n\t        \t\t        <\/div><!--.product_thumbnail-->\r\n\t\t<\/a>\r\n\r\n\t\t\t\t\t\t\t\r\n\t\t\r\n\t\t\r\n\t\t\r\n    <\/div><!--.product_thumbnail_wrapper-->\r\n\r\n    \r\n\t<h2 class=\"woocommerce-loop-product__title\">\r\n\t\t<a href=\"https:\/\/www.pacocinillas.es\/tienda\/producto\/traeger-pro-780\/\">TRAEGER PRO 780<\/a>\r\n\t<\/h2>\r\n\r\n\t\r\n        <div class=\"product_after_shop_loop\">\r\n        <div class=\"product_after_shop_loop_switcher\">\r\n    \r\n            \n\t<span class=\"price\"><span class=\"woocommerce-Price-amount amount\"><bdi>1.199,99<span class=\"woocommerce-Price-currencySymbol\">&euro;<\/span><\/bdi><\/span><\/span>\n<a href=\"\/tienda\/wp-json\/wp\/v2\/pages\/5725?add-to-cart=5883\" aria-describedby=\"woocommerce_loop_add_to_cart_link_describedby_5883\" data-quantity=\"1\" class=\"button product_type_simple add_to_cart_button ajax_add_to_cart\" data-product_id=\"5883\" data-product_sku=\"TFB78GLEC\" aria-label=\"A\u00f1adir al carrito: &ldquo;TRAEGER PRO 780&rdquo;\" rel=\"nofollow\" data-success_message=\"\u00abTRAEGER PRO 780\u00bb se ha a\u00f1adido a tu carrito\">A\u00f1adir al carrito<\/a>\t<span id=\"woocommerce_loop_add_to_cart_link_describedby_5883\" class=\"screen-reader-text\">\n\t\t\t<\/span>\n\r\n            <\/div>\r\n    <\/div>\r\n    \r\n\t\r\n<\/li>\r\n<li class=\"product type-product post-5885 status-publish instock product_cat-traeger has-post-thumbnail taxable shipping-taxable purchasable product-type-simple\">\r\n\r\n\t\r\n    <div class=\"product_thumbnail_wrapper \">\r\n\r\n\t\t<a href=\"https:\/\/www.pacocinillas.es\/tienda\/producto\/traeger-pro-575\/\" class=\"woocommerce-LoopProduct-link woocommerce-loop-product__link\">\r\n\r\n\t        <div class=\"product_thumbnail with_second_image\">\r\n\t            <img loading=\"lazy\" decoding=\"async\" width=\"300\" height=\"300\" src=\"https:\/\/www.pacocinillas.es\/tienda\/wp-content\/uploads\/2022\/05\/TRAEGER-PRO-575-300x300.jpg\" class=\"attachment-woocommerce_thumbnail size-woocommerce_thumbnail\" alt=\"TRAEGER PRO 575\" srcset=\"https:\/\/www.pacocinillas.es\/tienda\/wp-content\/uploads\/2022\/05\/TRAEGER-PRO-575-300x300.jpg 300w, https:\/\/www.pacocinillas.es\/tienda\/wp-content\/uploads\/2022\/05\/TRAEGER-PRO-575-150x150.jpg 150w, https:\/\/www.pacocinillas.es\/tienda\/wp-content\/uploads\/2022\/05\/TRAEGER-PRO-575-768x768.jpg 768w, https:\/\/www.pacocinillas.es\/tienda\/wp-content\/uploads\/2022\/05\/TRAEGER-PRO-575-600x600.jpg 600w, https:\/\/www.pacocinillas.es\/tienda\/wp-content\/uploads\/2022\/05\/TRAEGER-PRO-575-100x100.jpg 100w, https:\/\/www.pacocinillas.es\/tienda\/wp-content\/uploads\/2022\/05\/TRAEGER-PRO-575.jpg 800w\" sizes=\"auto, (max-width: 300px) 100vw, 300px\" \/>\t            \t            \t<span class=\"product_thumbnail_background\" style=\"background-image:url(https:\/\/www.pacocinillas.es\/tienda\/wp-content\/uploads\/2022\/05\/barbacoa-de-pellets-traeger-pro-575-300x300.jpg)\"><\/span>\r\n\t        \t\t        <\/div><!--.product_thumbnail-->\r\n\t\t<\/a>\r\n\r\n\t\t\t\t\t\t\t\r\n\t\t\r\n\t\t\r\n\t\t\r\n    <\/div><!--.product_thumbnail_wrapper-->\r\n\r\n    \r\n\t<h2 class=\"woocommerce-loop-product__title\">\r\n\t\t<a href=\"https:\/\/www.pacocinillas.es\/tienda\/producto\/traeger-pro-575\/\">TRAEGER PRO 575<\/a>\r\n\t<\/h2>\r\n\r\n\t\r\n        <div class=\"product_after_shop_loop\">\r\n        <div class=\"product_after_shop_loop_switcher\">\r\n    \r\n            \n\t<span class=\"price\"><span class=\"woocommerce-Price-amount amount\"><bdi>899,99<span class=\"woocommerce-Price-currencySymbol\">&euro;<\/span><\/bdi><\/span><\/span>\n<a href=\"\/tienda\/wp-json\/wp\/v2\/pages\/5725?add-to-cart=5885\" aria-describedby=\"woocommerce_loop_add_to_cart_link_describedby_5885\" data-quantity=\"1\" class=\"button product_type_simple add_to_cart_button ajax_add_to_cart\" data-product_id=\"5885\" data-product_sku=\"TFB57GLEC\" aria-label=\"A\u00f1adir al carrito: &ldquo;TRAEGER PRO 575&rdquo;\" rel=\"nofollow\" data-success_message=\"\u00abTRAEGER PRO 575\u00bb se ha a\u00f1adido a tu carrito\">A\u00f1adir al carrito<\/a>\t<span id=\"woocommerce_loop_add_to_cart_link_describedby_5885\" class=\"screen-reader-text\">\n\t\t\t<\/span>\n\r\n            <\/div>\r\n    <\/div>\r\n    \r\n\t\r\n<\/li>\r\n<li class=\"product type-product post-5887 status-publish instock product_cat-traeger has-post-thumbnail taxable shipping-taxable purchasable product-type-simple\">\r\n\r\n\t\r\n    <div class=\"product_thumbnail_wrapper \">\r\n\r\n\t\t<a href=\"https:\/\/www.pacocinillas.es\/tienda\/producto\/traeger-ranger\/\" class=\"woocommerce-LoopProduct-link woocommerce-loop-product__link\">\r\n\r\n\t        <div class=\"product_thumbnail with_second_image\">\r\n\t            <img loading=\"lazy\" decoding=\"async\" width=\"300\" height=\"300\" src=\"https:\/\/www.pacocinillas.es\/tienda\/wp-content\/uploads\/2017\/06\/Barbacoa-Baby-Ranger-de-Traeger-5-300x300.png\" class=\"attachment-woocommerce_thumbnail size-woocommerce_thumbnail\" alt=\"TRAEGER RANGER\" srcset=\"https:\/\/www.pacocinillas.es\/tienda\/wp-content\/uploads\/2017\/06\/Barbacoa-Baby-Ranger-de-Traeger-5-300x300.png 300w, https:\/\/www.pacocinillas.es\/tienda\/wp-content\/uploads\/2017\/06\/Barbacoa-Baby-Ranger-de-Traeger-5-150x150.png 150w, https:\/\/www.pacocinillas.es\/tienda\/wp-content\/uploads\/2017\/06\/Barbacoa-Baby-Ranger-de-Traeger-5-768x768.png 768w, https:\/\/www.pacocinillas.es\/tienda\/wp-content\/uploads\/2017\/06\/Barbacoa-Baby-Ranger-de-Traeger-5-600x600.png 600w, https:\/\/www.pacocinillas.es\/tienda\/wp-content\/uploads\/2017\/06\/Barbacoa-Baby-Ranger-de-Traeger-5-100x100.png 100w, https:\/\/www.pacocinillas.es\/tienda\/wp-content\/uploads\/2017\/06\/Barbacoa-Baby-Ranger-de-Traeger-5.png 1024w\" sizes=\"auto, (max-width: 300px) 100vw, 300px\" \/>\t            \t            \t<span class=\"product_thumbnail_background\" style=\"background-image:url(https:\/\/www.pacocinillas.es\/tienda\/wp-content\/uploads\/2017\/06\/Barbacoa-Baby-Ranger-de-Traeger-2-300x300.png)\"><\/span>\r\n\t        \t\t        <\/div><!--.product_thumbnail-->\r\n\t\t<\/a>\r\n\r\n\t\t\t\t\t\t\t\r\n\t\t\r\n\t\t\r\n\t\t\r\n    <\/div><!--.product_thumbnail_wrapper-->\r\n\r\n    \r\n\t<h2 class=\"woocommerce-loop-product__title\">\r\n\t\t<a href=\"https:\/\/www.pacocinillas.es\/tienda\/producto\/traeger-ranger\/\">TRAEGER RANGER<\/a>\r\n\t<\/h2>\r\n\r\n\t\r\n        <div class=\"product_after_shop_loop\">\r\n        <div class=\"product_after_shop_loop_switcher\">\r\n    \r\n            \n\t<span class=\"price\"><span class=\"woocommerce-Price-amount amount\"><bdi>499,99<span class=\"woocommerce-Price-currencySymbol\">&euro;<\/span><\/bdi><\/span><\/span>\n<a href=\"\/tienda\/wp-json\/wp\/v2\/pages\/5725?add-to-cart=5887\" aria-describedby=\"woocommerce_loop_add_to_cart_link_describedby_5887\" data-quantity=\"1\" class=\"button product_type_simple add_to_cart_button ajax_add_to_cart\" data-product_id=\"5887\" data-product_sku=\"TFT18KLDE\" aria-label=\"A\u00f1adir al carrito: &ldquo;TRAEGER RANGER&rdquo;\" rel=\"nofollow\" data-success_message=\"\u00abTRAEGER RANGER\u00bb se ha a\u00f1adido a tu carrito\">A\u00f1adir al carrito<\/a>\t<span id=\"woocommerce_loop_add_to_cart_link_describedby_5887\" class=\"screen-reader-text\">\n\t\t\t<\/span>\n\r\n            <\/div>\r\n    <\/div>\r\n    \r\n\t\r\n<\/li>\r\n<\/ul>\n<\/div>[\/vc_column][\/vc_row]<\/p>\n<\/div>","protected":false},"excerpt":{"rendered":"<p>[vc_row full_width=\u00bbstretch_row_content_no_spaces\u00bb css=\u00bb.vc_custom_1654534780462{padding-top: 200px !important;padding-bottom: 200px !important;background-image: url(https:\/\/www.pacocinillas.es\/tienda\/wp-content\/uploads\/2022\/06\/HOMEPAGE_Traeger-makes-wood-fired-cooking-simple.jpeg?id=5865) !important;background-position: center !important;background-repeat: no-repeat !important;background-size: cover !important;}\u00bb][vc_column][vc_column_text] Traeger [\/vc_column_text][\/vc_column][\/vc_row][vc_row][vc_column][vc_single_image image=\u00bb5867&#8243; img_size=\u00bb200&#215;200&#8243; alignment=\u00bbcenter\u00bb][vc_column_text] \u00bfPOR QU\u00c9 HACERSE CON UNA BARBACOA DE PELLETS TRAEGER? Traeger cre\u00f3 la barbacoa original de pellets de le\u00f1a, y desde entonces, nada nos ha podido parar. Hemos perfeccionado la barbacoa hasta crear un producto extremadamente [&hellip;]<\/p>\n","protected":false},"author":1,"featured_media":0,"parent":0,"menu_order":0,"comment_status":"closed","ping_status":"closed","template":"","meta":{"footnotes":""},"class_list":["post-5725","page","type-page","status-publish","hentry"],"_links":{"self":[{"href":"https:\/\/www.pacocinillas.es\/tienda\/wp-json\/wp\/v2\/pages\/5725","targetHints":{"allow":["GET"]}}],"collection":[{"href":"https:\/\/www.pacocinillas.es\/tienda\/wp-json\/wp\/v2\/pages"}],"about":[{"href":"https:\/\/www.pacocinillas.es\/tienda\/wp-json\/wp\/v2\/types\/page"}],"author":[{"embeddable":true,"href":"https:\/\/www.pacocinillas.es\/tienda\/wp-json\/wp\/v2\/users\/1"}],"replies":[{"embeddable":true,"href":"https:\/\/www.pacocinillas.es\/tienda\/wp-json\/wp\/v2\/comments?post=5725"}],"version-history":[{"count":0,"href":"https:\/\/www.pacocinillas.es\/tienda\/wp-json\/wp\/v2\/pages\/5725\/revisions"}],"wp:attachment":[{"href":"https:\/\/www.pacocinillas.es\/tienda\/wp-json\/wp\/v2\/media?parent=5725"}],"curies":[{"name":"wp","href":"https:\/\/api.w.org\/{rel}","templated":true}]}}