{"id":469,"date":"2017-04-19T11:52:36","date_gmt":"2017-04-19T10:52:36","guid":{"rendered":"http:\/\/www.pacocinillas.es\/tienda\/?page_id=469"},"modified":"2025-09-17T12:06:46","modified_gmt":"2025-09-17T10:06:46","slug":"devoluciones","status":"publish","type":"page","link":"https:\/\/www.pacocinillas.es\/tienda\/devoluciones\/","title":{"rendered":"Devoluciones"},"content":{"rendered":"<div class=\"wpb-content-wrapper\"><p>[vc_row][vc_column][vc_column_text css=\u00bb\u00bb]<\/p>\n<h1><b>Devoluciones<\/b><\/h1>\n<p><span style=\"font-weight: 400;\">En Pacocinillas queremos que nuestros clientes est\u00e9n satisfechos con sus compra. Por ello, te ofrecemos un servicio sencillo para efectuar la devoluci\u00f3n de un pedido. Hay dos posibles casos de devoluci\u00f3n o desistimiento.<\/span><\/p>\n<h2><span style=\"font-weight: 400;\">Defecto<\/span><\/h2>\n<p><span style=\"font-weight: 400;\">Si el producto tiene un defecto o ha sido da\u00f1ado durante el transporte.<\/span><\/p>\n<ol>\n<li><span style=\"font-weight: 400;\">Si recibes por mensajer\u00eda: Anota la incidencia en el albar\u00e1n de entrega del transportista en el momento en que lo recibas.<\/span><\/li>\n<li><span style=\"font-weight: 400;\"> Cu\u00e9ntanoslo por email info@pacocinillas.es el mismo d\u00eda que recibas la mercanc\u00eda. Es fundamental que nos lo comuniques las 24 horas siguientes a la entrega por email.<\/span><\/li>\n<li><span style=\"font-weight: 400;\"> M\u00e1ndanos una foto a info@pacocinillas.es lo antes posible donde se pueda apreciar el desperfecto en el producto.<\/span><\/li>\n<li><span style=\"font-weight: 400;\"> Tras recibir la foto, enviaremos a nuestra mensajer\u00eda para que te recoja la mercanc\u00eda, que deber\u00e1s devolvernos dentro de una caja en el caso de que as\u00ed hubieran sido entregados (para evitar posibles desperfectos o roturas por el transporte de vuelta). Pacocinillas correr\u00e1 con los gastos de devoluci\u00f3n del producto.<\/span><\/li>\n<li><span style=\"font-weight: 400;\"> Te enviaremos nuevamente el producto en cuesti\u00f3n por supuesto sin coste para ti (pero ojo, no te olvides de informarnos el mismo d\u00eda de la entrega o no podremos hacernos cargo).<\/span><\/li>\n<\/ol>\n<h2><span style=\"font-weight: 400;\">Desestimiento<\/span><\/h2>\n<p><span style=\"font-weight: 400;\">De acuerdo a lo establecido en la legislaci\u00f3n espa\u00f1ola, el cliente dispone del Derecho de Desistimiento en virtud del cual podr\u00e1s devolver el producto recibido si no se ajusta a sus expectativas. El ejercicio de este derecho tendr\u00e1 que realizarse en un plazo m\u00e1ximo de 14 d\u00edas naturales a partir de su recepci\u00f3n y el producto deber\u00e1 encontrarse en perfectas condiciones.<\/span><\/p>\n<p><span style=\"font-weight: 400;\">El reembolso del importe de la compra se efectuar\u00e1 una vez haya sido comprobado el estado de la mercanc\u00eda, y a trav\u00e9s del mismo medio de pago utilizado por el comprador. En caso de que los productos no lleguen devueltos en perfectas condiciones, nos reservamos el derecho a no abonar la cantidad de su pedido.<\/span><\/p>\n<p><span style=\"font-weight: 400;\">Los gastos de devoluci\u00f3n derivados del ejercicio del derecho de desistimiento ser\u00e1n por cuenta del comprador.\u00a0<\/span><\/p>\n<p><span style=\"font-weight: 400;\">El proceso de devoluci\u00f3n en caso de desestimiento es:<\/span><\/p>\n<ol>\n<li><span style=\"font-weight: 400;\"> Tienes 14 d\u00edas naturales para pensartelo. M\u00e1ndanos un email <\/span><a href=\"mailto:info@pacocinillas.es\"><span style=\"font-weight: 400;\">info@pacocinillas.es<\/span><\/a><span style=\"font-weight: 400;\"> antes de los 14 d\u00edas si has decidido hacer uso de tu derecho de desestimiento (si por lo que sea quieres devolverlo).<\/span><\/li>\n<li><span style=\"font-weight: 400;\"> Tras tu email, tomaremos nota de la incidencia y te responderemos con la direcci\u00f3n donde nos debes mandar el producto\/s. A partir de aqu\u00ed tienes un plazo de 10 d\u00edas para hac\u00e9rnoslo llegar. Los gastos de devoluci\u00f3n derivados del ejercicio del derecho de desistimiento ser\u00e1n por cuenta del comprador.<\/span><\/li>\n<li><span style=\"font-weight: 400;\"> \u00a0El reembolso del importe de la compra se efectuar\u00e1 una vez haya sido comprobado el estado de la mercanc\u00eda, y a trav\u00e9s del mismo medio de pago que utilizaste. Te avisaremos por email al respecto en cuanto lo recibamos. Recuerda que el producto debe llegarnos en perfectas condiciones para que podamos reembolsar, as\u00ed que aseg\u00farate que tu mensajer\u00eda\/Correos trata el paquete con cuidado, o prot\u00e9gelo suficientemente con la caja que te lo enviamos, o en otra similar que proteja el producto y la caja del producto si este lo llevase.<\/span><\/li>\n<\/ol>\n<p>&nbsp;<\/p>\n<p class=\"p1\">\u26a0\ufe0f <span class=\"s1\"><b>Importante:<\/b><\/span> Empaquete el art\u00edculo en perfectas condiciones para su devoluci\u00f3n. El reembolso se efectuar\u00e1 una vez comprobado el estado de la mercanc\u00eda.<\/p>\n<p class=\"p1\">Si los productos no llegan en buen estado, nos reservamos el derecho a no abonar el importe del pedido.<\/p>\n<p class=\"p1\">Los gastos de devoluci\u00f3n correr\u00e1n a cargo del comprador.<\/p>\n<p>\u00a0[\/vc_column_text][\/vc_column][\/vc_row]<\/p>\n<\/div>","protected":false},"excerpt":{"rendered":"<p>[vc_row][vc_column][vc_column_text css=\u00bb\u00bb] Devoluciones En Pacocinillas queremos que nuestros clientes est\u00e9n satisfechos con sus compra. Por ello, te ofrecemos un servicio sencillo para efectuar la devoluci\u00f3n de un pedido. Hay dos posibles casos de devoluci\u00f3n o desistimiento. Defecto Si el producto tiene un defecto o ha sido da\u00f1ado durante el transporte. Si recibes por mensajer\u00eda: Anota [&hellip;]<\/p>\n","protected":false},"author":1,"featured_media":0,"parent":0,"menu_order":0,"comment_status":"closed","ping_status":"closed","template":"","meta":{"footnotes":""},"class_list":["post-469","page","type-page","status-publish","hentry"],"_links":{"self":[{"href":"https:\/\/www.pacocinillas.es\/tienda\/wp-json\/wp\/v2\/pages\/469","targetHints":{"allow":["GET"]}}],"collection":[{"href":"https:\/\/www.pacocinillas.es\/tienda\/wp-json\/wp\/v2\/pages"}],"about":[{"href":"https:\/\/www.pacocinillas.es\/tienda\/wp-json\/wp\/v2\/types\/page"}],"author":[{"embeddable":true,"href":"https:\/\/www.pacocinillas.es\/tienda\/wp-json\/wp\/v2\/users\/1"}],"replies":[{"embeddable":true,"href":"https:\/\/www.pacocinillas.es\/tienda\/wp-json\/wp\/v2\/comments?post=469"}],"version-history":[{"count":0,"href":"https:\/\/www.pacocinillas.es\/tienda\/wp-json\/wp\/v2\/pages\/469\/revisions"}],"wp:attachment":[{"href":"https:\/\/www.pacocinillas.es\/tienda\/wp-json\/wp\/v2\/media?parent=469"}],"curies":[{"name":"wp","href":"https:\/\/api.w.org\/{rel}","templated":true}]}}