{"id":463,"date":"2017-04-19T10:12:04","date_gmt":"2017-04-19T09:12:04","guid":{"rendered":"http:\/\/www.pacocinillas.es\/tienda\/?page_id=463"},"modified":"2023-05-29T15:30:19","modified_gmt":"2023-05-29T13:30:19","slug":"terminos_y_condiciones","status":"publish","type":"page","link":"https:\/\/www.pacocinillas.es\/tienda\/terminos_y_condiciones\/","title":{"rendered":"Terminos y condiciones"},"content":{"rendered":"<p>Los precios en esta p\u00e1gina web incluyen el 21% IVA<\/p>\n<p>Comprar en www.pacocinillas.es es muy sencillo. S\u00f3lo has de seguir los siguientes pasos:<\/p>\n<p>1.Elige la categor\u00eda y subcategor\u00eda d\u00f3nde se encuentra el producto(s) que deseas comprar.<br \/>\n2.Visualiza el producto\/s que te interesa\/n. A trav\u00e9s de un clic conseguir\u00e1s una ampliaci\u00f3n de la fotograf\u00eda; algunos productos disponen de varias fotograf\u00edas. Tambi\u00e9n podr\u00e1s consultar su descripci\u00f3n, composici\u00f3n, referencia y precio.<br \/>\n3.Selecciona un producto, el n\u00famero de unidades y a\u00f1ade el art\u00edculo a la cesta. A continuaci\u00f3n puedes elegir seguir comprando o tramitar pedido.<br \/>\n4.Si quieres seguir comprando, repite el proceso. Si quieres hacer el pedido, haz click en el bot\u00f3n realizar pedido para iniciar el proceso de compra.<br \/>\n5.Introduce todos los datos que se solicitan, direcci\u00f3n de env\u00edo y facturaci\u00f3n y aseg\u00farate de que sen correctos.<br \/>\n6.Selecciona un m\u00e9todo de pago: Transferencia bancaria, Amazon Pay, Tarjeta Bancaria o Bizum.<br \/>\n7.Confirma el pedido y procede, en su caso, al pago.<br \/>\n8.Recibir\u00e1s un email con la confirmaci\u00f3n tu pedido.<\/p>\n<p>\u00bfEn qu\u00e9 pa\u00edses se puede comprar online?<br \/>\nActualmente solo puedes hacer tu compra en Espa\u00f1a<\/p>\n<p>\u00bfReponen los art\u00edculos con la indicaci\u00f3n \u201cagotado\u201d?<br \/>\nSi un art\u00edculo est\u00e1 agotado, trataremos de reponerlo lo antes posible. Si no hubiese stock, en la web indicar\u00eda que est\u00e1 agotado.<\/p>\n<p>\u00bfRecibir\u00e9 el mismo producto que veo en la foto?<br \/>\nS\u00ed.<\/p>\n<p>\u00bfEs posible recibir informaci\u00f3n peri\u00f3dica en mi email con las \u00faltimas novedades y ofertas de www.pacocinillas.es?<br \/>\nS\u00ed. Simplemente accediendo a \u201cNewsletter\u201d recibir\u00e1s informaci\u00f3n sobre las \u00faltimas novedades de www.pacocinillas.es.<\/p>\n<p>\u00bfC\u00f3mo puedo asegurarme de haber realizado bien mi compra?<br \/>\nUna vez hecho tu pedido, recibir\u00e1s un email de confirmaci\u00f3n. Si no lo recibes, ponte en contacto en info@pacocinillas.es<\/p>\n<p>\u00bfPuedo eliminar alg\u00fan art\u00edculo de mi pedido?<br \/>\nS\u00ed. Desde la cesta de compra podr\u00e1s eliminar los art\u00edculos que no deseas siempre y cuando no hayas tramitado el pedido.<\/p>\n<p>\u00bfPuedo cancelar mi pedido?<br \/>\nSi, podr\u00e1s cancelar tu pedido enviando un email a info@pacocinillas.es<\/p>\n<p>\u00bfQu\u00e9 debo hacer si me llega un art\u00edculo defectuoso?<br \/>\nwww.pacocinillas.es s\u00f3lo vende art\u00edculos en perfecto estado, por lo que si, excepcionalmente te llega alg\u00fan art\u00edculo con alg\u00fan defecto ponte en contacto con info@pacocinillas.es<\/p>\n<p>\u00bfQu\u00e9 debo hacer si me llega un art\u00edculo incorrecto?<br \/>\nSi en alguna ocasi\u00f3n, por error, te llega un art\u00edculo que no has pedido ponte en contacto con info@pacocinillas.es<\/p>\n<p><strong>FORMAS DE PAGO<\/strong><br \/>\n\u00bfQu\u00e9 forma de pago puedo utilizar para realizar mi compra?<br \/>\nPago con tarjeta de cr\u00e9dito\/d\u00e9bito, Transferencia bancaria, Amazon Pay y Bizum<br \/>\n<img loading=\"lazy\" decoding=\"async\" class=\"alignnone size-medium wp-image-4390\" src=\"https:\/\/www.pacocinillas.es\/tienda\/wp-content\/uploads\/2021\/01\/cards-300x37.png\" alt=\"\" width=\"300\" height=\"37\" srcset=\"https:\/\/www.pacocinillas.es\/tienda\/wp-content\/uploads\/2021\/01\/cards-300x37.png 300w, https:\/\/www.pacocinillas.es\/tienda\/wp-content\/uploads\/2021\/01\/cards.png 513w\" sizes=\"auto, (max-width: 300px) 100vw, 300px\" \/><\/p>\n<p>\u00bfPor que raz\u00f3n puede ser rechazada mi tarjeta de cr\u00e9dito?<br \/>\n\u2022 Tu tarjeta puede ser rechazada por una de las siguientes razones:<br \/>\n\u2022 La tarjeta puede estar caducada. Comprueba que tu tarjeta no exceda la fecha de validez.<br \/>\n\u2022 Puede que se haya alcanzado el l\u00edmite de la tarjeta. Consulta con tu banco que la tarjeta no haya excedido el importe permitido para efectuar compras.<br \/>\n\u2022 Puede que alg\u00fan dato introducido est\u00e9 incorrecto. Comprueba que hayas rellenado correctamente todos los campos necesarios.<\/p>\n<p>\u00bfEs seguro usar mi tarjeta de cr\u00e9dito en la web?<br \/>\nS\u00ed, los datos se transmiten de forma <strong>encriptada SSL<\/strong>. El sistema de pago se realizar\u00e1 a trav\u00e9s de la <strong>pasarela de pago seguro de Redsys<\/strong> en el caso de tarjetas de cr\u00e9dito\/debito.<\/p>\n<p><b>TRATAMIENTO DE DATOS DE CLIENTES<\/b><\/p>\n<p><b>Cla\u00fasula informativa<\/b><span style=\"font-weight: 400;\">:<\/span><\/p>\n<p><span style=\"font-weight: 400;\">Datos del responsable del tratamiento:\u00a0<\/span><\/p>\n<p><span style=\"font-weight: 400;\">Identidad: PACOCINILLAS &#8211; Victor Mar\u00edn Guill\u00e9n &#8211; NIF: 20156832T\u00a0\u00a0<\/span><\/p>\n<p><span style=\"font-weight: 400;\">Direcci\u00f3n postal: Partida Ca\u00f1a Anguila 9<\/span><\/p>\n<p><span style=\"font-weight: 400;\">Correo electr\u00f3nico: info@pacocinillas.es<\/span><\/p>\n<p><span style=\"font-weight: 400;\">\u201cEn PACOCINILLAS tratamos la informaci\u00f3n que nos facilita con el fin de prestarles el servicio solicitado y realizar su facturaci\u00f3n. Los datos proporcionados se conservar\u00e1n mientras se mantenga la relaci\u00f3n comercial o durante el tiempo necesario para cumplir con las obligaciones legales y atender las posibles responsabilidades que pudieran derivar del cumplimiento de la finalidad para la que los datos fueron recabados. Los datos no se ceder\u00e1n a terceros salvo en los casos en que exista una obligaci\u00f3n legal. Usted tiene derecho a obtener informaci\u00f3n sobre si en PACOCINILLAS &#8211; Victor Mar\u00edn Guill\u00e9n estamos tratando sus datos personales, por lo que puede ejercer sus derechos de acceso, rectificaci\u00f3n, supresi\u00f3n y portabilidad de datos y oposici\u00f3n y limitaci\u00f3n a su tratamiento ante PACOCINILLAS &#8211; Victor Mar\u00edn Guill\u00e9n, Partida Ca\u00f1a Anguila 9 o en la direcci\u00f3n de correo electr\u00f3nico info@pacocinillas.es, adjuntando copia de su DNI o documento equivalente.\u00a0 Asimismo, y especialmente si considera que no ha obtenido satisfacci\u00f3n plena en el ejercicio de sus derechos, podr\u00e1 presentar una reclamaci\u00f3n ante la autoridad nacional de control dirigi\u00e9ndose a estos efectos a la Agencia Espa\u00f1ola de Protecci\u00f3n de Datos, C\/ Jorge Juan, 6 \u2013 28001 Madrid.<\/span><\/p>\n<hr \/>\n<h2><b>T\u00e9rminos y condiciones GRILL EXPERIENCES, talleres, cursos y showcookings:<\/b><\/h2>\n<ol>\n<li aria-level=\"1\">\n<pre>Las condiciones de este art\u00edculo se aplican a todas las ofertas y acuerdos de los clientes con respecto a los talleres y cursos. Las desviaciones s\u00f3lo pueden acordarse por escrito con el cliente.<\/pre>\n<\/li>\n<li aria-level=\"1\">\n<pre>El cliente concluye un acuerdo con respecto a la asistencia a un taller durante una fecha fija mediante la presentaci\u00f3n de un formulario de registro en el sitio web por escrito. Una vez recibida la inscripci\u00f3n, la participaci\u00f3n ser\u00e1 confirmada por escrito por el empresario. El registro es definitivo.<\/pre>\n<\/li>\n<li aria-level=\"1\">\n<pre>Con el registro, el cliente declara que ha tomado nota de los t\u00e9rminos y condiciones generales del empresario.<\/pre>\n<\/li>\n<li aria-level=\"1\">\n<pre>Todos los talleres se llevan a cabo sujetos a suficientes inscripciones.Las inscripciones se procesar\u00e1n en el orden en que se reciban y ser\u00e1n individuales. Si el cliente realiza varias inscripciones de una vez estar\u00e1 obligado a identificar las personas de cada inscripci\u00f3n.\u00a0 No esta permitido el acceso de acompa\u00f1antes, menores de edad y mascotas.<\/pre>\n<\/li>\n<li aria-level=\"1\">\n<pre>La cancelaci\u00f3n de un taller por parte de un cliente debe hacerse por escrito a m\u00e1s tardar quince (15) d\u00edas antes del inicio del taller. El cliente podr\u00e1 enviar a alguien en su lugar informando previamente al empresario.<\/pre>\n<\/li>\n<li aria-level=\"1\">\n<pre>La cancelaci\u00f3n es gratuita hasta quince (15) d\u00edas antes del inicio del curso o taller. Se reembolsar\u00e1 el importe de la inscripci\u00f3n descontando los gastos de gesti\u00f3n(9,95\u20ac). Las inscripciones no valdr\u00e1n para eventos de fechas posteriores. Si el empresario ofrece una permuta a otra fecha esta solo se podr\u00e1 ejecutar una sola vez. En caso de una cancelaci\u00f3n posterior, el cliente debe pagar el 100%. Si el cliente no aparece, se adeuda el 100% de los costes.<\/pre>\n<\/li>\n<li aria-level=\"1\">\n<pre>El empresario se reserva el derecho de realizar cambios organizativos y de fondo, as\u00ed como de cancelar actividades con respecto a los talleres. En caso de sucesos repentinos como enfermedad del impartidor del taller u otros imprevistos, el empresario podr\u00e1 decidir reorganizar, cancelar o trasladar el taller.<\/pre>\n<\/li>\n<li aria-level=\"1\">\n<pre>El cliente deber\u00e1 abonar el importe \u00edntegro del taller, salvo que se acuerde expresamente lo contrario y por escrito con el empresario. En caso de cumplimiento no puntual del pago acordado, este acuerdo caducar\u00e1 sin notificaci\u00f3n y el cliente ya no podr\u00e1 reclamarlo.<\/pre>\n<\/li>\n<li aria-level=\"1\">\n<pre>Cualquier participaci\u00f3n en un taller es responsabilidad y riesgo del cliente. Se utilizan utensilios de catering profesional como cuchillos afilados. Se recomienda precauci\u00f3n con esto. El empresario no se hace responsable de los da\u00f1os causados \u200b\u200bpor cualquier causa a la propiedad y al propio cliente.<\/pre>\n<\/li>\n<li aria-level=\"1\">\n<pre>El empresario no se hace responsable por da\u00f1os o robo de sus pertenencias personales.<\/pre>\n<\/li>\n<li aria-level=\"1\">\n<pre>El empresario no es responsable de los da\u00f1os causados \u200b\u200bpor el empresario actuando sobre informaci\u00f3n incorrecta y\/o incompleta proporcionada por el cliente.<\/pre>\n<\/li>\n<li aria-level=\"1\">\n<pre>El empresario nunca es responsable por da\u00f1os emergentes y excluye cualquier forma de responsabilidad por da\u00f1os o accidentes que ocurran en la ubicaci\u00f3n.<\/pre>\n<\/li>\n<li aria-level=\"1\">\n<pre>El empresario quedar\u00e1 eximido de cualquier tipo de responsabilidad derivada de la realizaci\u00f3n del evento siempre que el cliente sufra alg\u00fan tipo de alergia o intolerancia alimentaria y no se haya informado previamente a la organizaci\u00f3n del evento de dichas alergias o intolerancias a fin de ser tenido en cuenta por el empresario.<\/pre>\n<\/li>\n<li aria-level=\"1\">\n<pre>El empresario\u00a0 quedar\u00e1 eximido de cualquier tipo de responsabilidad derivada de la realizaci\u00f3n del evento cuando el cliente sufra alg\u00fan tipo de quemadura o herida con las barbacoas y utensilios como consecuencia de un comportamiento imprudente por parte del mismo o sufra alg\u00fan tipo de atragantamiento que no sea consecuencia de un caso fortuito.<\/pre>\n<\/li>\n<li aria-level=\"1\">\n<pre>El empresario quedar\u00e1 eximido de cualquier tipo de responsabilidad derivada de la realizaci\u00f3n del evento siempre que el cliente realice cualquier acto da\u00f1oso como consecuencia de la ingesta de drogas o alcohol.<\/pre>\n<\/li>\n<li aria-level=\"1\">\n<pre>El cliente autoriza a la empresa organizadora a la reproducci\u00f3n y difusi\u00f3n de im\u00e1genes fotogr\u00e1ficas o audiovisuales tomadas durante el evento, taller o curso con fines puramente publicitarios.<\/pre>\n<\/li>\n<li aria-level=\"1\">\n<pre>El cliente declara conocer el contenido del presente documento y presta su conformidad al mismo en todos sus t\u00e9rminos.<\/pre>\n<\/li>\n<\/ol>\n","protected":false},"excerpt":{"rendered":"<p>Los precios en esta p\u00e1gina web incluyen el 21% IVA Comprar en www.pacocinillas.es es muy sencillo. S\u00f3lo has de seguir los siguientes pasos: 1.Elige la categor\u00eda y subcategor\u00eda d\u00f3nde se encuentra el producto(s) que deseas comprar. 2.Visualiza el producto\/s que te interesa\/n. A trav\u00e9s de un clic conseguir\u00e1s una ampliaci\u00f3n de la fotograf\u00eda; algunos productos [&hellip;]<\/p>\n","protected":false},"author":1,"featured_media":0,"parent":0,"menu_order":0,"comment_status":"closed","ping_status":"closed","template":"","meta":{"footnotes":""},"class_list":["post-463","page","type-page","status-publish","hentry"],"_links":{"self":[{"href":"https:\/\/www.pacocinillas.es\/tienda\/wp-json\/wp\/v2\/pages\/463","targetHints":{"allow":["GET"]}}],"collection":[{"href":"https:\/\/www.pacocinillas.es\/tienda\/wp-json\/wp\/v2\/pages"}],"about":[{"href":"https:\/\/www.pacocinillas.es\/tienda\/wp-json\/wp\/v2\/types\/page"}],"author":[{"embeddable":true,"href":"https:\/\/www.pacocinillas.es\/tienda\/wp-json\/wp\/v2\/users\/1"}],"replies":[{"embeddable":true,"href":"https:\/\/www.pacocinillas.es\/tienda\/wp-json\/wp\/v2\/comments?post=463"}],"version-history":[{"count":0,"href":"https:\/\/www.pacocinillas.es\/tienda\/wp-json\/wp\/v2\/pages\/463\/revisions"}],"wp:attachment":[{"href":"https:\/\/www.pacocinillas.es\/tienda\/wp-json\/wp\/v2\/media?parent=463"}],"curies":[{"name":"wp","href":"https:\/\/api.w.org\/{rel}","templated":true}]}}